{"id":125,"date":"2013-10-02T22:35:51","date_gmt":"2013-10-02T20:35:51","guid":{"rendered":"http:\/\/www.mindforge.org\/?page_id=125"},"modified":"2018-07-19T00:41:27","modified_gmt":"2018-07-19T00:41:27","slug":"support","status":"publish","type":"page","link":"https:\/\/mindforge.org\/de\/support\/","title":{"rendered":"Support"},"content":{"rendered":"<p>MindForge bietet mehrere Kan\u00e4le, um Benutzer, die Hilfe brauchen zu unterst\u00fctzen. Eine Liste der offiziellen Netzwerk-Kan\u00e4le wird im Folgenden aufgef\u00fchrt.<\/p>\n<p><strong><span style=\"color: #00008b;\">#MindForge<\/span><\/strong><\/p>\n<p>Dies ist die offizielle Support-Kanal von MindForge und es ist f\u00fcr Hilfe \u00fcber Netzwerk-Themen und Server verbindet. Bitte nicht markieren oder \u00f6ffnen Sie private Nachrichten an IRC Operatoren; einfach dem Kanal, geben Sie Ihre Frage oder Ihr Problem und geduldig zu sein.<\/p>\n<p><strong><span style=\"color: #00008b;\">#MindForge-Chat<\/span><\/strong><\/p>\n<p>Die offizielle MindForge Chat-Kanal. Die Benutzer k\u00f6nnen an diesen Kanal, um jede Frage im Zusammenhang mit IRC fragen. Dar\u00fcber hinaus haben wir nicht vergessen, dass IRC for fun ist dieser Kanal so ein sch\u00f6ner Ort, um zu plaudern und Leute zu sein kann.<\/p>\n<p><strong><span style=\"color: #00008b;\">#MindForge-VHosts<\/span><\/strong><\/p>\n<p>Dies ist die offizielle Kanal f\u00fcr virtuelle Host-Anforderungen. \u00dcberpr\u00fcfen Sie die <a title=\"VHosts\" href=\"http:\/\/www.mindforge.org\/de\/vhosts\/\">virtuellen Hosts Politik<\/a> f\u00fcr mehr Informationen.<\/p>","protected":false},"excerpt":{"rendered":"<p>MindForge bietet mehrere Kan\u00e4le, um Benutzer, die Hilfe brauchen zu unterst\u00fctzen. Eine Liste der offiziellen Netzwerk-Kan\u00e4le wird im Folgenden aufgef\u00fchrt. #MindForge Dies ist die offizielle Support-Kanal von MindForge und es ist f\u00fcr Hilfe \u00fcber Netzwerk-Themen und Server verbindet. Bitte nicht &hellip;<\/p>\n<p class=\"read-more\"><a href=\"https:\/\/mindforge.org\/de\/support\/\">Weiterlesen &raquo;<\/a><\/p>\n","protected":false},"author":3,"featured_media":0,"parent":0,"menu_order":0,"comment_status":"closed","ping_status":"open","template":"","meta":[],"_links":{"self":[{"href":"https:\/\/mindforge.org\/de\/wp-json\/wp\/v2\/pages\/125"}],"collection":[{"href":"https:\/\/mindforge.org\/de\/wp-json\/wp\/v2\/pages"}],"about":[{"href":"https:\/\/mindforge.org\/de\/wp-json\/wp\/v2\/types\/page"}],"author":[{"embeddable":true,"href":"https:\/\/mindforge.org\/de\/wp-json\/wp\/v2\/users\/3"}],"replies":[{"embeddable":true,"href":"https:\/\/mindforge.org\/de\/wp-json\/wp\/v2\/comments?post=125"}],"version-history":[{"count":8,"href":"https:\/\/mindforge.org\/de\/wp-json\/wp\/v2\/pages\/125\/revisions"}],"predecessor-version":[{"id":756,"href":"https:\/\/mindforge.org\/de\/wp-json\/wp\/v2\/pages\/125\/revisions\/756"}],"wp:attachment":[{"href":"https:\/\/mindforge.org\/de\/wp-json\/wp\/v2\/media?parent=125"}],"curies":[{"name":"wp","href":"https:\/\/api.w.org\/{rel}","templated":true}]}}