{"id":159,"date":"2013-10-09T16:59:33","date_gmt":"2013-10-09T14:59:33","guid":{"rendered":"http:\/\/www.mindforge.org\/?page_id=159"},"modified":"2018-07-19T01:06:58","modified_gmt":"2018-07-19T01:06:58","slug":"vhosts","status":"publish","type":"page","link":"https:\/\/mindforge.org\/de\/vhosts\/","title":{"rendered":"VHosts"},"content":{"rendered":"<p>Aus Sicherheits-und Datenschutzgr\u00fcnden, verschl\u00fcsseln die MindForge-Server die IP-Adresse und\/oder den Hostnamen aller Benutzer auf das Netzwerk. So k\u00f6nnen nur IRC Operatoren es sehen, wenn es notwendig ist.<br \/>\nDar\u00fcber hinaus bietet unser Netzwerk die M\u00f6glichkeit, vHosts (virtuelle Hosts), zu Nicks zuzuweisen. Dies ist eine Alternative f\u00fcr die Standard-Verschl\u00fcsselung, die die Benutzer ihre eigenen Hostmaske anpassen k\u00f6nnen. Alle vHosts f\u00fcr dieses Netzwerk enden mit dem MindForge.org Domain (z.B. NetAdmin.MindForge.org).<br \/>\nVHosts sind einer bestimmten nick zugeordnet und <span style=\"text-decoration: underline;\">nur ein vHost f\u00fcr jede Gruppe von Kerben ist erlaubt<\/span>. Hier sind drei M\u00f6glichkeiten beschrieben, mit denen Sie einen virtuellen Host zu bekommen.<\/p>\n<p><strong><span style=\"color: #00008b;\">VHosts MindForge f\u00fcr die Teammitglieder<\/span><\/strong><\/p>\n<p>Alle Mitglieder der Netzwerk-Team haben einen vHost zugeordnet , die je nach Status unterschiedlich ist.<\/p>\n<ul>\n<li>NetAdmin.MindForge.org: f\u00fcr Netzwerkadministratoren.<\/li>\n<li>ServicesAdmin.MindForge.org: Dienstleistungen f\u00fcr Administratoren.<\/li>\n<li>Land.IRCOp.MindForge.org: f\u00fcr IRC Operatoren.<\/li>\n<li>MF-Helpers.MindForge.org: MindForge f\u00fcr die Helfer.<\/li>\n<\/ul>\n<p><strong><span style=\"color: #00008b;\">VHosts f\u00fcr regul\u00e4re Kan\u00e4le<\/span><\/strong><\/p>\n<p>Wenn Sie der Gr\u00fcnder eines Kanals sind, k\u00f6nnen Sie auch mit dem Format vHosts <strong>Kanal.MindForge.org<\/strong> (der Name des Kanals <span style=\"text-decoration: underline;\">darf keine Sonderzeichen enthalten<\/span>) f\u00fcr Sie und Ihre Freunde beantragen.<\/p>\n<ul>\n<li>VHosts werden nach einer Frist von zwei Wochen verteilt, wenn ein Bot \u00fcberwacht den Kanal, und berechnet die durchschnittliche Anzahl von Benutzern. Der durchschnittliche Nutzer des Kanals auf #MindForge-VHosts kann mit dem Befehl \"!average #Channel\" \u00fcberpr\u00fcft werden.<\/li>\n<li>Kan\u00e4le mit <span style=\"text-decoration: underline;\">25<\/span>-44 Benutzer <strong>5<\/strong> vHosts und Kan\u00e4le mit <span style=\"text-decoration: underline;\">45<\/span> oder mehr Benutzer, <strong>7<\/strong> vHosts zu bekommen. Die Anzahl der Benutzer <span style=\"text-decoration: underline;\">muss beibehalten werden<\/span>, um die vHosts zu halten.<\/li>\n<li>Anfragen von Kan\u00e4len, die IRC-Klone, BNC oder Proxies verwenden, um die Anzahl der Benutzer zu erh\u00f6hen, <span style=\"text-decoration: underline;\">werden nicht akzeptiert<\/span>.<\/li>\n<li>Unruhe Kan\u00e4le und Nutzer des Netzes nicht in der Lage zu vHosts entscheiden.<\/li>\n<li>Das Personal MindForge beh\u00e4lt sich vor, regelm\u00e4\u00dfig zu \u00fcberpr\u00fcfen, dass die Kan\u00e4le, die vHosts haben im Anschluss an die Netzwerkanforderungen weiter und beseitigen sie, wenn sie es nicht tun.<\/li>\n<\/ul>\n<p>Kontaktieren Sie ein Mitglied der MindForge-Team auf #MindForge-VHosts f\u00fcr weitere Informationen und um den Prozess zu starten.<br \/>\nDenken Sie daran, dass <span style=\"text-decoration: underline;\">alle \u00c4nderungen und \u00dcberpr\u00fcfungen durch den Channel-Founder gef\u00fchrt werden<\/span>. Anfragen von Nutzern, die das Passwort aber nicht der Gr\u00fcnder des Kanals sind, werden ignoriert.<\/p>\n<p><strong><span style=\"color: #00008b;\">VHosts f\u00fcr Kan\u00e4le mit Projekten<\/span><\/strong><\/p>\n<p>Die Mitglieder der Projekte, die f\u00fcr das Wachstum des Netzwerks beitragen, k\u00f6nnen auch virtuelle Hosts beantragen. Das vHost Format wird im gleichen Format wie normale Kan\u00e4le sein.<br \/>\nDie Projekt-Administrator sind in der Lage, auf #MindForge-VHosts zu verlangen (je einen virtuellen Host f\u00fcr jedes Mitglied des Teams).<br \/>\n<strong>Wichtig<\/strong>: Das Projekt muss von den Netzwerkadministratoren genehmigt werden, wie in den Bedingungen f\u00fcr die Open-Source-Projekte und andere Gemeinden erkl\u00e4rt wird. Pr\u00fcfen der Projekte-Seite f\u00fcr weitere Informationen.<\/p>","protected":false},"excerpt":{"rendered":"<p>Aus Sicherheits-und Datenschutzgr\u00fcnden, verschl\u00fcsseln die MindForge-Server die IP-Adresse und\/oder den Hostnamen aller Benutzer auf das Netzwerk. So k\u00f6nnen nur IRC Operatoren es sehen, wenn es notwendig ist. Dar\u00fcber hinaus bietet unser Netzwerk die M\u00f6glichkeit, vHosts (virtuelle Hosts), zu Nicks zuzuweisen. &hellip;<\/p>\n<p class=\"read-more\"><a href=\"https:\/\/mindforge.org\/de\/vhosts\/\">Weiterlesen &raquo;<\/a><\/p>\n","protected":false},"author":3,"featured_media":0,"parent":0,"menu_order":0,"comment_status":"closed","ping_status":"open","template":"","meta":[],"_links":{"self":[{"href":"https:\/\/mindforge.org\/de\/wp-json\/wp\/v2\/pages\/159"}],"collection":[{"href":"https:\/\/mindforge.org\/de\/wp-json\/wp\/v2\/pages"}],"about":[{"href":"https:\/\/mindforge.org\/de\/wp-json\/wp\/v2\/types\/page"}],"author":[{"embeddable":true,"href":"https:\/\/mindforge.org\/de\/wp-json\/wp\/v2\/users\/3"}],"replies":[{"embeddable":true,"href":"https:\/\/mindforge.org\/de\/wp-json\/wp\/v2\/comments?post=159"}],"version-history":[{"count":9,"href":"https:\/\/mindforge.org\/de\/wp-json\/wp\/v2\/pages\/159\/revisions"}],"predecessor-version":[{"id":758,"href":"https:\/\/mindforge.org\/de\/wp-json\/wp\/v2\/pages\/159\/revisions\/758"}],"wp:attachment":[{"href":"https:\/\/mindforge.org\/de\/wp-json\/wp\/v2\/media?parent=159"}],"curies":[{"name":"wp","href":"https:\/\/api.w.org\/{rel}","templated":true}]}}