{"id":191,"date":"2013-10-19T02:52:14","date_gmt":"2013-10-19T00:52:14","guid":{"rendered":"http:\/\/www.mindforge.org\/?page_id=191"},"modified":"2018-07-19T00:21:57","modified_gmt":"2018-07-19T00:21:57","slug":"contact-us","status":"publish","type":"page","link":"https:\/\/mindforge.org\/de\/contact-us\/","title":{"rendered":"Kontaktieren Sie uns"},"content":{"rendered":"<p>Es gibt verschiedene M\u00f6glichkeiten, wie Sie an die MindForge-Teammitglieder herantreten k\u00f6nnen. W\u00e4hlen Sie die am besten geeignete Methode je nach Grund, warum Sie mit uns in Kontakt treten wollen.<\/p>\n<p><strong><span style=\"color: #00008b;\">IRC-Unterst\u00fctzung<br \/>\n<\/span><\/strong><\/p>\n<p>Bitte lesen Sie die <a title=\"Support\" href=\"http:\/\/www.mindforge.org\/de\/support\/\">Support<\/a>-Seite, um mehr \u00fcber die Hilfe-Optionen zu lernen.<\/p>\n<p><a name=\"banned\"><\/a><strong><span style=\"color: #00008b;\">Wenn was verboten ist?<br \/>\n<\/span><\/strong><\/p>\n<p>Wenn Sie denken, Sie wurden aus dem Netzwerk versehentlich verbannt, k\u00f6nnen Sie uns per E-Mail an <img decoding=\"async\" loading=\"lazy\" id=\"imgmail\" class=\"alignnone\" src=\"http:\/\/www.mindforge.org\/wp-content\/themes\/zbench\/images\/akill.gif\" alt=\"\" width=\"120\" height=\"17\" \/> schildern, was passiert ist. Denken Sie daran, dass die folgenden Informationen in der Nachricht enthalten sind, um das Problem zu l\u00f6sen:<\/p>\n<ul style=\"text-align: justify;\">\n<li><strong>Nick<\/strong>.<\/li>\n<li><strong>IP<\/strong>-Adresse.<\/li>\n<li><strong>Datum und Zeit<\/strong>, als das Verbot eingestellt wurde (einschlie\u00dflich Ihrer Zeitzone oder Land).<\/li>\n<li><strong>Grund<\/strong> f\u00fcr das Verbot in dem Verbot Nachricht enthalten.<\/li>\n<li><strong>Wer<\/strong> hat das Verbot erlassen (wenn Sie wissen, oder Sie haben eine bestimmte Idee).<\/li>\n<li><strong>Was Sie tun werden<\/strong>, falls dieses wieder geschieht.<\/li>\n<\/ul>\n<p><strong><span style=\"color: #00008b;\">Andere Netzwerk-Anliegen<br \/>\n<\/span><\/strong><\/p>\n<p>Wenn Sie einen Netzwerkadministrator ben\u00f6tigen, senden Sie bitte eine E-Mail an <img decoding=\"async\" loading=\"lazy\" id=\"imgmail\" class=\"alignnone\" src=\"http:\/\/www.mindforge.org\/wp-content\/themes\/zbench\/images\/contact.gif\" alt=\"\" width=\"143\" height=\"17\" \/>.<\/p>","protected":false},"excerpt":{"rendered":"<p>Es gibt verschiedene M\u00f6glichkeiten, wie Sie an die MindForge-Teammitglieder herantreten k\u00f6nnen. W\u00e4hlen Sie die am besten geeignete Methode je nach Grund, warum Sie mit uns in Kontakt treten wollen. IRC-Unterst\u00fctzung Bitte lesen Sie die Support-Seite, um mehr \u00fcber die Hilfe-Optionen &hellip;<\/p>\n<p class=\"read-more\"><a href=\"https:\/\/mindforge.org\/de\/contact-us\/\">Weiterlesen &raquo;<\/a><\/p>\n","protected":false},"author":3,"featured_media":0,"parent":0,"menu_order":0,"comment_status":"closed","ping_status":"open","template":"","meta":[],"_links":{"self":[{"href":"https:\/\/mindforge.org\/de\/wp-json\/wp\/v2\/pages\/191"}],"collection":[{"href":"https:\/\/mindforge.org\/de\/wp-json\/wp\/v2\/pages"}],"about":[{"href":"https:\/\/mindforge.org\/de\/wp-json\/wp\/v2\/types\/page"}],"author":[{"embeddable":true,"href":"https:\/\/mindforge.org\/de\/wp-json\/wp\/v2\/users\/3"}],"replies":[{"embeddable":true,"href":"https:\/\/mindforge.org\/de\/wp-json\/wp\/v2\/comments?post=191"}],"version-history":[{"count":25,"href":"https:\/\/mindforge.org\/de\/wp-json\/wp\/v2\/pages\/191\/revisions"}],"predecessor-version":[{"id":749,"href":"https:\/\/mindforge.org\/de\/wp-json\/wp\/v2\/pages\/191\/revisions\/749"}],"wp:attachment":[{"href":"https:\/\/mindforge.org\/de\/wp-json\/wp\/v2\/media?parent=191"}],"curies":[{"name":"wp","href":"https:\/\/api.w.org\/{rel}","templated":true}]}}