{"id":292,"date":"2013-11-24T19:00:17","date_gmt":"2013-11-24T18:00:17","guid":{"rendered":"http:\/\/www.mindforge.org\/?page_id=292"},"modified":"2018-07-19T01:17:36","modified_gmt":"2018-07-19T01:17:36","slug":"faqs","status":"publish","type":"page","link":"https:\/\/mindforge.org\/de\/faqs\/","title":{"rendered":"FAQs"},"content":{"rendered":"<p><\/p>\n<ul>\n<li>1. <a href=\"#1\">Wie registriere ich meinen Nicknamen?<\/a><\/li>\n<li>2. <a href=\"#2\">Ich habe meinen Benutzernamen registriert, aber wie kann ich mich jedes Mal anmelden\/identifizieren?<\/a><\/li>\n<li>3. <a href=\"#3\">Ich habe meinen Benutzernamen\/Passwort vergessen!<\/a><\/li>\n<li>4. <a href=\"#4\">Ich wurde vom Netzwerk getrennt, aber mein Nickname ist noch in Benutzung. Was kann ich tun?<\/a><\/li>\n<li>5. <a href=\"#5\">Wie registriere ich einen Channel?<\/a><\/li>\n<li>6. <a href=\"#6\">Wie setze ich ein Topic in meinem Channel?<\/a><\/li>\n<li>7. <a href=\"#7\">Wie weise ich meinem Channel einen Bot zu?<\/a><\/li>\n<li>8. <a href=\"#8\">Wie kann ich daf\u00fcr sorgen, dass andere Nutzer automatisch einen Status erhalten, wenn sie meinen Channel betreten?<\/a><\/li>\n<li>9. <a href=\"#9\">Wie bekomme ich einen vHost f\u00fcr meinen Nicknamen?<\/a><\/li>\n<li>10. <a href=\"#10\">Ich wurde aus dem Netz verbannt. Wie kann ich einen Netzwerkadministrator kontaktieren?<\/a><\/li>\n<\/ul>\n<p><a name=\"1\"><\/a><span style=\"color: #00008b;\"><strong>1. Wie registriere ich meinen Nicknamen?<br \/>\n<\/strong><\/span><\/p>\n<blockquote><p>Um einen Nick zu registrieren, tippe <code><strong>\/msg NickServ REGISTER<\/strong> <em>Passwort<\/em> <em>E-Mail<\/em><\/code>. Ersetze Passwort durch ein <em>Passwort<\/em>, welches Du f\u00fcr deinen Nick benutzen m\u00f6chtest und <em>E-Mail<\/em> durch eine g\u00fcltige E-Mail-Adresse.<\/p>\n<p>Nach Ausf\u00fchren des Befehls erh\u00e4ltst Du eine E-Mail mit einem Passcode, welcher f\u00fcr die Vervollst\u00e4ndigung des Registrierungsvorganges ben\u00f6tigt wird. Um deinen Account zu best\u00e4tigen, tippe <code><strong>\/msg Nickserv CONFIRM<\/strong> <em>Passcode<\/em><\/code>. Ersetze <em>Passcode<\/em> durch den Passcode, welchen Du erhalten hast.<\/p>\n<p><strong>Wichtig<\/strong>: Der Nickname wird automatisch verfallen, falls Du deinen Account nicht innerhalb von 24 Stunden best\u00e4tigst.<\/p><\/blockquote>\n<p><a name=\"2\"><\/a><span style=\"color: #00008b;\"><strong>2. Ich habe meinen Benutzernamen registriert, aber wie kann ich mich jedes Mal anmelden\/identifizieren?<br \/>\n<\/strong><\/span><\/p>\n<blockquote><p>Um sich mit Ihrem Nicknamen zu identifizieren, tippen Sie <code><strong>\/msg NickServ IDENTIFY<\/strong> <em>Passwort<\/em><\/code> zu identifizieren.<\/p><\/blockquote>\n<p><a name=\"3\"><\/a><span style=\"color: #00008b;\"><strong>3. Ich habe meinen Benutzernamen\/Passwort vergessen!<br \/>\n<\/strong><\/span><\/p>\n<blockquote><p>Falls Du dein Passwort vergessen hast, tippe <code><strong>\/msg Nickserv RESETPASS<\/strong> <em>Nickname<\/em> <em>E-Mail<\/em><\/code>. Ersetzte <em>E-Mail<\/em> durch die E-Mail, welche mit deinem <em>Nicknamen<\/em> verkn\u00fcpft ist.<\/p>\n<p>Nach Ausf\u00fchren des Befehls erh\u00e4ltst Du eine E-Mail mit einem Passcode, welcher f\u00fcr den Reset deines Passwortes ben\u00f6tigt wird. Um deinen Account zu best\u00e4tigen, tippe <code><strong>\/msg nickserv CONFIRM<\/strong> <em>Nickname<\/em> <em>Passcode<\/em><\/code>. Ersetze <em>Passcode<\/em> durch den Passcode, welchen Du erhalten hast.<\/p>\n<p>Zum Schluss wechsle dein Passwort, indem du <code><strong>\/msg NickServ SET PASSWORD<\/strong> <em>Passwort<\/em><\/code> tippst. Ersetze <em>Passwort<\/em> durch das neue Passwort, welches Du f\u00fcr deinen neuen Nick benutzen m\u00f6chtest.<\/p><\/blockquote>\n<p><a name=\"4\"><\/a><span style=\"color: #00008b;\"><strong>4. Ich wurde vom Netzwerk getrennt, aber mein Nickname ist noch in Benutzung. Was kann ich tun?<br \/>\n<\/strong><\/span><\/p>\n<blockquote><p>Du kannst deinen Nicknamen mittels tippen von <code><strong>\/msg NickServ GHOST<\/strong> <em>Nickname<\/em> <em>Passwort<\/em><\/code> wieder zur\u00fcckbekommen.<\/p><\/blockquote>\n<p><a name=\"5\"><\/a><span style=\"color: #00008b;\"><strong>5. Wie registriere ich einen Channel?<br \/>\n<\/strong><\/span><\/p>\n<blockquote><p>Um einen Channel zu registrieren, musst du diesen erst betreten und Operatorenstatus erhalten (+o oder @). Dann tippe <code><strong>\/msg ChanServ REGISTER_NEW<\/strong> <em>#Channel<\/em> <em>Beschreibung<\/em><\/code>. Tippe den <em>#Channel<\/em> Namen und eine kurze <em>Beschreibung<\/em>, welche in der Information des Channels angezeigt wird.<\/p><\/blockquote>\n<p><a name=\"6\"><\/a><span style=\"color: #00008b;\"><strong>6. Wie setze ich ein Topic in meinem Channel?<br \/>\n<\/strong><\/span><\/p>\n<blockquote><p>Um das Topic in deinem Channel zu setzen, tippe <code><strong>\/TOPIC<\/strong> <em>#Channel<\/em> <em>Topic<\/em><\/code>.<\/p>\n<p>Optional kannst Du das Topic vor ungewollten \u00c4nderungen mit der LOCK Option sch\u00fctzen. Tippe <code><strong>\/msg ChanServ TOPIC<\/strong> <em>#Channel<\/em> <em>LOCK<\/em><\/code> um den Schutz zu aktivieren und <code><strong>\/msg ChanServ TOPIC<\/strong> <em>#Channel<\/em> <strong>UNLOCK<\/strong><\/code>, um diesen zu deaktivieren.<\/p>\n<p><strong>Info<\/strong>: Der Channelfounder kann das Topic \u00e4ndern, auch wenn der Schutz via <code><strong>\/msg ChanServ TOPIC <\/strong><em>#Channel<\/em><strong> SET<\/strong> <em>Topic<\/em><\/code> aktiviert ist.<\/p><\/blockquote>\n<p><a name=\"7\"><\/a><span style=\"color: #00008b;\"><strong>7. Wie weise ich meinem Channel einen Bot zu?<br \/>\n<\/strong><\/span><\/p>\n<blockquote><p>Um Ihrem Channel einen Bot zuzuweisen, tippen Sie <code><strong>\/msg BotServ ASSIGN<\/strong> <em>#Channel<\/em> <em>BotName<\/em><\/code>. Um eine Liste der verf\u00fcgbaren Bots zu erhalten, tippen Sie <strong><code>\/msg BotServ BOTLIST<\/code><\/strong>, um diese sehen zu k\u00f6nnen.<\/p><\/blockquote>\n<p><a name=\"8\"><\/a><span style=\"color: #00008b;\"><strong>8. Wie kann ich daf\u00fcr sorgen, dass andere Nutzer automatisch einen Status erhalten, wenn sie meinen Channel betreten?<br \/>\n<\/strong><\/span><\/p>\n<blockquote><p>Um anderen Nutzern automatisch beim Betreten deines Channels einen Status zu geben, kann zwischen zwei der meist benutzten M\u00f6glichkeiten gew\u00e4hlt werden:<\/p>\n<p><strong>a)<\/strong> Hinzuf\u00fcgen eines registrierten Nicks zur Accessliste des Channels durch tippen von <code><strong>\/msg ChanServ ACCESS<\/strong> <em>#Channel<\/em> <strong>ADD<\/strong> <em>Nickname<\/em> <em>Level<\/em><\/code>.<br \/>\n<strong>b)<\/strong> Hinzuf\u00fcgen einer Hostmaske (nick!ident@hostname) zur Accessliste des Channels durch tippen von <code><strong>\/msg ChanServ ACCESS<\/strong> <em>#Channel<\/em> <strong>ADD<\/strong> <em>Hostmaske<\/em> <em>Level<\/em><\/code>. Wenn man diese Hostmaske hinzuf\u00fcgt, k\u00f6nnen Nutzer den Channel betreten und durch Zutreffen der angewandten Regel wird der Level automatisch zugewiesen.<\/p>\n<p>Jeder Level beinhaltet unterschiedliche Rechte. Hier ist eine Liste mit den meist benutzten Levels in durchschnittlichen Channel-Einstellungen:<\/p>\n<ul>\n<li><strong>3<\/strong>: Der Nutzer wird automatisch Voice-Status (+v oder +) beim Betreten erhalten.<\/li>\n<li><strong>4<\/strong>: Der Nutzer wird automatisch half-op (+h oder %) beim Betreten erhalten.<\/li>\n<li><strong>5<\/strong>: Der Nutzer wird automatisch op (+o oder @) beim Betreten erhalten.<\/li>\n<li><strong>10<\/strong>: Der Nutzer wird automatisch op und Protect (+oa oder &amp;) beim Betreten erhalten.<\/li>\n<li><strong>10000<\/strong>: Der Nutzer wird automatisch Owner (+q oder ~) Status mit Founder-Berechtigungen beim Betreten erhalten.<\/li>\n<\/ul>\n<p>Man kann \u00fcberpr\u00fcfen, welcher Level f\u00fcr jeden Befehl oder Berechtigung mittels tippen von <code><strong>\/msg ChanServ LEVELS<\/strong> <em>#Channel<\/em> <strong>LIST<\/strong><\/code> gefordert wird. Die Levels sind auch editierbar, tippen Sie <strong><code>\/msg ChanServ HELP LEVELS<\/code><\/strong>, um mehr dar\u00fcber zu erfahren.<\/p>\n<p>Um die Accessliste des Channels anzeigen zu lassen, tippe <strong><code>\/msg ChanServ ACCESS LIST<\/code><\/strong>.<\/p>\n<p><strong>Info<\/strong>: Hinzuf\u00fcgen von Hostmask-Regeln ist nur bestimmten Nutzern vorenthalten.<\/p><\/blockquote>\n<p><a name=\"9\"><\/a><span style=\"color: #00008b;\"><strong>9. Wie bekomme ich einen vHost f\u00fcr meinen Nicknamen?<br \/>\n<\/strong><\/span><\/p>\n<blockquote><p>Es gibt drei M\u00f6glichkeiten , mit denen Sie einen virtuellen Host f\u00fcr Ihren Nicknamen erhalten. Besuchen Sie die Seite <a title=\"VHosts\" href=\"http:\/\/www.mindforge.org\/de\/vhosts\/\">vHosts<\/a>, dort finden Sie alle weiteren Informationen.<\/p><\/blockquote>\n<p><a name=\"10\"><\/a><span style=\"color: #00008b;\"><strong>10. Ich wurde aus dem Netz verbannt. Wie kann ich einen Netzwerkadministrator kontaktieren?<br \/>\n<\/strong><\/span><\/p>\n<blockquote><p>Bitte lesen Sie <a title=\"Kontaktieren Sie uns\" href=\"http:\/\/www.mindforge.org\/de\/contact-us\/\">hier<\/a> weiter, um mehr dar\u00fcber zu erfahren.<\/p><\/blockquote>\n<p><\/p>","protected":false},"excerpt":{"rendered":"<p>1. Wie registriere ich meinen Nicknamen? 2. Ich habe meinen Benutzernamen registriert, aber wie kann ich mich jedes Mal anmelden\/identifizieren? 3. Ich habe meinen Benutzernamen\/Passwort vergessen! 4. Ich wurde vom Netzwerk getrennt, aber mein Nickname ist noch in Benutzung. Was &hellip;<\/p>\n<p class=\"read-more\"><a href=\"https:\/\/mindforge.org\/de\/faqs\/\">Weiterlesen &raquo;<\/a><\/p>\n","protected":false},"author":3,"featured_media":0,"parent":0,"menu_order":0,"comment_status":"closed","ping_status":"open","template":"","meta":[],"_links":{"self":[{"href":"https:\/\/mindforge.org\/de\/wp-json\/wp\/v2\/pages\/292"}],"collection":[{"href":"https:\/\/mindforge.org\/de\/wp-json\/wp\/v2\/pages"}],"about":[{"href":"https:\/\/mindforge.org\/de\/wp-json\/wp\/v2\/types\/page"}],"author":[{"embeddable":true,"href":"https:\/\/mindforge.org\/de\/wp-json\/wp\/v2\/users\/3"}],"replies":[{"embeddable":true,"href":"https:\/\/mindforge.org\/de\/wp-json\/wp\/v2\/comments?post=292"}],"version-history":[{"count":49,"href":"https:\/\/mindforge.org\/de\/wp-json\/wp\/v2\/pages\/292\/revisions"}],"predecessor-version":[{"id":759,"href":"https:\/\/mindforge.org\/de\/wp-json\/wp\/v2\/pages\/292\/revisions\/759"}],"wp:attachment":[{"href":"https:\/\/mindforge.org\/de\/wp-json\/wp\/v2\/media?parent=292"}],"curies":[{"name":"wp","href":"https:\/\/api.w.org\/{rel}","templated":true}]}}