{"id":51,"date":"2013-09-26T22:32:24","date_gmt":"2013-09-26T20:32:24","guid":{"rendered":"http:\/\/www.mindforge.org\/?page_id=51"},"modified":"2018-07-19T00:19:17","modified_gmt":"2018-07-19T00:19:17","slug":"about-mf","status":"publish","type":"page","link":"https:\/\/mindforge.org\/de\/about-mf\/","title":{"rendered":"\u00dcber MindForge"},"content":{"rendered":"<p>Das <strong>MindForge<\/strong> Netzwerk ist am 15. M\u00e4rz 2005 entstanden. Es existiert \u00fcberwiegend aus dem Grund, freie Softwareprojekte zur Verf\u00fcgung zu stellen und ein Umfeld, wo Mitglieder sich dar\u00fcber austauschen k\u00f6nnen. Es bietet auch Platz, um Chatter anzutreffen.<\/p>\n<p>Alle illegalen und kommerziellen Aktivit\u00e4ten wie Warez, XDCC, FTP, Hax0r und antisoziales Verhalten sind auf diesem Netzwerk verboten.<\/p>\n<p>Hier treffen sie auf ein freundliches Mindforge IRC-Netzwerk. Wir hoffen, dass Sie ihren Aufenthalt <span style=\"text-decoration: underline;\">genie\u00dfen<\/span>. Willkommen &amp; viel Spa\u00df! :D<\/p>","protected":false},"excerpt":{"rendered":"<p>Das MindForge Netzwerk ist am 15. M\u00e4rz 2005 entstanden. Es existiert \u00fcberwiegend aus dem Grund, freie Softwareprojekte zur Verf\u00fcgung zu stellen und ein Umfeld, wo Mitglieder sich dar\u00fcber austauschen k\u00f6nnen. Es bietet auch Platz, um Chatter anzutreffen. Alle illegalen und &hellip;<\/p>\n<p class=\"read-more\"><a href=\"https:\/\/mindforge.org\/de\/about-mf\/\">Weiterlesen &raquo;<\/a><\/p>\n","protected":false},"author":3,"featured_media":0,"parent":0,"menu_order":0,"comment_status":"closed","ping_status":"open","template":"","meta":[],"_links":{"self":[{"href":"https:\/\/mindforge.org\/de\/wp-json\/wp\/v2\/pages\/51"}],"collection":[{"href":"https:\/\/mindforge.org\/de\/wp-json\/wp\/v2\/pages"}],"about":[{"href":"https:\/\/mindforge.org\/de\/wp-json\/wp\/v2\/types\/page"}],"author":[{"embeddable":true,"href":"https:\/\/mindforge.org\/de\/wp-json\/wp\/v2\/users\/3"}],"replies":[{"embeddable":true,"href":"https:\/\/mindforge.org\/de\/wp-json\/wp\/v2\/comments?post=51"}],"version-history":[{"count":5,"href":"https:\/\/mindforge.org\/de\/wp-json\/wp\/v2\/pages\/51\/revisions"}],"predecessor-version":[{"id":747,"href":"https:\/\/mindforge.org\/de\/wp-json\/wp\/v2\/pages\/51\/revisions\/747"}],"wp:attachment":[{"href":"https:\/\/mindforge.org\/de\/wp-json\/wp\/v2\/media?parent=51"}],"curies":[{"name":"wp","href":"https:\/\/api.w.org\/{rel}","templated":true}]}}