{"id":63,"date":"2013-09-27T00:44:45","date_gmt":"2013-09-26T22:44:45","guid":{"rendered":"http:\/\/www.mindforge.org\/?page_id=63"},"modified":"2018-07-19T00:38:18","modified_gmt":"2018-07-19T00:38:18","slug":"servers","status":"publish","type":"page","link":"https:\/\/mindforge.org\/de\/servers\/","title":{"rendered":"Servers"},"content":{"rendered":"<p><span style=\"color: #00008b;\"><strong>Verbindung<br \/>\n<\/strong><\/span><\/p>\n<p>Um zu MindForge zu verbinden, empfehlen wir Ihnen die Hauptserveradresse:<\/p>\n<ul>\n<li><a href=\"irc:\/\/irc.mindforge.org\">irc.MindForge.org<\/a><\/li>\n<\/ul>\n<p>All unsere Server sind \u00fcber die Ports <strong>6667<\/strong> und <strong>6669 <\/strong>erreichbar und f\u00fcr <a href=\"#ssl\">SSL<\/a> unter dem Port <strong>6697<\/strong> erreichbar. Derzeit wird nur <strong>IPv4<\/strong> unterst\u00fctzt.<br \/>\nDie maximale Anzahl an Verbindungen pro IP liegt bei <strong>3<\/strong>. Es ist jedoch m\u00f6glich, diese Anzahl f\u00fcr statistische IPs <span style=\"text-decoration: underline;\">in besonderen F\u00e4llen<\/span> im Hilfechannel zu erh\u00f6hen (BNCs, shells etc.).<\/p>\n<p><span style=\"color: #00008b;\"><strong>Mitwirken<br \/>\n<\/strong><\/span><\/p>\n<p>Wenn Sie daran interessiert sind, einen Server zu MindForge zu linken, schauen Sie bitte in unsere <a title=\"Linking\" href=\"http:\/\/www.mindforge.org\/linking\/de\/\">Verkn\u00fcpfungsanleitung<\/a>.<\/p>\n<p><span style=\"color: #00008b;\"><strong>Proxyscanner<br \/>\n<\/strong><\/span><\/p>\n<p>Alle Verbindungen zu diesem Netzwerk werden gescannt, um andere Arten von unsicheren Verbindungen zu \u00fcberpr\u00fcfen. Wenn Sie damit nicht einverstanden sind, werden sie automatisch vom Netzwerk getrennt.<br \/>\nOffene Proxys sind automatisch verboten. Wenn Sie meinen, dass dieses Verbot nicht auf Sie zutrifft, dann lassen Sie uns dieses wissen, indem Sie auf den Link klicken.<\/p>\n<p><a name=\"ssl\"><\/a><span style=\"color: #00008b;\"><strong>SSL<br \/>\n<\/strong><\/span><\/p>\n<p>SSL ist ein kryptografisches Protokoll, das sichere Kommunikation \u00fcber das Internet kann. Sie k\u00f6nnen an unserem IRC-Netzwerk \u00fcber eine verschl\u00fcsselte Verbindung \u00fcber Port <strong>6697<\/strong> verbinden. Die meisten IRC-Clients unterst\u00fctzen SSL (zB mIRC, XChat, KVIrc), aber manchmal muss es installiert werden.<br \/>\n<strong>OpenSSL<\/strong>-Versionen f\u00fcr <span style=\"text-decoration: underline;\">Windows<\/span>-Anwender sind in <a href=\"http:\/\/slproweb.com\/products\/Win32OpenSSL.html\" target=\"_blank\" rel=\"noopener\">hier<\/a>. <span style=\"text-decoration: underline;\">Linux<\/span>-Anwender m\u00fcssen \u00fcberpr\u00fcfen, ob es installiert ist und wenn ja, ist zu pr\u00fcfen, ob es die aktuelle Version ist. Quellen k\u00f6nnen <a href=\"http:\/\/www.openssl.org\/source\/\" target=\"_blank\" rel=\"noopener\">hier<\/a> gefunden werden.<\/p>","protected":false},"excerpt":{"rendered":"<p>Verbindung Um zu MindForge zu verbinden, empfehlen wir Ihnen die Hauptserveradresse: irc.MindForge.org All unsere Server sind \u00fcber die Ports 6667 und 6669 erreichbar und f\u00fcr SSL unter dem Port 6697 erreichbar. Derzeit wird nur IPv4 unterst\u00fctzt. Die maximale Anzahl an &hellip;<\/p>\n<p class=\"read-more\"><a href=\"https:\/\/mindforge.org\/de\/servers\/\">Weiterlesen &raquo;<\/a><\/p>\n","protected":false},"author":3,"featured_media":0,"parent":0,"menu_order":0,"comment_status":"closed","ping_status":"open","template":"","meta":[],"_links":{"self":[{"href":"https:\/\/mindforge.org\/de\/wp-json\/wp\/v2\/pages\/63"}],"collection":[{"href":"https:\/\/mindforge.org\/de\/wp-json\/wp\/v2\/pages"}],"about":[{"href":"https:\/\/mindforge.org\/de\/wp-json\/wp\/v2\/types\/page"}],"author":[{"embeddable":true,"href":"https:\/\/mindforge.org\/de\/wp-json\/wp\/v2\/users\/3"}],"replies":[{"embeddable":true,"href":"https:\/\/mindforge.org\/de\/wp-json\/wp\/v2\/comments?post=63"}],"version-history":[{"count":9,"href":"https:\/\/mindforge.org\/de\/wp-json\/wp\/v2\/pages\/63\/revisions"}],"predecessor-version":[{"id":754,"href":"https:\/\/mindforge.org\/de\/wp-json\/wp\/v2\/pages\/63\/revisions\/754"}],"wp:attachment":[{"href":"https:\/\/mindforge.org\/de\/wp-json\/wp\/v2\/media?parent=63"}],"curies":[{"name":"wp","href":"https:\/\/api.w.org\/{rel}","templated":true}]}}