{"id":74,"date":"2013-09-27T15:52:45","date_gmt":"2013-09-27T13:52:45","guid":{"rendered":"http:\/\/www.mindforge.org\/?page_id=74"},"modified":"2018-07-19T00:40:10","modified_gmt":"2018-07-19T00:40:10","slug":"services","status":"publish","type":"page","link":"https:\/\/mindforge.org\/de\/services\/","title":{"rendered":"Services"},"content":{"rendered":"<p><span style=\"color: #00008b;\"><strong>Anope<br \/>\n<\/strong><\/span><\/p>\n<p>Das Mindforge-Netzwerk arbeitet derzeit mit den Anope Serviceleistungen.<\/p>\n<ul>\n<li><strong>NickServ<\/strong>: F\u00fcr die Registrierung und Pflege von Nicknamen.<\/li>\n<li><strong>ChanServ<\/strong>: F\u00fcr das Registrieren und Kontrollieren von verschiedenen Aspekten der Kan\u00e4le.<\/li>\n<li><strong>MemoServ<\/strong>: erlaubt Benutzern, Nachrichten an andere Benutzer und Kan\u00e4le zu senden.<\/li>\n<li><strong>HostServ<\/strong>: verwaltet die virtuellen Hosts.<\/li>\n<li><strong>BotServ<\/strong>: verwaltet die Bots.<\/li>\n<li><strong>OperServ<\/strong>: f\u00fcr die Verwaltung des Netzwerks (nur f\u00fcr Netzwerkmitarbeiter verf\u00fcgbar).<\/li>\n<\/ul>\n<p>F\u00fcr mehr Hilfe und Informationen tippen Sie \"\/msg HELP <em>ServicesName<\/em>\" oder besuchen Sie die <a href=\"https:\/\/wiki.anope.org\/index.php\/2.0\/Modules\" target=\"_blank\" rel=\"noopener\">Online-Anleitung<\/a> auf der Homepage von Anope.<\/p>","protected":false},"excerpt":{"rendered":"<p>Anope Das Mindforge-Netzwerk arbeitet derzeit mit den Anope Serviceleistungen. NickServ: F\u00fcr die Registrierung und Pflege von Nicknamen. ChanServ: F\u00fcr das Registrieren und Kontrollieren von verschiedenen Aspekten der Kan\u00e4le. MemoServ: erlaubt Benutzern, Nachrichten an andere Benutzer und Kan\u00e4le zu senden. HostServ: &hellip;<\/p>\n<p class=\"read-more\"><a href=\"https:\/\/mindforge.org\/de\/services\/\">Weiterlesen &raquo;<\/a><\/p>\n","protected":false},"author":3,"featured_media":0,"parent":0,"menu_order":0,"comment_status":"closed","ping_status":"open","template":"","meta":[],"_links":{"self":[{"href":"https:\/\/mindforge.org\/de\/wp-json\/wp\/v2\/pages\/74"}],"collection":[{"href":"https:\/\/mindforge.org\/de\/wp-json\/wp\/v2\/pages"}],"about":[{"href":"https:\/\/mindforge.org\/de\/wp-json\/wp\/v2\/types\/page"}],"author":[{"embeddable":true,"href":"https:\/\/mindforge.org\/de\/wp-json\/wp\/v2\/users\/3"}],"replies":[{"embeddable":true,"href":"https:\/\/mindforge.org\/de\/wp-json\/wp\/v2\/comments?post=74"}],"version-history":[{"count":7,"href":"https:\/\/mindforge.org\/de\/wp-json\/wp\/v2\/pages\/74\/revisions"}],"predecessor-version":[{"id":755,"href":"https:\/\/mindforge.org\/de\/wp-json\/wp\/v2\/pages\/74\/revisions\/755"}],"wp:attachment":[{"href":"https:\/\/mindforge.org\/de\/wp-json\/wp\/v2\/media?parent=74"}],"curies":[{"name":"wp","href":"https:\/\/api.w.org\/{rel}","templated":true}]}}