{"id":125,"date":"2013-10-02T22:35:51","date_gmt":"2013-10-02T20:35:51","guid":{"rendered":"http:\/\/www.mindforge.org\/?page_id=125"},"modified":"2018-07-19T00:41:27","modified_gmt":"2018-07-19T00:41:27","slug":"support","status":"publish","type":"page","link":"https:\/\/mindforge.org\/es\/support\/","title":{"rendered":"Soporte"},"content":{"rendered":"<p>MindForge proporciona varios canales para dar soporte a los usuarios que necesitan ayuda. A continuaci\u00f3n se detalla una lista de los canales oficiales de la red.<\/p>\n<p><strong><span style=\"color: #00008b;\">#MindForge<\/span><\/strong><\/p>\n<p>Este es el canal oficial de soporte de MindForge y est\u00e1 disponible para ayuda sobre problemas relacionados con la red y vinculaci\u00f3n de servidores. Por favor, no nombres o env\u00edes mensajes privados a los operadores de IRC; simplemente entra en el canal, exp\u00f3n tu duda o problema y s\u00e9 paciente.<\/p>\n<p><strong><span style=\"color: #00008b;\">#MindForge-Chat<\/span><\/strong><\/p>\n<p>El canal oficial de chat de MindForge. Los usuarios pueden entrar a este canal para preguntar cualquier cuesti\u00f3n relacionada con el IRC. Adem\u00e1s, no nos olvidamos de que el IRC es para divertirse y pasar un buen rato as\u00ed que este canal tambi\u00e9n puede ser un buen lugar donde chatear y conocer gente.<\/p>\n<p><strong><span style=\"color: #00008b;\">#MindForge-VHosts<\/span><\/strong><\/p>\n<p>Este es el canal oficial para peticiones de hosts virtuales. Para m\u00e1s informaci\u00f3n lee la <a title=\"VHosts\" href=\"http:\/\/www.mindforge.org\/es\/vhosts\/\">pol\u00edtica de hosts virtuales<\/a>.<\/p>","protected":false},"excerpt":{"rendered":"<p>MindForge proporciona varios canales para dar soporte a los usuarios que necesitan ayuda. A continuaci\u00f3n se detalla una lista de los canales oficiales de la red. #MindForge Este es el canal oficial de soporte de MindForge y est\u00e1 disponible para &hellip;<\/p>\n<p class=\"read-more\"><a href=\"https:\/\/mindforge.org\/es\/support\/\">Leer m\u00e1s &raquo;<\/a><\/p>\n","protected":false},"author":3,"featured_media":0,"parent":0,"menu_order":0,"comment_status":"closed","ping_status":"open","template":"","meta":[],"_links":{"self":[{"href":"https:\/\/mindforge.org\/es\/wp-json\/wp\/v2\/pages\/125"}],"collection":[{"href":"https:\/\/mindforge.org\/es\/wp-json\/wp\/v2\/pages"}],"about":[{"href":"https:\/\/mindforge.org\/es\/wp-json\/wp\/v2\/types\/page"}],"author":[{"embeddable":true,"href":"https:\/\/mindforge.org\/es\/wp-json\/wp\/v2\/users\/3"}],"replies":[{"embeddable":true,"href":"https:\/\/mindforge.org\/es\/wp-json\/wp\/v2\/comments?post=125"}],"version-history":[{"count":8,"href":"https:\/\/mindforge.org\/es\/wp-json\/wp\/v2\/pages\/125\/revisions"}],"predecessor-version":[{"id":756,"href":"https:\/\/mindforge.org\/es\/wp-json\/wp\/v2\/pages\/125\/revisions\/756"}],"wp:attachment":[{"href":"https:\/\/mindforge.org\/es\/wp-json\/wp\/v2\/media?parent=125"}],"curies":[{"name":"wp","href":"https:\/\/api.w.org\/{rel}","templated":true}]}}