{"id":148,"date":"2013-10-04T15:43:51","date_gmt":"2013-10-04T13:43:51","guid":{"rendered":"http:\/\/www.mindforge.org\/?page_id=148"},"modified":"2018-07-19T00:32:44","modified_gmt":"2018-07-19T00:32:44","slug":"rules","status":"publish","type":"page","link":"https:\/\/mindforge.org\/es\/rules\/","title":{"rendered":"Reglas"},"content":{"rendered":"<p>Para permanecer en MindForge debes seguir todas las reglas de la red. El incumplimiento reiterado de estas normas comportar\u00e1 la prohibici\u00f3n del acceso a la red.<\/p>\n<p>Si una norma no est\u00e1 clara en una determinada situaci\u00f3n, el staff de la red tomar\u00e1 la decisi\u00f3n m\u00e1s apropiada para solucionar el problema. Por favor, no creas que puedes saltarte estas reglas interpret\u00e1ndolas a tu manera.<\/p>\n<p><span style=\"color: #00008b;\"><strong>Reglas de la red<br \/>\n<\/strong><\/span><\/p>\n<ul>\n<li>1. No <strong>acosar<\/strong> ni <strong>provocar<\/strong> a otros usuarios.<\/li>\n<\/ul>\n<ul>\n<li>2. No <strong>racismo<\/strong>, <strong>sexismo<\/strong> o cualquier tipo de conducta que incite <strong>odio<\/strong>, <strong>discriminaci\u00f3n<\/strong> o <strong>abuso<\/strong>.<\/li>\n<\/ul>\n<ul>\n<li>3. La <strong>pedofilia<\/strong> y la <strong>pornograf\u00eda<\/strong> est\u00e1n totalmente prohibidas.<\/li>\n<\/ul>\n<ul>\n<li>4. No <strong>spam<\/strong> de canales, sitios web o de otras redes de IRC.<br \/>\nSpam se define como el env\u00edo de mensajes irrelevantes y molestos, especialmente con el fin de promocionar algo. La red MindForge utiliza filtros para bloquear estos mensajes, protegiendo as\u00ed a los usuarios de sitios web, archivos y servicios maliciosos. Si crees que alg\u00fan ban fue puesto por error, por favor <a title=\"Cont\u00e1ctanos\" href=\"http:\/\/www.mindforge.org\/es\/contact-us\/\">contacta<\/a> con nosotros.<\/li>\n<\/ul>\n<ul>\n<li>5. No <strong>flood<\/strong>.<br \/>\nFlood se define como el env\u00edo de grandes y repetidas cantidades de informaci\u00f3n (texto, CTCP, entradas\/salidas, cambios de nick...) en poco tiempo y sin motivo alguno.<\/li>\n<\/ul>\n<ul>\n<li>6. No intentes <strong>hacerte<\/strong> con <strong>nicks<\/strong> o <strong>canales<\/strong> registrados.<\/li>\n<\/ul>\n<ul>\n<li>7. No <strong>abusos<\/strong> de conexiones.<\/li>\n<\/ul>\n<ul>\n<li>8. No est\u00e1 permitido conectar mediante el uso de <strong>conexiones inseguras<\/strong>.<br \/>\nEcha un vistazo a la p\u00e1gina <a title=\"Servidores\" href=\"http:\/\/www.mindforge.org\/es\/servers\/\">servidores<\/a> para saber m\u00e1s sobre el esc\u00e1ner proxy de MindForge.<\/li>\n<\/ul>\n<ul>\n<li>9. No intentes <strong>evadir<\/strong> <strong>bans<\/strong> de la red o de canales.<br \/>\nDebes esperar hasta que el ban expire o sea eliminado.<\/li>\n<\/ul>\n<ul>\n<li>10.<strong> Warez<\/strong>, <strong>XDCC<\/strong>, <strong>FTP<\/strong>, <strong>hax0r<\/strong>, <strong>botnets<\/strong> y <strong>actividades comerciales<\/strong> no est\u00e1n permitidos en esta red.<br \/>\nWarez se refiere principalmente a la distribuci\u00f3n de trabajos protegidos por copyright con infracci\u00f3n a los derechos de autor. Debes respetar la propiedad intelectual y los derechos de autor.<\/li>\n<\/ul>\n<ul>\n<li>11. No intentes <strong>enga\u00f1ar<\/strong> o <strong>da\u00f1ar<\/strong> a los usuarios de ning\u00fan modo.<\/li>\n<\/ul>\n<ul>\n<li style=\"text-align: justify;\">12. No <strong>ataques<\/strong> de ning\u00fan tipo.<br \/>\nDDoS, nuke, ICMP, pirateo, distribuci\u00f3n de virus y troyanos...<\/li>\n<\/ul>\n<p><\/p>","protected":false},"excerpt":{"rendered":"<p>Para permanecer en MindForge debes seguir todas las reglas de la red. El incumplimiento reiterado de estas normas comportar\u00e1 la prohibici\u00f3n del acceso a la red. Si una norma no est\u00e1 clara en una determinada situaci\u00f3n, el staff de la &hellip;<\/p>\n<p class=\"read-more\"><a href=\"https:\/\/mindforge.org\/es\/rules\/\">Leer m\u00e1s &raquo;<\/a><\/p>\n","protected":false},"author":3,"featured_media":0,"parent":0,"menu_order":0,"comment_status":"closed","ping_status":"open","template":"","meta":[],"_links":{"self":[{"href":"https:\/\/mindforge.org\/es\/wp-json\/wp\/v2\/pages\/148"}],"collection":[{"href":"https:\/\/mindforge.org\/es\/wp-json\/wp\/v2\/pages"}],"about":[{"href":"https:\/\/mindforge.org\/es\/wp-json\/wp\/v2\/types\/page"}],"author":[{"embeddable":true,"href":"https:\/\/mindforge.org\/es\/wp-json\/wp\/v2\/users\/3"}],"replies":[{"embeddable":true,"href":"https:\/\/mindforge.org\/es\/wp-json\/wp\/v2\/comments?post=148"}],"version-history":[{"count":13,"href":"https:\/\/mindforge.org\/es\/wp-json\/wp\/v2\/pages\/148\/revisions"}],"predecessor-version":[{"id":751,"href":"https:\/\/mindforge.org\/es\/wp-json\/wp\/v2\/pages\/148\/revisions\/751"}],"wp:attachment":[{"href":"https:\/\/mindforge.org\/es\/wp-json\/wp\/v2\/media?parent=148"}],"curies":[{"name":"wp","href":"https:\/\/api.w.org\/{rel}","templated":true}]}}