{"id":159,"date":"2013-10-09T16:59:33","date_gmt":"2013-10-09T14:59:33","guid":{"rendered":"http:\/\/www.mindforge.org\/?page_id=159"},"modified":"2018-07-19T01:06:58","modified_gmt":"2018-07-19T01:06:58","slug":"vhosts","status":"publish","type":"page","link":"https:\/\/mindforge.org\/es\/vhosts\/","title":{"rendered":"VHosts"},"content":{"rendered":"<p>Por motivos de seguridad y privacidad, los servidores de MindForge encriptan la direcci\u00f3n IP o hostname de todos los usuarios que conectan a la red, de forma que \u00fanicamente pueden verla los operadores de IRC en caso de que sea necesario.<br \/>\nPero adem\u00e1s, nuestra red ofrece la posibilidad de asignar vHosts (hosts virtuales) a los nicks. Se trata de una alternativa al cifrado por defecto que permite personalizar la m\u00e1scara de los usuarios. Todas los vHosts de la red terminan con el dominio MindForge.org (ej. NetAdmin.MindForge.org).<br \/>\nLos vHosts se asignan a un nick espec\u00edfico y <span style=\"text-decoration: underline;\">solo se permite un vHost por cada grupo de nicks<\/span>. A continuaci\u00f3n se detallan las tres v\u00edas por las que puedes conseguir un host virtual.<\/p>\n<p><strong><span style=\"color: #00008b;\">VHosts para el staff de MindForge<\/span><\/strong><\/p>\n<p>Todos los miembros del equipo de la red tienen un vHost asignado, y que var\u00eda en funci\u00f3n del status.<\/p>\n<ul>\n<li>NetAdmin.MindForge.org: para administradores de red.<\/li>\n<li>ServicesAdmin.MindForge.org: para administradores de servicios.<\/li>\n<li>Country.IRCOp.MindForge.org: para operadores de IRC.<\/li>\n<li>MF-Helpers.MindForge.org: para ayudantes de MindForge.<\/li>\n<\/ul>\n<p><strong><span style=\"color: #00008b;\">VHosts para canales regulares<br \/>\n<\/span><\/strong><\/p>\n<p>Si eres fundador de un canal, tambi\u00e9n puedes conseguir vHosts con el formato <strong>Canal.MindForge.org<\/strong> (el nombre del canal <span style=\"text-decoration: underline;\">no puede contener caracteres especiales<\/span>) para ti y tus amigos.<\/p>\n<ul>\n<li>Los vHosts se asignan despu\u00e9s de un periodo de dos semanas en las que un bot monitoriza el canal y calcula el promedio del n\u00famero de usuarios. Este promedio puede consultarse en el canal #MindForge-VHosts con el comando \"!average #Canal\".<\/li>\n<li>El canal debe contar con un n\u00famero m\u00ednimo de usuarios. Los canales con <span style=\"text-decoration: underline;\">25<\/span>-44 usuarios conseguir\u00e1n <strong>5<\/strong> vHosts y los canales con <span style=\"text-decoration: underline;\">45<\/span> o m\u00e1s usuarios, <strong>7<\/strong> vHosts. El n\u00famero de usuarios <span style=\"text-decoration: underline;\">debe mantenerse<\/span> para no perder los vHosts.<\/li>\n<li><span style=\"text-decoration: underline;\">No se aceptar\u00e1n<\/span> peticiones de canales que hagan un uso abusivo de clones de IRC, BNCs o utilicen proxies para aumentar el n\u00famero de usuarios.<\/li>\n<li>Los canales y usuarios que causen problemas en la red no podr\u00e1n optar a vHosts.<\/li>\n<li>El staff de MindForge se reserva el derecho a comprobar peri\u00f3dicamente que los canales con vHosts sigan cumpliendo las condiciones de la red y a eliminarlos si no lo hacen.<\/li>\n<\/ul>\n<p>Ponte en contacto con un miembro del equipo de MindForge en #MindForge-VHosts para m\u00e1s informaci\u00f3n y para comenzar con el proceso.<br \/>\nRecuerda que <span style=\"text-decoration: underline;\">todos los cambios y comprobaciones debe hacerlas el fundador del canal<\/span>. Las peticiones de los usuarios que posean la contrase\u00f1a del canal pero no sean el fundador ser\u00e1n ignoradas.<\/p>\n<p><strong><span style=\"color: #00008b;\">VHosts para canales con proyectos<br \/>\n<\/span><\/strong><\/p>\n<p>Los miembros de los proyectos que contibuyan al crecimiento de la red tambi\u00e9n pueden conseguir hosts virtuales. El formato del vHost ser\u00e1 el mismo que para los canales regulares.<br \/>\nEl administrador del proyecto podr\u00e1 solicitar en #MindForge-VHosts un host virtual para cada miembro que forme parte de su equipo.<br \/>\n<strong>Importante<\/strong>: el proyecto debe ser aceptado por los administradores de la red tal y como se explica en las condiciones para proyectos de c\u00f3digo abierto y otras comunidades. Lee la p\u00e1gina sobre proyectos para m\u00e1s informaci\u00f3n.<\/p>","protected":false},"excerpt":{"rendered":"<p>Por motivos de seguridad y privacidad, los servidores de MindForge encriptan la direcci\u00f3n IP o hostname de todos los usuarios que conectan a la red, de forma que \u00fanicamente pueden verla los operadores de IRC en caso de que sea &hellip;<\/p>\n<p class=\"read-more\"><a href=\"https:\/\/mindforge.org\/es\/vhosts\/\">Leer m\u00e1s &raquo;<\/a><\/p>\n","protected":false},"author":3,"featured_media":0,"parent":0,"menu_order":0,"comment_status":"closed","ping_status":"open","template":"","meta":[],"_links":{"self":[{"href":"https:\/\/mindforge.org\/es\/wp-json\/wp\/v2\/pages\/159"}],"collection":[{"href":"https:\/\/mindforge.org\/es\/wp-json\/wp\/v2\/pages"}],"about":[{"href":"https:\/\/mindforge.org\/es\/wp-json\/wp\/v2\/types\/page"}],"author":[{"embeddable":true,"href":"https:\/\/mindforge.org\/es\/wp-json\/wp\/v2\/users\/3"}],"replies":[{"embeddable":true,"href":"https:\/\/mindforge.org\/es\/wp-json\/wp\/v2\/comments?post=159"}],"version-history":[{"count":9,"href":"https:\/\/mindforge.org\/es\/wp-json\/wp\/v2\/pages\/159\/revisions"}],"predecessor-version":[{"id":758,"href":"https:\/\/mindforge.org\/es\/wp-json\/wp\/v2\/pages\/159\/revisions\/758"}],"wp:attachment":[{"href":"https:\/\/mindforge.org\/es\/wp-json\/wp\/v2\/media?parent=159"}],"curies":[{"name":"wp","href":"https:\/\/api.w.org\/{rel}","templated":true}]}}