{"id":191,"date":"2013-10-19T02:52:14","date_gmt":"2013-10-19T00:52:14","guid":{"rendered":"http:\/\/www.mindforge.org\/?page_id=191"},"modified":"2018-07-19T00:21:57","modified_gmt":"2018-07-19T00:21:57","slug":"contact-us","status":"publish","type":"page","link":"https:\/\/mindforge.org\/es\/contact-us\/","title":{"rendered":"Cont\u00e1ctanos"},"content":{"rendered":"<p>Existen varias v\u00edas por las que puedes contactar con el staff de MindForge. Elige el m\u00e9todo m\u00e1s apropiado dependiendo del motivo que tengas para contactar con nosotros.<\/p>\n<p><strong><span style=\"color: #00008b;\">Soporte sobre IRC<\/span><\/strong><\/p>\n<p>Por favor lee la p\u00e1gina de <a title=\"Soporte\" href=\"http:\/\/www.mindforge.org\/es\/support\/\">soporte<\/a> para saber m\u00e1s sobre las opciones de ayuda disponibles.<\/p>\n<p><a name=\"banned\"><\/a><strong><span style=\"color: #00008b;\">\u00bfBaneado?<\/span><\/strong><\/p>\n<p>Si crees que fuiste baneado de la red por error, puedes hacernoslo saber enviando un e-mail a <img decoding=\"async\" loading=\"lazy\" id=\"imgmail\" class=\"alignnone\" src=\"http:\/\/www.mindforge.org\/wp-content\/themes\/zbench\/images\/akill.gif\" alt=\"\" width=\"120\" height=\"17\" \/> explicando lo ocurrido. Recuerda incluir en el mensaje la siguiente informaci\u00f3n para poder analizar tu caso:<\/p>\n<ul style=\"text-align: justify;\">\n<li><strong>Nick<\/strong>.<\/li>\n<li>Direcci\u00f3n <strong>IP<\/strong>.<\/li>\n<li><strong>Fecha y hora<\/strong> en la que el ban fue puesto (incluyendo tu zona horaria o pa\u00eds).<\/li>\n<li><strong>Motivo<\/strong> del ban incluido en el mensaje del ban.<\/li>\n<li><strong>Qui\u00e9n<\/strong> puso el ban (si lo sabes o tienes alguna idea).<\/li>\n<li><strong>Qu\u00e9 estabas haciendo<\/strong> justo antes de ser baneado.<\/li>\n<\/ul>\n<p><strong><span style=\"color: #00008b;\">Otros asuntos sobre la red<br \/>\n<\/span><\/strong><\/p>\n<p>Si necesitas contactar con un administrador de la red, por favor env\u00eda un e-mail a <img decoding=\"async\" loading=\"lazy\" id=\"imgmail\" class=\"alignnone\" src=\"http:\/\/www.mindforge.org\/wp-content\/themes\/zbench\/images\/contact.gif\" alt=\"\" width=\"143\" height=\"17\" \/>.<\/p>","protected":false},"excerpt":{"rendered":"<p>Existen varias v\u00edas por las que puedes contactar con el staff de MindForge. Elige el m\u00e9todo m\u00e1s apropiado dependiendo del motivo que tengas para contactar con nosotros. Soporte sobre IRC Por favor lee la p\u00e1gina de soporte para saber m\u00e1s &hellip;<\/p>\n<p class=\"read-more\"><a href=\"https:\/\/mindforge.org\/es\/contact-us\/\">Leer m\u00e1s &raquo;<\/a><\/p>\n","protected":false},"author":3,"featured_media":0,"parent":0,"menu_order":0,"comment_status":"closed","ping_status":"open","template":"","meta":[],"_links":{"self":[{"href":"https:\/\/mindforge.org\/es\/wp-json\/wp\/v2\/pages\/191"}],"collection":[{"href":"https:\/\/mindforge.org\/es\/wp-json\/wp\/v2\/pages"}],"about":[{"href":"https:\/\/mindforge.org\/es\/wp-json\/wp\/v2\/types\/page"}],"author":[{"embeddable":true,"href":"https:\/\/mindforge.org\/es\/wp-json\/wp\/v2\/users\/3"}],"replies":[{"embeddable":true,"href":"https:\/\/mindforge.org\/es\/wp-json\/wp\/v2\/comments?post=191"}],"version-history":[{"count":25,"href":"https:\/\/mindforge.org\/es\/wp-json\/wp\/v2\/pages\/191\/revisions"}],"predecessor-version":[{"id":749,"href":"https:\/\/mindforge.org\/es\/wp-json\/wp\/v2\/pages\/191\/revisions\/749"}],"wp:attachment":[{"href":"https:\/\/mindforge.org\/es\/wp-json\/wp\/v2\/media?parent=191"}],"curies":[{"name":"wp","href":"https:\/\/api.w.org\/{rel}","templated":true}]}}