{"id":292,"date":"2013-11-24T19:00:17","date_gmt":"2013-11-24T18:00:17","guid":{"rendered":"http:\/\/www.mindforge.org\/?page_id=292"},"modified":"2018-07-19T01:17:36","modified_gmt":"2018-07-19T01:17:36","slug":"faqs","status":"publish","type":"page","link":"https:\/\/mindforge.org\/es\/faqs\/","title":{"rendered":"FAQs"},"content":{"rendered":"<p><\/p>\n<ul>\n<li>1. <a href=\"#1\">\u00bfC\u00f3mo registro mi nick?<\/a><\/li>\n<li>2. <a href=\"#2\">He registrado mi nick pero, \u00bfc\u00f3mo inicio sesi\u00f3n cada vez que conecto al IRC?<\/a><\/li>\n<li>3. <a href=\"#3\">\u00a1He perdido la contrase\u00f1a de mi nick!<\/a><\/li>\n<li>4. <a href=\"#4\">He sido desconectado de la red pero mi nick est\u00e1 todav\u00eda en uso. \u00bfQu\u00e9 puedo hacer?<\/a><\/li>\n<li>5. <a href=\"#5\">\u00bfC\u00f3mo registro un canal?<\/a><\/li>\n<li>6. <a href=\"#6\">\u00bfC\u00f3mo pongo un topic a mi canal?<\/a><\/li>\n<li>7. <a href=\"#7\">\u00bfC\u00f3mo asigno un bot a mi canal?<\/a><\/li>\n<li>8. <a href=\"#8\">\u00bfC\u00f3mo puedo hacer que otras personas consigan status autom\u00e1ticamente al entra a mi canal?<\/a><\/li>\n<li>9. <a href=\"#9\">\u00bfC\u00f3mo puedo conseguir un vHost para mi nick?<\/a><\/li>\n<li>10. <a href=\"#10\">He sido baneado de la red. \u00bfC\u00f3mo puedo contactar con un administrador de red?<\/a><\/li>\n<\/ul>\n<p><a name=\"1\"><\/a><span style=\"color: #00008b;\"><strong>1. \u00bfC\u00f3mo registro mi nick?<br \/>\n<\/strong><\/span><\/p>\n<blockquote><p>Para registrar tu nick escribe <code><strong>\/msg NickServ REGISTER<\/strong> <em>Contrase\u00f1a<\/em> <em>E-mail<\/em><\/code>. Sustituye <em>Contrase\u00f1a<\/em> por la contrase\u00f1a que quieras usar para tu nick y <em>E-mail<\/em> por una direcci\u00f3n de e-mail v\u00e1lida.<\/p>\n<p>Tras escribir este comando recibir\u00e1s un correo con un c\u00f3digo necesario para completar el proceso de registro. Para confirmar tu cuenta escribe <code><strong>\/msg NickServ CONFIRM<\/strong> <em>C\u00f3digo<\/em><\/code>. Reemplaza <em>C\u00f3digo<\/em> por el c\u00f3digo que recibiste.<\/p>\n<p><strong>Importante<\/strong>: El registro del nick caducar\u00e1 autom\u00e1ticamente si no lo confirmas en 24 horas.<\/p><\/blockquote>\n<p><a name=\"2\"><\/a><span style=\"color: #00008b;\"><strong>2. He registrado mi nick pero, \u00bfc\u00f3mo inicio sesi\u00f3n cada vez que conecto al IRC?<br \/>\n<\/strong><\/span><\/p>\n<blockquote><p>Para identificarte con tu nick escribe <code><strong>\/msg NickServ IDENTIFY<\/strong> <em>Contrase\u00f1a<\/em><\/code>.<\/p><\/blockquote>\n<p><a name=\"3\"><\/a><span style=\"color: #00008b;\"><strong>3. \u00a1He perdido la contrase\u00f1a de mi nick!<br \/>\n<\/strong><\/span><\/p>\n<blockquote><p>Si has olvidado tu contrase\u00f1a escribe <code><strong>\/msg NickServ RESETPASS<\/strong> <em>Nick<\/em> <em>E-mail<\/em><\/code>. Sustituye <em>E-mail<\/em> por la direcci\u00f3n de correo electr\u00f3nico vinculada a tu <em>Nick<\/em>.<\/p>\n<p>Tras escribir este comando recibir\u00e1s un correo con un c\u00f3digo necesario para reestablecer tu contrase\u00f1a. Para confirmar el proceso escribe <code><strong>\/msg NickServ CONFIRM<\/strong> <em>Nick<\/em> <em>C\u00f3digo<\/em><\/code>. Sustituye <em>C\u00f3digo<\/em> por el c\u00f3digo recibido.<\/p>\n<p>Finalmente, cambia tu contrase\u00f1a escribiendo <code><strong>\/msg NickServ SET PASSWORD<\/strong> <em>Contrase\u00f1a<\/em><\/code>. Reemplaza <em>Contrase\u00f1a<\/em> por la nueva contrase\u00f1a que quieras usar para tu nick.<\/p><\/blockquote>\n<p><a name=\"4\"><\/a><span style=\"color: #00008b;\"><strong>4. He sido desconectado de la red pero mi nick est\u00e1 todav\u00eda en uso. \u00bfQu\u00e9 puedo hacer?<br \/>\n<\/strong><\/span><\/p>\n<blockquote><p>Puedes recuperar tu nick escribiendo <code><strong>\/msg NickServ GHOST<\/strong> <em>Nick<\/em> <em>Contrase\u00f1a<\/em><\/code>.<\/p><\/blockquote>\n<p><a name=\"5\"><\/a><span style=\"color: #00008b;\"><strong>5. \u00bfC\u00f3mo registro un canal?<br \/>\n<\/strong><\/span><\/p>\n<blockquote><p>Para registrar un canal debes, en primer lugar, entrar en \u00e9l y obtener status de operador (+o o @). Despu\u00e9s, escribe <code><strong>\/msg ChanServ REGISTER_NEW<\/strong> <em>#Canal<\/em> <em>Descripci\u00f3n<\/em><\/code>. Introduce el nombre del <em>#Canal<\/em> y una breve <em>Descripci\u00f3n<\/em>, que se mostrar\u00e1 en la informaci\u00f3n sobre el canal.<\/p>\n<p><strong>Importante<\/strong>: Desde Anope 2 los canales ya no tienen contrase\u00f1a, sino que la identificaci\u00f3n del canal est\u00e1 vinculada a la cuenta del nick. Para dar privilegios de fundador a un nick utiliza el nivel FOUNDER, por defecto 10000. Revisa <strong><code>\/msg ChanServ HELP LEVELS<\/code><\/strong> para m\u00e1s informaci\u00f3n.<\/p><\/blockquote>\n<p><a name=\"6\"><\/a><span style=\"color: #00008b;\"><strong>6. \u00bfC\u00f3mo pongo un topic a mi canal?<br \/>\n<\/strong><\/span><\/p>\n<blockquote><p>Para poner un topic a tu canal escribe <code><strong>\/TOPIC<\/strong> <em>#Canal<\/em> <em>Topic<\/em><\/code>.<\/p>\n<p>Adem\u00e1s, puedes evitar cambios no deseados bloque\u00e1ndolo con la opci\u00f3n LOCK. Escribe <code><strong>\/msg ChanServ TOPIC<\/strong> <em>#Canal<\/em> <strong>LOCK<\/strong><\/code> para activar la protecci\u00f3n y <code><strong>\/msg ChanServ TOPIC<\/strong> <em>#Canal<\/em> <strong>UNLOCK<\/strong><\/code> para desactivarla.<\/p>\n<p><strong>Nota<\/strong>: El fundador del canal puede cambiar el topic aun cuando la protecci\u00f3n est\u00e1 activada con <code><strong>\/msg ChanServ TOPIC<\/strong> <em>#Canal<\/em> <strong>SET<\/strong> <em>Topic<\/em><\/code>.<\/p><\/blockquote>\n<p><a name=\"7\"><\/a><span style=\"color: #00008b;\"><strong>7. \u00bfC\u00f3mo asigno un bot a mi canal?<br \/>\n<\/strong><\/span><\/p>\n<blockquote><p>Para asignar un bot de servicios a tu canal escribe <code><strong>\/msg BotServ ASSIGN<\/strong> <em>#Canal<\/em> <em>NombreBot<\/em><\/code>. Para ver una lista de los bots disponibles escribe <strong><code>\/msg BotServ BOTLIST<\/code><\/strong>.<\/p><\/blockquote>\n<p><a name=\"8\"><\/a><span style=\"color: #00008b;\"><strong>8. \u00bfC\u00f3mo puedo hacer que otras personas consigan status autom\u00e1ticamente al entra a mi canal?<br \/>\n<\/strong><\/span><\/p>\n<blockquote><p>Para dar status a otros usuarios autom\u00e1ticamente en entrar a tu canal, puedes escoger entre dos de las formas m\u00e1s utilizadas:<\/p>\n<p><strong>a)<\/strong> A\u00f1adir un nick registrado a la lista de acceso del canal escribiendo <code><strong>\/msg ChanServ ACCESS<\/strong> <em>#Canal<\/em> <strong>ADD<\/strong> <em>Nick<\/em> <em>Level<\/em><\/code>.<br \/>\n<strong>b)<\/strong> A\u00f1adir un hostmask (nick!ident@hostname) a la lista de acceso del canal escribiendo <code><strong>\/msg ChanServ ACCESS<\/strong> <em>#Canal<\/em> <strong>ADD<\/strong> <em>Hostmask<\/em> <em>Level<\/em><\/code>. Si a\u00f1ades un hostmask, todos los usuarios que entren al canal y coincidan con la regla a\u00f1adida obtendr\u00e1n el level asignado autom\u00e1ticamente.<\/p>\n<p>Cada level viene con diferentes privilegios. Aqu\u00ed tienes una lista con los levels m\u00e1s utilizados en un canal con la configuraci\u00f3n por defecto:<\/p>\n<ul>\n<li><strong>3<\/strong>: El usuario recibir\u00e1 autom\u00e1ticamente status de voice (+v o +) al entrar.<\/li>\n<li><strong>4<\/strong>: El usuario recibir\u00e1 autom\u00e1ticamente status de half-op (+h o %) al entrar.<\/li>\n<li><strong>5<\/strong>: El usuario recibir\u00e1 autom\u00e1ticamente status de op (+o o @) al entrar.<\/li>\n<li><strong>10<\/strong>: El usuario recibir\u00e1 autom\u00e1ticamente status de op y protect (+oa o &amp;) al entrar.<\/li>\n<li><strong>10000<\/strong>: El usuario recibir\u00e1 autom\u00e1ticamente status de owner (+q or ~) con privilegios de fundador al entrar.<\/li>\n<\/ul>\n<p>Puedes comprobar qu\u00e9 level se requiere para cada comando o privilegio escribiendo <code><strong>\/msg ChanServ LEVELS<\/strong> <em>#Canal<\/em> <strong>LIST<\/strong><\/code>. Los levels tambi\u00e9n son modificables, escribe <code><strong>\/msg ChanServ HELP LEVELS<\/strong><\/code> para saber m\u00e1s.<\/p>\n<p>Para ver la lista de acceso del canal escribe <strong><code>\/msg ChanServ ACCESS LIST<\/code><\/strong>.<\/p>\n<p><strong>Nota<\/strong>: Solo se recomienda el uso de las reglas hostmask para usuarios avanzados.<\/p><\/blockquote>\n<p><a name=\"9\"><\/a><span style=\"color: #00008b;\"><strong>9. \u00bfC\u00f3mo puedo conseguir un vHost para mi nick?<br \/>\n<\/strong><\/span><\/p>\n<blockquote><p>Hay tres formas por las que puedes conseguir un host virtual para tu nick. Visita la p\u00e1gina <a title=\"VHosts\" href=\"http:\/\/www.mindforge.org\/es\/vhosts\/\">vHosts<\/a> para ver toda la informaci\u00f3n detallada.<\/p><\/blockquote>\n<p><a name=\"10\"><\/a><span style=\"color: #00008b;\"><strong>10. He sido baneado de la red. \u00bfC\u00f3mo puedo contactar con un administrador de red?<br \/>\n<\/strong><\/span><\/p>\n<blockquote><p>Por favor lee <a title=\"Cont\u00e1ctanos\" href=\"http:\/\/www.mindforge.org\/es\/contact-us\/\">esta<\/a> p\u00e1gina para saber c\u00f3mo contactar con nosotros.<\/p><\/blockquote>\n<p><\/p>","protected":false},"excerpt":{"rendered":"<p>1. \u00bfC\u00f3mo registro mi nick? 2. He registrado mi nick pero, \u00bfc\u00f3mo inicio sesi\u00f3n cada vez que conecto al IRC? 3. \u00a1He perdido la contrase\u00f1a de mi nick! 4. He sido desconectado de la red pero mi nick est\u00e1 todav\u00eda &hellip;<\/p>\n<p class=\"read-more\"><a href=\"https:\/\/mindforge.org\/es\/faqs\/\">Leer m\u00e1s &raquo;<\/a><\/p>\n","protected":false},"author":3,"featured_media":0,"parent":0,"menu_order":0,"comment_status":"closed","ping_status":"open","template":"","meta":[],"_links":{"self":[{"href":"https:\/\/mindforge.org\/es\/wp-json\/wp\/v2\/pages\/292"}],"collection":[{"href":"https:\/\/mindforge.org\/es\/wp-json\/wp\/v2\/pages"}],"about":[{"href":"https:\/\/mindforge.org\/es\/wp-json\/wp\/v2\/types\/page"}],"author":[{"embeddable":true,"href":"https:\/\/mindforge.org\/es\/wp-json\/wp\/v2\/users\/3"}],"replies":[{"embeddable":true,"href":"https:\/\/mindforge.org\/es\/wp-json\/wp\/v2\/comments?post=292"}],"version-history":[{"count":49,"href":"https:\/\/mindforge.org\/es\/wp-json\/wp\/v2\/pages\/292\/revisions"}],"predecessor-version":[{"id":759,"href":"https:\/\/mindforge.org\/es\/wp-json\/wp\/v2\/pages\/292\/revisions\/759"}],"wp:attachment":[{"href":"https:\/\/mindforge.org\/es\/wp-json\/wp\/v2\/media?parent=292"}],"curies":[{"name":"wp","href":"https:\/\/api.w.org\/{rel}","templated":true}]}}