{"id":63,"date":"2013-09-27T00:44:45","date_gmt":"2013-09-26T22:44:45","guid":{"rendered":"http:\/\/www.mindforge.org\/?page_id=63"},"modified":"2018-07-19T00:38:18","modified_gmt":"2018-07-19T00:38:18","slug":"servers","status":"publish","type":"page","link":"https:\/\/mindforge.org\/es\/servers\/","title":{"rendered":"Servidores"},"content":{"rendered":"<p><span style=\"color: #00008b;\"><strong>Conexi\u00f3n<br \/>\n<\/strong><\/span><\/p>\n<p>Para conectar a MindForge te recomendamos que uses el servidor principal:<\/p>\n<ul>\n<li><a href=\"irc:\/\/irc.mindforge.org\">irc.MindForge.org<\/a><\/li>\n<\/ul>\n<p>Todos nuestros servidores escuchan en los puertos <strong>6667<\/strong> y <strong>6669 <\/strong>para conexiones regulares y <strong>6697<\/strong> para conexiones <a href=\"#ssl\">SSL<\/a>. Por el momento solo soportan <strong>IPv4<\/strong>.<br \/>\nEl n\u00famero m\u00e1ximo de conexiones por IP es <strong>3<\/strong>. Es posible incrementar este n\u00famero para IPs est\u00e1ticas y en <span style=\"text-decoration: underline;\">casos especiales<\/span> (BNCs, shells, etc.) preguntando en un canal de ayuda.<\/p>\n<p><span style=\"color: #00008b;\"><strong>Contribuye<br \/>\n<\/strong><\/span><\/p>\n<p>Si est\u00e1s interesado en vincular un servidor a MindForge echa un vistazo a las <a title=\"Linking\" href=\"http:\/\/www.mindforge.org\/es\/linking\/\">condiciones<\/a>.<\/p>\n<p><span style=\"color: #00008b;\"><strong>Esc\u00e1ner proxy<br \/>\n<\/strong><\/span><\/p>\n<p>Todas las conexiones a la red son escaneadas en busca de proxies y otro tipo de conexiones no seguras. Si no consientes este tipo de escaneos por favor desconecta de la red de inmediato.<br \/>\nLos proxies p\u00fablicos son autom\u00e1ticamente baneados. Si crees que alg\u00fan ban fue puesto por error, por favor h\u00e1znoslo saber a trav\u00e9s del link proporcionado en el motivo del ban.<\/p>\n<p><a name=\"ssl\"><\/a><span style=\"color: #00008b;\"><strong>SSL<br \/>\n<\/strong><\/span><\/p>\n<p>SSL es un protocolo criptogr\u00e1fico que proporciona comunicaciones seguras en Internet. Puedes conectar a nuestra red de IRC utilizando una conexi\u00f3n encriptada mediante el puerto <strong>6697<\/strong>. La mayor\u00eda de clientes de IRC soportan SSL (e.j. mIRC, XChat, KVIrc), pero a veces tiene que ser instalado.<br \/>\nLas versiones de <strong>OpenSSL<\/strong> para los usuarios de <span style=\"text-decoration: underline;\">Windows<\/span> est\u00e1n disponibles <a href=\"http:\/\/slproweb.com\/products\/Win32OpenSSL.html\" target=\"_blank\" rel=\"noopener\">aqu\u00ed<\/a>. Los usuarios de <span style=\"text-decoration: underline;\">Linux<\/span> deben comprobar que est\u00e1 instalado y si es as\u00ed, verificar que se trata de la \u00faltima versi\u00f3n. Puedes encontrar el c\u00f3digo fuente <a href=\"http:\/\/www.openssl.org\/source\/\" target=\"_blank\" rel=\"noopener\">aqu\u00ed<\/a>.<\/p>","protected":false},"excerpt":{"rendered":"<p>Conexi\u00f3n Para conectar a MindForge te recomendamos que uses el servidor principal: irc.MindForge.org Todos nuestros servidores escuchan en los puertos 6667 y 6669 para conexiones regulares y 6697 para conexiones SSL. Por el momento solo soportan IPv4. El n\u00famero m\u00e1ximo &hellip;<\/p>\n<p class=\"read-more\"><a href=\"https:\/\/mindforge.org\/es\/servers\/\">Leer m\u00e1s &raquo;<\/a><\/p>\n","protected":false},"author":3,"featured_media":0,"parent":0,"menu_order":0,"comment_status":"closed","ping_status":"open","template":"","meta":[],"_links":{"self":[{"href":"https:\/\/mindforge.org\/es\/wp-json\/wp\/v2\/pages\/63"}],"collection":[{"href":"https:\/\/mindforge.org\/es\/wp-json\/wp\/v2\/pages"}],"about":[{"href":"https:\/\/mindforge.org\/es\/wp-json\/wp\/v2\/types\/page"}],"author":[{"embeddable":true,"href":"https:\/\/mindforge.org\/es\/wp-json\/wp\/v2\/users\/3"}],"replies":[{"embeddable":true,"href":"https:\/\/mindforge.org\/es\/wp-json\/wp\/v2\/comments?post=63"}],"version-history":[{"count":9,"href":"https:\/\/mindforge.org\/es\/wp-json\/wp\/v2\/pages\/63\/revisions"}],"predecessor-version":[{"id":754,"href":"https:\/\/mindforge.org\/es\/wp-json\/wp\/v2\/pages\/63\/revisions\/754"}],"wp:attachment":[{"href":"https:\/\/mindforge.org\/es\/wp-json\/wp\/v2\/media?parent=63"}],"curies":[{"name":"wp","href":"https:\/\/api.w.org\/{rel}","templated":true}]}}