{"id":125,"date":"2013-10-02T22:35:51","date_gmt":"2013-10-02T20:35:51","guid":{"rendered":"http:\/\/www.mindforge.org\/?page_id=125"},"modified":"2018-07-19T00:41:27","modified_gmt":"2018-07-19T00:41:27","slug":"support","status":"publish","type":"page","link":"https:\/\/mindforge.org\/fr\/support\/","title":{"rendered":"Support"},"content":{"rendered":"<p>MindForge fournit plusieurs canaux pour aider les utilisateurs qui ont besoin d'aide. Une liste des canaux du r\u00e9seau officiel est d\u00e9taill\u00e9e ci-dessous.<\/p>\n<p><strong><span style=\"color: #00008b;\">#MindForge<\/span><\/strong><\/p>\n<p>C'est le canal de support officiel de MindForge et il est disponible pour l'aide sur les questions li\u00e9es au r\u00e9seau et le serveur de liaison. Veuillez ne pas mettre en \u00e9vidence ou d'ouvrir des messages priv\u00e9s aux op\u00e9rateurs IRC; il suffit de rejoindre le canal, indiquez votre question ou un probl\u00e8me et \u00eatre patient.<\/p>\n<p><strong><span style=\"color: #00008b;\">#MindForge-Chat<\/span><\/strong><\/p>\n<p>Le canal de discussion MindForge officielle. Les utilisateurs peuvent rejoindre ce canal de poser toute question relative \u00e0 l'IRC. En outre, nous n'oublions pas que l'IRC est pour le plaisir si cette voie peut \u00eatre un endroit agr\u00e9able pour discuter et rencontrer des gens aussi.<\/p>\n<p><strong><span style=\"color: #00008b;\">#MindForge-VHosts<\/span><\/strong><\/p>\n<p>Ceci est le canal officiel pour les demandes de l'h\u00f4te virtuel. V\u00e9rifiez la <a title=\"VHosts\" href=\"http:\/\/www.mindforge.org\/fr\/vhosts\/\">politique des h\u00f4tes virtuels<\/a> pour plus d'informations.<\/p>","protected":false},"excerpt":{"rendered":"<p>MindForge fournit plusieurs canaux pour aider les utilisateurs qui ont besoin d'aide. Une liste des canaux du r\u00e9seau officiel est d\u00e9taill\u00e9e ci-dessous. #MindForge C'est le canal de support officiel de MindForge et il est disponible pour l'aide sur les questions &hellip;<\/p>\n<p class=\"read-more\"><a href=\"https:\/\/mindforge.org\/fr\/support\/\">Lire la suite &raquo;<\/a><\/p>\n","protected":false},"author":3,"featured_media":0,"parent":0,"menu_order":0,"comment_status":"closed","ping_status":"open","template":"","meta":[],"_links":{"self":[{"href":"https:\/\/mindforge.org\/fr\/wp-json\/wp\/v2\/pages\/125"}],"collection":[{"href":"https:\/\/mindforge.org\/fr\/wp-json\/wp\/v2\/pages"}],"about":[{"href":"https:\/\/mindforge.org\/fr\/wp-json\/wp\/v2\/types\/page"}],"author":[{"embeddable":true,"href":"https:\/\/mindforge.org\/fr\/wp-json\/wp\/v2\/users\/3"}],"replies":[{"embeddable":true,"href":"https:\/\/mindforge.org\/fr\/wp-json\/wp\/v2\/comments?post=125"}],"version-history":[{"count":8,"href":"https:\/\/mindforge.org\/fr\/wp-json\/wp\/v2\/pages\/125\/revisions"}],"predecessor-version":[{"id":756,"href":"https:\/\/mindforge.org\/fr\/wp-json\/wp\/v2\/pages\/125\/revisions\/756"}],"wp:attachment":[{"href":"https:\/\/mindforge.org\/fr\/wp-json\/wp\/v2\/media?parent=125"}],"curies":[{"name":"wp","href":"https:\/\/api.w.org\/{rel}","templated":true}]}}