{"id":159,"date":"2013-10-09T16:59:33","date_gmt":"2013-10-09T14:59:33","guid":{"rendered":"http:\/\/www.mindforge.org\/?page_id=159"},"modified":"2018-07-19T01:06:58","modified_gmt":"2018-07-19T01:06:58","slug":"vhosts","status":"publish","type":"page","link":"https:\/\/mindforge.org\/fr\/vhosts\/","title":{"rendered":"VHosts"},"content":{"rendered":"<p>Pour des raisons de s\u00e9curit\u00e9 et de confidentialit\u00e9, les serveurs MindForge crypte l'adresse IP ou le nom de tous les utilisateurs se connectant au r\u00e9seau, de sorte que seuls les op\u00e9rateurs IRC peuvent le voir si cela est n\u00e9cessaire.<br \/>\nEn outre, notre r\u00e9seau offre la possibilit\u00e9 d'assigner vHosts (serveurs virtuels) aux entailles. Il s'agit d'une alternative pour le chiffrement par d\u00e9faut qui permet aux utilisateurs de personnaliser leur propre hostmask. Tous les vhosts pour cette fin de r\u00e9seau avec le domaine de MindForge.org (p. ex. NetAdmin.MindForge.org).<br \/>\nVHosts sont affect\u00e9s \u00e0 une entaille sp\u00e9cifique et <span style=\"text-decoration: underline;\">une seule vHost pour chaque groupe d'entailles est autoris\u00e9<\/span>. Voici trois fa\u00e7ons d\u00e9taill\u00e9e par lesquelles vous pouvez obtenir un h\u00f4te virtuel.<\/p>\n<p><strong><span style=\"color: #00008b;\">VHosts pour le personnel MindForge<\/span><\/strong><\/p>\n<p>Tous les membres de l'\u00e9quipe du r\u00e9seau ont un vHost, qui varie en fonction de leur statut.<\/p>\n<ul>\n<li>NetAdmin.MindForge.org : pour les administrateurs r\u00e9seau.<\/li>\n<li>ServicesAdmin.MindForge.org : pour les administrateurs de services.<\/li>\n<li>Pays.IRCOp.MindForge.org : pour les op\u00e9rateurs IRC.<\/li>\n<li>MF-Helpers.MindForge.org : pour les aides MindForge.<\/li>\n<\/ul>\n<p><strong><span style=\"color: #00008b;\">VHosts pour les canaux r\u00e9guliers<\/span><\/strong><\/p>\n<p>Si vous \u00eates le fondateur d'un canal, vous pouvez \u00e9galement obtenir vHosts avec le <strong>Canal.MindForge.org<\/strong> de format (le nom de la cha\u00eene <span style=\"text-decoration: underline;\">ne peut pas contenir de caract\u00e8res sp\u00e9ciaux<\/span>) pour vous et vos amis.<\/p>\n<ul>\n<li>Les VHosts sont attribu\u00e9s apr\u00e8s une p\u00e9riode de deux semaines au cours \u00e0 laquelles un bot surveille le canal et calcule le nombre moyen d'utilisateurs. Les utilisateurs moyens du canal peuvent \u00eatre v\u00e9rifi\u00e9s sur #MindForge-VHosts avec la commande \"!average #Canal\".<\/li>\n<li>La cha\u00eene doit avoir un nombre minimum d'utilisateurs. Canaux avec <span style=\"text-decoration: underline;\">25<\/span>-44 utilisateurs obtiendront <strong>5<\/strong> vHosts et canaux avec <span style=\"text-decoration: underline;\">45<\/span> utilisateurs ou plus, <strong>7<\/strong> vHosts. Le nombre d'utilisateurs <span style=\"text-decoration: underline;\">doit \u00eatre maintenue<\/span> pour garder les vHosts.<\/li>\n<li>Demandes de canaux qui utilisent clones IRC, BNCs ou mandataires d'augmenter le nombre d'utilisateurs <span style=\"text-decoration: underline;\">ne seront pas accept\u00e9es<\/span>.<\/li>\n<li>Canaux de fouteurs de troubles et les utilisateurs du r\u00e9seau ne seront pas en mesure d'opter pour vHosts.<\/li>\n<li>Le personnel MindForge se r\u00e9serve le droit de v\u00e9rifier p\u00e9riodiquement que les canaux qui ont vhosts continuer \u00e0 suivre les exigences du r\u00e9seau et de les \u00e9liminer si elles ne le font pas.<\/li>\n<\/ul>\n<p>Contactez un membre de l'\u00e9quipe MindForge sur #MindForge-VHosts pour plus d'informations et pour d\u00e9marrer le processus.<br \/>\nRappelez-vous que <span style=\"text-decoration: underline;\">tous les changements et les contr\u00f4les doivent \u00eatre effectu\u00e9s par le fondateur du canal<\/span>. Demandes des utilisateurs ayant le mot de passe mais ne pas \u00eatre le fondateur de la cha\u00eene seront ignor\u00e9s.<\/p>\n<p><strong><span style=\"color: #00008b;\">VHosts pour les canaux avec des projets<\/span><\/strong><\/p>\n<p>Les membres de projets qui contribuent \u00e0 la croissance du r\u00e9seau peuvent \u00e9galement obtenir des h\u00f4tes virtuels. Le format de vHost sera dans le m\u00eame format que les voies habituelles.<br \/>\nL'administrateur de projet sera en mesure de demander sur #MindForge-VHosts un h\u00f4te virtuel pour chaque membre de son \u00e9quipe.<br \/>\n<strong>Important <\/strong>: le projet doit \u00eatre accept\u00e9e par les administrateurs de r\u00e9seau comme cela est expliqu\u00e9 dans les conditions applicables aux projets open source et les autres communaut\u00e9s. Consultez la page des projets pour plus d'informations.<\/p>","protected":false},"excerpt":{"rendered":"<p>Pour des raisons de s\u00e9curit\u00e9 et de confidentialit\u00e9, les serveurs MindForge crypte l'adresse IP ou le nom de tous les utilisateurs se connectant au r\u00e9seau, de sorte que seuls les op\u00e9rateurs IRC peuvent le voir si cela est n\u00e9cessaire. En &hellip;<\/p>\n<p class=\"read-more\"><a href=\"https:\/\/mindforge.org\/fr\/vhosts\/\">Lire la suite &raquo;<\/a><\/p>\n","protected":false},"author":3,"featured_media":0,"parent":0,"menu_order":0,"comment_status":"closed","ping_status":"open","template":"","meta":[],"_links":{"self":[{"href":"https:\/\/mindforge.org\/fr\/wp-json\/wp\/v2\/pages\/159"}],"collection":[{"href":"https:\/\/mindforge.org\/fr\/wp-json\/wp\/v2\/pages"}],"about":[{"href":"https:\/\/mindforge.org\/fr\/wp-json\/wp\/v2\/types\/page"}],"author":[{"embeddable":true,"href":"https:\/\/mindforge.org\/fr\/wp-json\/wp\/v2\/users\/3"}],"replies":[{"embeddable":true,"href":"https:\/\/mindforge.org\/fr\/wp-json\/wp\/v2\/comments?post=159"}],"version-history":[{"count":9,"href":"https:\/\/mindforge.org\/fr\/wp-json\/wp\/v2\/pages\/159\/revisions"}],"predecessor-version":[{"id":758,"href":"https:\/\/mindforge.org\/fr\/wp-json\/wp\/v2\/pages\/159\/revisions\/758"}],"wp:attachment":[{"href":"https:\/\/mindforge.org\/fr\/wp-json\/wp\/v2\/media?parent=159"}],"curies":[{"name":"wp","href":"https:\/\/api.w.org\/{rel}","templated":true}]}}