{"id":191,"date":"2013-10-19T02:52:14","date_gmt":"2013-10-19T00:52:14","guid":{"rendered":"http:\/\/www.mindforge.org\/?page_id=191"},"modified":"2018-07-19T00:21:57","modified_gmt":"2018-07-19T00:21:57","slug":"contact-us","status":"publish","type":"page","link":"https:\/\/mindforge.org\/fr\/contact-us\/","title":{"rendered":"Contactez-nous"},"content":{"rendered":"<p>Il ya diff\u00e9rentes fa\u00e7ons de communiquer avec le personnel MindForge. Choisissez la m\u00e9thode la plus appropri\u00e9e en fonction de la raison pour laquelle vous souhaitez nous contacter.<\/p>\n<p><strong><span style=\"color: #00008b;\">IRC support<\/span><\/strong><\/p>\n<p>S'il vous pla\u00eet lisez la page de <a title=\"Support\" href=\"http:\/\/www.mindforge.org\/fr\/support\/\">support<\/a> pour en savoir plus sur les options d'aide disponibles.<\/p>\n<p><a name=\"banned\"><\/a><strong><span style=\"color: #00008b;\">Banni?<\/span><\/strong><\/p>\n<p>Si vous pensez que vous avez \u00e9t\u00e9 banni du r\u00e9seau par erreur, vous pouvez nous le faire savoir en envoyant un e-mail \u00e0 <img decoding=\"async\" loading=\"lazy\" id=\"imgmail\" class=\"alignnone\" src=\"http:\/\/www.mindforge.org\/wp-content\/themes\/zbench\/images\/akill.gif\" alt=\"\" width=\"120\" height=\"17\" \/> expliquer ce qui s'est pass\u00e9. N'oubliez pas d'inclure les informations suivantes dans le message pour \u00eatre en mesure d'analyser votre cas:<\/p>\n<ul style=\"text-align: justify;\">\n<li><strong>Nick<\/strong>.<\/li>\n<li>Adresse <strong>IP<\/strong>.<\/li>\n<li><strong>Date et heure<\/strong> lorsque l'interdiction a \u00e9t\u00e9 cr\u00e9\u00e9 (y compris votre fuseau horaire ou pays).<\/li>\n<li><strong>Motif<\/strong> de l'interdiction inclus dans le message d'interdiction.<\/li>\n<li><strong>Qui<\/strong> fix\u00e9 l'interdiction (si vous connaissez ou que vous avez une certaine id\u00e9e).<\/li>\n<li><strong>Qu'est-ce que vous faisiez<\/strong> juste avant vous avez \u00e9t\u00e9 banni.<\/li>\n<\/ul>\n<p><strong><span style=\"color: #00008b;\">Autres probl\u00e8mes de r\u00e9seau<br \/>\n<\/span><\/strong><\/p>\n<p>Si vous avez besoin de contacter un administrateur r\u00e9seau, s'il vous pla\u00eet envoyez un e-mail \u00e0 <img decoding=\"async\" loading=\"lazy\" id=\"imgmail\" class=\"alignnone\" src=\"http:\/\/www.mindforge.org\/wp-content\/themes\/zbench\/images\/contact.gif\" alt=\"\" width=\"143\" height=\"17\" \/>.<\/p>","protected":false},"excerpt":{"rendered":"<p>Il ya diff\u00e9rentes fa\u00e7ons de communiquer avec le personnel MindForge. Choisissez la m\u00e9thode la plus appropri\u00e9e en fonction de la raison pour laquelle vous souhaitez nous contacter. IRC support S'il vous pla\u00eet lisez la page de support pour en savoir &hellip;<\/p>\n<p class=\"read-more\"><a href=\"https:\/\/mindforge.org\/fr\/contact-us\/\">Lire la suite &raquo;<\/a><\/p>\n","protected":false},"author":3,"featured_media":0,"parent":0,"menu_order":0,"comment_status":"closed","ping_status":"open","template":"","meta":[],"_links":{"self":[{"href":"https:\/\/mindforge.org\/fr\/wp-json\/wp\/v2\/pages\/191"}],"collection":[{"href":"https:\/\/mindforge.org\/fr\/wp-json\/wp\/v2\/pages"}],"about":[{"href":"https:\/\/mindforge.org\/fr\/wp-json\/wp\/v2\/types\/page"}],"author":[{"embeddable":true,"href":"https:\/\/mindforge.org\/fr\/wp-json\/wp\/v2\/users\/3"}],"replies":[{"embeddable":true,"href":"https:\/\/mindforge.org\/fr\/wp-json\/wp\/v2\/comments?post=191"}],"version-history":[{"count":25,"href":"https:\/\/mindforge.org\/fr\/wp-json\/wp\/v2\/pages\/191\/revisions"}],"predecessor-version":[{"id":749,"href":"https:\/\/mindforge.org\/fr\/wp-json\/wp\/v2\/pages\/191\/revisions\/749"}],"wp:attachment":[{"href":"https:\/\/mindforge.org\/fr\/wp-json\/wp\/v2\/media?parent=191"}],"curies":[{"name":"wp","href":"https:\/\/api.w.org\/{rel}","templated":true}]}}