{"id":292,"date":"2013-11-24T19:00:17","date_gmt":"2013-11-24T18:00:17","guid":{"rendered":"http:\/\/www.mindforge.org\/?page_id=292"},"modified":"2018-07-19T01:17:36","modified_gmt":"2018-07-19T01:17:36","slug":"faqs","status":"publish","type":"page","link":"https:\/\/mindforge.org\/fr\/faqs\/","title":{"rendered":"FAQs"},"content":{"rendered":"<p><\/p>\n<ul>\n<li>1. <a href=\"#1\">Comment puis-je inscrire mon pseudo?<\/a><\/li>\n<li>2. <a href=\"#2\">Je me suis inscrit mon pseudo, mais comment puis-je me connecter \u00e0 chaque fois que je me connecte \u00e0 l'IRC?<\/a><\/li>\n<li>3. <a href=\"#3\">J'ai perdu le mot de passe de mon pseudo!<\/a><\/li>\n<li>4. <a href=\"#4\">J'ai \u00e9t\u00e9 d\u00e9connect\u00e9 du r\u00e9seau, mais mon surnom est encore en usage. Que puis-je faire?<\/a><\/li>\n<li>5. <a href=\"#5\">Comment puis-je enregistrer un canal?<\/a><\/li>\n<li>6. <a href=\"#6\">Comment puis-je configurer un sujet \u00e0 mes cha\u00eenes?<\/a><\/li>\n<li>7. <a href=\"#7\">Comment puis-je attribuer un bot \u00e0 mes cha\u00eenes?<\/a><\/li>\n<li>8. <a href=\"#8\">Comment puis-je faire d'autres gens automatiquement le statut quand ils rejoignent mon canal?<\/a><\/li>\n<li>9. <a href=\"#9\">Comment puis-je obtenir un vHost pour mon pseudo?<\/a><\/li>\n<li>10. <a href=\"#10\">J'ai \u00e9t\u00e9 banni du r\u00e9seau. Comment puis-je contacter un administrateur r\u00e9seau?<\/a><\/li>\n<\/ul>\n<p><a name=\"1\"><\/a><span style=\"color: #00008b;\"><strong>1. Comment puis-je inscrire mon pseudo?<br \/>\n<\/strong><\/span><\/p>\n<blockquote><p>Pour enregistrer votre pseudo taper <code><strong>\/msg NickServ REGISTER<\/strong> <em>MotDePasse<\/em> <em>E-mail<\/em><\/code>. Remplacer <em>MotDePasse<\/em> pour le mot de passe que vous souhaitez utiliser pour votre pseudo et <em>E-mail<\/em> \u00e0 une adresse e-mail r\u00e9elle.<\/p>\n<p>Apr\u00e8s avoir utilis\u00e9 cette commande, vous recevrez un e-mail avec un mot de passe qui est n\u00e9cessaire pour compl\u00e9ter le processus d'inscription. Pour confirmer votre type de compte <code><strong>\/msg NickServ CONFIRM<\/strong> <em>MotDePasse<\/em><\/code>. Remplacer <em>MotDePasse<\/em> pour le mot de passe que vous avez re\u00e7u.<\/p>\n<p><strong>Important<\/strong>: Le surnom expirera automatiquement si vous ne confirmez pas dans les 24 heures.<\/p><\/blockquote>\n<p><a name=\"2\"><\/a><span style=\"color: #00008b;\"><strong>2. Je me suis inscrit mon pseudo, mais comment puis-je me connecter \u00e0 chaque fois que je me connecte \u00e0 l'IRC?<br \/>\n<\/strong><\/span><\/p>\n<blockquote><p>Pour identifier votre type de pseudo <code><strong>\/msg NickServ IDENTIFY<\/strong> <em>MotDePasse<\/em><\/code>.<\/p><\/blockquote>\n<p><a name=\"3\"><\/a><span style=\"color: #00008b;\"><strong>3. J'ai perdu le mot de passe de mon pseudo!<br \/>\n<\/strong><\/span><\/p>\n<blockquote><p>Si vous avez oubli\u00e9 votre mot de passe <code><strong>\/msg NickServ RESETPASS<\/strong> <em>Pseudo<\/em> <em>E-mail<\/em><\/code>. Remplacer E-mail par l'adresse e-mail qui est li\u00e9 \u00e0 votre pseudo.<\/p>\n<p>Apr\u00e8s avoir utilis\u00e9 cette commande, vous recevrez un e-mail avec un code qui est n\u00e9cessaire pour r\u00e9initialiser votre mot de passe. Pour confirmer ce type de processus <code><strong>\/msg NickServ CONFIRM<\/strong> <em>Pseudo<\/em> <em>Code<\/em><\/code>. Remplacer <em>Code<\/em> pour le code que vous avez re\u00e7u.<\/p>\n<p>Enfin, changer votre mot de passe en tapant <code><strong>\/msg NickServ SET Password<\/strong> <em>MotDePasse<\/em><\/code>. Remplacer <em>MotDePasse<\/em> pour le nouveau mot de passe que vous souhaitez utiliser pour votre pseudo.<\/p><\/blockquote>\n<p><a name=\"4\"><\/a><span style=\"color: #00008b;\"><strong>4. J'ai \u00e9t\u00e9 d\u00e9connect\u00e9 du r\u00e9seau, mais mon surnom est encore en usage. Que puis-je faire?<br \/>\n<\/strong><\/span><\/p>\n<blockquote><p>Vous pouvez r\u00e9cup\u00e9rer votre pseudo en tapant <code><strong>\/msg NickServ GHOST<\/strong> <em>Pseudo<\/em> <em>MotDePasse<\/em><\/code>.<\/p><\/blockquote>\n<p><a name=\"5\"><\/a><span style=\"color: #00008b;\"><strong>5. Comment puis-je enregistrer un canal?<br \/>\n<\/strong><\/span><\/p>\n<blockquote><p>Pour enregistrer un canal, vous devez d'abord rejoindre et obtenir l'op\u00e9rateur (+ o ou @) statut. Ensuite, tapez <code><strong>\/msg ChanServ REGISTER_NEW<\/strong> <em>#Canal<\/em> <em>MotDePasse<\/em> <em>Description<\/em><\/code>. Entrez le nom de du <em>#Canal<\/em> et une courte <em>Description<\/em> qui sera affich\u00e9e sur le canal d'information.<\/p>\n<p><strong>Important<\/strong>: Depuis Anope 2, les canaux ont pas le mot de passe plus, alors l'identification de canal est maintenant li\u00e9 au compte de surnom. Pour donner privilegies fondateurs \u00e0 un surnom d'utiliser le niveau de FOUNDER, qui est 10000 par d\u00e9faut. Cochez la case <strong><code>\/msg ChanServ HELP LEVELS<\/code><\/strong> pour plus d'informations.<\/p><\/blockquote>\n<p><a name=\"6\"><\/a><span style=\"color: #00008b;\"><strong>6. Comment puis-je configurer un sujet \u00e0 mes cha\u00eenes?<br \/>\n<\/strong><\/span><\/p>\n<blockquote><p>Pour d\u00e9finir le sujet de votre type de canal <code><strong>\/TOPIC<\/strong> <em>#Canal<\/em> <strong>SET<\/strong> <em>Topic<\/em><\/code>.<\/p>\n<p>En outre, vous pouvez \u00e9viter le sujet du canal des changements ind\u00e9sirables avec l'option LOCK. Tapez <code><strong>\/msg ChanServ TOPIC<\/strong> <em>#Canal<\/em> <strong>LOCK<\/strong><\/code> pour permettre la protection et <code><strong>\/msg ChanServ TOPIC<\/strong> <em>#Canal<\/em> <strong>UNLOCK<\/strong><\/code> pour le d\u00e9sactiver.<\/p>\n<p><strong>Remarque<\/strong>: Le fondateur de canal peut changer le sujet m\u00eame lorsque la protection est activ\u00e9e via <code><strong>\/msg ChanServ TOPIC<\/strong> <em>#Canal<\/em> <strong>SET<\/strong> <em>Topic<\/em><\/code>.<\/p><\/blockquote>\n<p><a name=\"7\"><\/a><span style=\"color: #00008b;\"><strong>7. Comment puis-je attribuer un bot \u00e0 mes cha\u00eenes?<br \/>\n<\/strong><\/span><\/p>\n<blockquote><p>Pour attribuer un bot de services \u00e0 votre type de canal <code><strong>\/msg BotServ ASSIGN<\/strong> <em>#Canal<\/em> <em>NomDeBot<\/em><\/code>. Pour voir une liste de type bots disponibles <strong><code>\/msg BotServ BOTLIST<\/code><\/strong>.<\/p><\/blockquote>\n<p><a name=\"8\"><\/a><span style=\"color: #00008b;\"><strong>8. Comment puis-je faire d'autres gens automatiquement le statut quand ils rejoignent mon canal?<br \/>\n<\/strong><\/span><\/p>\n<blockquote><p>Pour donner un autre statut de l'utilisateur automatiquement sur votre canal, vous pouvez choisir entre les deux moyens les plus utilis\u00e9s:<\/p>\n<p><strong>a)<\/strong> Ajouter un surnom enregistr\u00e9 \u00e0 la liste d'acc\u00e8s au canal en tapant <code><strong>\/msg ChanServ ACCESS<\/strong> #Canal <strong>ADD<\/strong> <em>Pseudo<\/em> <em>Level<\/em><\/code>.<br \/>\n<strong>b)<\/strong> Ajouter un hostmask (nick!ident@hostname) \u00e0 la liste d'acc\u00e8s au canal en tapant <code><strong>\/msg ChanServ ACCESS<\/strong> #Canal <strong>ADD<\/strong> <em>Hostmask<\/em> <em>Level<\/em><\/code>. Si vous ajoutez un hostmask, les utilisateurs rejoignent le canal et correspondant \u00e0 la r\u00e8gle ajout\u00e9e recevront automatiquement le niveau attribu\u00e9.<\/p>\n<p>Chaque niveau est livr\u00e9 avec des privil\u00e8ges diff\u00e9rents. Voici une liste avec les niveaux les plus utiles dans une configuration de canal par d\u00e9faut:<\/p>\n<ul>\n<li><strong>3<\/strong>: L'utilisateur recevra automatiquement voix (+v ou +) sur son statut a la connexion sur le chan.<\/li>\n<li><strong>4<\/strong>: L'utilisateur recevra automatiquement demi-op (+h ou %) sur son statut a la connexion sur le chan.<\/li>\n<li><strong>5<\/strong>: L'utilisateur recevra automatiquement op (+o ou @) sur son statut a la connexion sur le chan.<\/li>\n<li><strong>10<\/strong>: L'utilisateur recevra automatiquement op et protect (+oa ou &amp;) sur son statut a la connexion sur le chan.<\/li>\n<li><strong>10000<\/strong>: L'utilisateur recevra automatiquement le propri\u00e9taire (+q ou ~) sur son statut avec des privil\u00e8ges fondateurs a la connexion sur le chan.<\/li>\n<\/ul>\n<p>Vous pouvez v\u00e9rifier ce que le niveau est requis pour chaque commande ou un privil\u00e8ge en tapant <code><strong>\/msg ChanServ LEVELS<\/strong> <em>#Canal<\/em> <strong>LIST<\/strong><\/code>. Les niveaux sont \u00e9galement modifiable, tapez <strong><code>\/msg ChanServ HELP LEVELS<\/code><\/strong> pour en savoir plus \u00e0 ce sujet.<\/p>\n<p>Pour visualiser le canal type de liste d'acc\u00e8s <code><strong>\/msg ChanServ ACCESS<\/strong> <em>#Canal<\/em> <strong>LIST<\/strong><\/code>.<\/p>\n<p><strong>Remarque<\/strong>: Ajout de r\u00e8gles de hostmask est recommand\u00e9 pour les utilisateurs avanc\u00e9s.<\/p><\/blockquote>\n<p><a name=\"9\"><\/a><span style=\"color: #00008b;\"><strong>9. Comment puis-je obtenir un vHost pour mon pseudo?<br \/>\n<\/strong><\/span><\/p>\n<blockquote><p>Il existe trois mani\u00e8res par lesquelles vous pouvez obtenir un h\u00f4te virtuel pour votre pseudo. Visitez la page des <a title=\"VHosts\" href=\"http:\/\/www.mindforge.org\/fr\/vhosts\/\">vHosts<\/a> pour voir toutes les informations d\u00e9taill\u00e9es.<\/p><\/blockquote>\n<p><a name=\"10\"><\/a><span style=\"color: #00008b;\"><strong>10. J'ai \u00e9t\u00e9 banni du r\u00e9seau. Comment puis-je contacter un administrateur r\u00e9seau?<br \/>\n<\/strong><\/span><\/p>\n<blockquote><p>S'il vous pla\u00eet lire <a title=\"Contactez-nous\" href=\"http:\/\/www.mindforge.org\/fr\/contact-us\/\">cette<\/a> page pour savoir comment nous contacter.<\/p><\/blockquote>\n<p><\/p>","protected":false},"excerpt":{"rendered":"<p>1. Comment puis-je inscrire mon pseudo? 2. Je me suis inscrit mon pseudo, mais comment puis-je me connecter \u00e0 chaque fois que je me connecte \u00e0 l'IRC? 3. J'ai perdu le mot de passe de mon pseudo! 4. J'ai \u00e9t\u00e9 &hellip;<\/p>\n<p class=\"read-more\"><a href=\"https:\/\/mindforge.org\/fr\/faqs\/\">Lire la suite &raquo;<\/a><\/p>\n","protected":false},"author":3,"featured_media":0,"parent":0,"menu_order":0,"comment_status":"closed","ping_status":"open","template":"","meta":[],"_links":{"self":[{"href":"https:\/\/mindforge.org\/fr\/wp-json\/wp\/v2\/pages\/292"}],"collection":[{"href":"https:\/\/mindforge.org\/fr\/wp-json\/wp\/v2\/pages"}],"about":[{"href":"https:\/\/mindforge.org\/fr\/wp-json\/wp\/v2\/types\/page"}],"author":[{"embeddable":true,"href":"https:\/\/mindforge.org\/fr\/wp-json\/wp\/v2\/users\/3"}],"replies":[{"embeddable":true,"href":"https:\/\/mindforge.org\/fr\/wp-json\/wp\/v2\/comments?post=292"}],"version-history":[{"count":49,"href":"https:\/\/mindforge.org\/fr\/wp-json\/wp\/v2\/pages\/292\/revisions"}],"predecessor-version":[{"id":759,"href":"https:\/\/mindforge.org\/fr\/wp-json\/wp\/v2\/pages\/292\/revisions\/759"}],"wp:attachment":[{"href":"https:\/\/mindforge.org\/fr\/wp-json\/wp\/v2\/media?parent=292"}],"curies":[{"name":"wp","href":"https:\/\/api.w.org\/{rel}","templated":true}]}}