{"id":45,"date":"2013-09-26T20:45:55","date_gmt":"2013-09-26T18:45:55","guid":{"rendered":"http:\/\/www.mindforge.org\/?page_id=45"},"modified":"2018-07-19T00:26:32","modified_gmt":"2018-07-19T00:26:32","slug":"linking","status":"publish","type":"page","link":"https:\/\/mindforge.org\/fr\/linking\/","title":{"rendered":"Service de link"},"content":{"rendered":"<p>Voulez vous lier votre reseau a MindForge? Nous avons ouvert un systeme pour permettre aux admins de contribuer a notre reseau. Mais avant d'envoyer votre demande, <span style=\"text-decoration: underline;\">vous devez repondre a toutes les questions suivantes<\/span>.<\/p>\n<p><strong><span style=\"color: #00008b;\">Service requis<br \/>\n<\/span><\/strong><\/p>\n<ul>\n<li>Trafic mensuel 700GB et une bande passante de 10Mbit\/second.<\/li>\n<li>Serveur d\u00e9di\u00e9 ou VPS ex\u00e9cutant un syst\u00e8me d'exploitation UNIX.<\/li>\n<li>H\u00e9bergement stable.<\/li>\n<li>Disponibilit\u00e9 des ports 6667, 6669 et 6697 pour les connexions SSL.<\/li>\n<li>Autorisations pour ex\u00e9cuter IRCd sur votre serveur.<\/li>\n<\/ul>\n<p><strong><span style=\"color: #00008b;\">Ce que nous attendons de vous<br \/>\n<\/span><\/strong><\/p>\n<ul>\n<li>Bon ou compr\u00e9hensible anglais pour communiquer.<\/li>\n<li>Exp\u00e9rience IRC. Ex\u00e9cution de serveurs, \u00e9tant op\u00e9rateur IRC...<\/li>\n<li>Connaissances Linux. Au moins des commandes shell de base pour l'installation et la gestion du serveur.<\/li>\n<li>Vous devez \u00eatre connu sur le r\u00e9seau, sauf si vous venez dans le cadre d'un projet open source et son \u00e9quipe. Nous n'accepterons pas les demandes des gens que nous ne connaissons pas tout de suite, donc nous donner un peu de temps pour apprendre \u00e0 vous conna\u00eetre et de voir si vous vous situez dans notre \u00e9quipe avant de nous d\u00e9cider.<\/li>\n<li>Nous sommes une \u00e9quipe tr\u00e8s motiv\u00e9e et active, donc rester inactif sur votre \u00e9tat n'est pas ce que nous voulons.<\/li>\n<li>Op\u00e9rateurs ne d\u00e9cident pas des choses importantes sur leur propre. Si vous avez une proposition ou une id\u00e9e laissez-nous savoir et nous allons d\u00e9cider en \u00e9quipe.<\/li>\n<li>Vous devez suivre les r\u00e8gles du r\u00e9seau et des r\u00e8gles de IRCOp Nous ne tol\u00e9rons aucune forme de violence.<\/li>\n<\/ul>\n<p><strong><span style=\"color: #00008b;\">Les demandes<br \/>\n<\/span><\/strong><\/p>\n<ul>\n<li>Les demande d'applications de liaison sont examin\u00e9s et trait\u00e9s dans un d\u00e9lai raisonnable. Ils sont vot\u00e9es, approuv\u00e9es et refus\u00e9es par l'\u00e9quipe MindForge.<\/li>\n<li>Si la demande est approuv\u00e9e, le serveur est li\u00e9 et une p\u00e9riode d'essai de 30 jours.<\/li>\n<li>Pendant le test, le candidat se limite au statut d'op\u00e9rateur IRC (ne peut pas utiliser OperServ).<\/li>\n<li>Lorsque la p\u00e9riode d'essai se termine, l'\u00e9quipe de vote et d\u00e9cide \u00e0 nouveau.<\/li>\n<\/ul>\n<p style=\"text-align: center;\">Si vous \u00eates toujours int\u00e9ress\u00e9 \u00e0 lier <a href=\"http:\/\/www.mindforge.org\/fr\/contact-us\/\">envoyer<\/a> l'aplication.<\/p>\n<p><\/p>","protected":false},"excerpt":{"rendered":"<p>Voulez vous lier votre reseau a MindForge? Nous avons ouvert un systeme pour permettre aux admins de contribuer a notre reseau. Mais avant d'envoyer votre demande, vous devez repondre a toutes les questions suivantes. Service requis Trafic mensuel 700GB et &hellip;<\/p>\n<p class=\"read-more\"><a href=\"https:\/\/mindforge.org\/fr\/linking\/\">Lire la suite &raquo;<\/a><\/p>\n","protected":false},"author":3,"featured_media":0,"parent":0,"menu_order":0,"comment_status":"closed","ping_status":"open","template":"","meta":[],"_links":{"self":[{"href":"https:\/\/mindforge.org\/fr\/wp-json\/wp\/v2\/pages\/45"}],"collection":[{"href":"https:\/\/mindforge.org\/fr\/wp-json\/wp\/v2\/pages"}],"about":[{"href":"https:\/\/mindforge.org\/fr\/wp-json\/wp\/v2\/types\/page"}],"author":[{"embeddable":true,"href":"https:\/\/mindforge.org\/fr\/wp-json\/wp\/v2\/users\/3"}],"replies":[{"embeddable":true,"href":"https:\/\/mindforge.org\/fr\/wp-json\/wp\/v2\/comments?post=45"}],"version-history":[{"count":10,"href":"https:\/\/mindforge.org\/fr\/wp-json\/wp\/v2\/pages\/45\/revisions"}],"predecessor-version":[{"id":750,"href":"https:\/\/mindforge.org\/fr\/wp-json\/wp\/v2\/pages\/45\/revisions\/750"}],"wp:attachment":[{"href":"https:\/\/mindforge.org\/fr\/wp-json\/wp\/v2\/media?parent=45"}],"curies":[{"name":"wp","href":"https:\/\/api.w.org\/{rel}","templated":true}]}}