{"id":51,"date":"2013-09-26T22:32:24","date_gmt":"2013-09-26T20:32:24","guid":{"rendered":"http:\/\/www.mindforge.org\/?page_id=51"},"modified":"2018-07-19T00:19:17","modified_gmt":"2018-07-19T00:19:17","slug":"about-mf","status":"publish","type":"page","link":"https:\/\/mindforge.org\/fr\/about-mf\/","title":{"rendered":"Sur MindForge"},"content":{"rendered":"<p>Le r\u00e9seau IRC <strong>MindForge<\/strong> a \u00e9t\u00e9 cr\u00e9\u00e9 le 15 Mars 2005. Il existe pour faciliter, faire conna\u00eetre les logiciels l'Open Source, les communaut\u00e9s de projets de logiciels libres, et de fournir un environnement o\u00f9 ces membres peuvent partager, communiquer et \u00e9changer des id\u00e9es. Il fournit \u00e9galement un lieu ou chatteurs peuvent se rencontrer.<\/p>\n<p>L'utilisation XDCC, FTP, hax0r ou toutes activit\u00e9s commerciales ill\u00e9gales, warez, ainsi que divers types de comportement antisocial, sont interdits sur ce r\u00e9seau.<\/p>\n<p>Vous trouverez que MindForge et un r\u00e9seau IRC convivial. Nous esp\u00e9rons que vous <span style=\"text-decoration: underline;\">appr\u00e9cierez<\/span> votre s\u00e9jour. Bienvenue et surtout et avant tout, amusez-vous! :D<\/p>","protected":false},"excerpt":{"rendered":"<p>Le r\u00e9seau IRC MindForge a \u00e9t\u00e9 cr\u00e9\u00e9 le 15 Mars 2005. Il existe pour faciliter, faire conna\u00eetre les logiciels l'Open Source, les communaut\u00e9s de projets de logiciels libres, et de fournir un environnement o\u00f9 ces membres peuvent partager, communiquer et &hellip;<\/p>\n<p class=\"read-more\"><a href=\"https:\/\/mindforge.org\/fr\/about-mf\/\">Lire la suite &raquo;<\/a><\/p>\n","protected":false},"author":3,"featured_media":0,"parent":0,"menu_order":0,"comment_status":"closed","ping_status":"open","template":"","meta":[],"_links":{"self":[{"href":"https:\/\/mindforge.org\/fr\/wp-json\/wp\/v2\/pages\/51"}],"collection":[{"href":"https:\/\/mindforge.org\/fr\/wp-json\/wp\/v2\/pages"}],"about":[{"href":"https:\/\/mindforge.org\/fr\/wp-json\/wp\/v2\/types\/page"}],"author":[{"embeddable":true,"href":"https:\/\/mindforge.org\/fr\/wp-json\/wp\/v2\/users\/3"}],"replies":[{"embeddable":true,"href":"https:\/\/mindforge.org\/fr\/wp-json\/wp\/v2\/comments?post=51"}],"version-history":[{"count":5,"href":"https:\/\/mindforge.org\/fr\/wp-json\/wp\/v2\/pages\/51\/revisions"}],"predecessor-version":[{"id":747,"href":"https:\/\/mindforge.org\/fr\/wp-json\/wp\/v2\/pages\/51\/revisions\/747"}],"wp:attachment":[{"href":"https:\/\/mindforge.org\/fr\/wp-json\/wp\/v2\/media?parent=51"}],"curies":[{"name":"wp","href":"https:\/\/api.w.org\/{rel}","templated":true}]}}