{"id":63,"date":"2013-09-27T00:44:45","date_gmt":"2013-09-26T22:44:45","guid":{"rendered":"http:\/\/www.mindforge.org\/?page_id=63"},"modified":"2018-07-19T00:38:18","modified_gmt":"2018-07-19T00:38:18","slug":"servers","status":"publish","type":"page","link":"https:\/\/mindforge.org\/fr\/servers\/","title":{"rendered":"Serveurs"},"content":{"rendered":"<p><span style=\"color: #00008b;\"><strong>Connexion<br \/>\n<\/strong><\/span><\/p>\n<p>Pour vous connecter \u00e0 MindForge, nous vous recommandons d'utiliser la rotation du serveur principal:<\/p>\n<ul>\n<li><a href=\"irc:\/\/irc.mindforge.org\">irc.MindForge.org<\/a><\/li>\n<\/ul>\n<p>Tous nos serveurs, \u00e9coutent sur les ports <strong>6667<\/strong> et <strong>6669 <\/strong>pour des liaisons r\u00e9guli\u00e8res et <strong>6697<\/strong> pour les connexions <a href=\"#ssl\">SSL<\/a>. Seulement <strong>IPv4<\/strong> est pris en charge pour le moment.<br \/>\nLe nombre maximum de connexions par IP est de <strong>3<\/strong>. Il est possible de demander une augmentation des IP statiques dans des <span style=\"text-decoration: underline;\">cas particuliers<\/span> (BNCs, shells, etc.) dans un canal d'aide.<\/p>\n<p><span style=\"color: #00008b;\"><strong>Contribuer<br \/>\n<\/strong><\/span><\/p>\n<p>Si vous \u00eates int\u00e9ress\u00e9 pour linker au serveur de MindForge, veuillez regarder \u00e0 la <a title=\"Linking\" href=\"http:\/\/www.mindforge.org\/fr\/linking\/\">demande de liaison<\/a>.<\/p>\n<p><span style=\"color: #00008b;\"><strong>Proxy scanner<br \/>\n<\/strong><\/span><\/p>\n<p>Toutes les connexions au r\u00e9seau sont analys\u00e9s pour v\u00e9rifier les procurations et autres types de connexions non s\u00e9curis\u00e9es. Si vous ne consentez pas \u00e0 ces types de scans s'il vous pla\u00eet d\u00e9connectez vous du r\u00e9seau directement.<br \/>\nLes proxies ouverts sont automatiquement interdits. Si vous pensez que l'interdiction a \u00e9t\u00e9 mis par erreur, s'il vous pla\u00eet laissez-nous savoir en utilisant le lien fourni dans le motif d'interdiction.<\/p>\n<p><a name=\"ssl\"><\/a><span style=\"color: #00008b;\"><strong>SSL<br \/>\n<\/strong><\/span><\/p>\n<p>SSL est un protocole cryptographique qui peut fournir des communications s\u00e9curis\u00e9es sur Internet. Vous pouvez vous connecter \u00e0 notre r\u00e9seau IRC en utilisant une connexion crypt\u00e9e via le port <strong>6697<\/strong>. La plupart des clients IRC en charge SSL (p. ex. mIRC, XChat, KVIrc), mais parfois, il doit \u00eatre install\u00e9.<br \/>\nVersions <strong>OpenSSL<\/strong> pour les utilisateurs de <span style=\"text-decoration: underline;\">Windows<\/span> sont disponibles <a href=\"http:\/\/slproweb.com\/products\/Win32OpenSSL.html\" target=\"_blank\" rel=\"noopener\">ici<\/a>. Les utilisateurs de <span style=\"text-decoration: underline;\">Linux<\/span> doivent v\u00e9rifier s'il est install\u00e9 et si c'est le cas, v\u00e9rifiez que c'est la version pr\u00e9c\u00e9dente. Les sources peuvent \u00eatre trouv\u00e9s <a href=\"http:\/\/www.openssl.org\/source\/\" target=\"_blank\" rel=\"noopener\">ici<\/a>.<\/p>","protected":false},"excerpt":{"rendered":"<p>Connexion Pour vous connecter \u00e0 MindForge, nous vous recommandons d'utiliser la rotation du serveur principal: irc.MindForge.org Tous nos serveurs, \u00e9coutent sur les ports 6667 et 6669 pour des liaisons r\u00e9guli\u00e8res et 6697 pour les connexions SSL. Seulement IPv4 est pris &hellip;<\/p>\n<p class=\"read-more\"><a href=\"https:\/\/mindforge.org\/fr\/servers\/\">Lire la suite &raquo;<\/a><\/p>\n","protected":false},"author":3,"featured_media":0,"parent":0,"menu_order":0,"comment_status":"closed","ping_status":"open","template":"","meta":[],"_links":{"self":[{"href":"https:\/\/mindforge.org\/fr\/wp-json\/wp\/v2\/pages\/63"}],"collection":[{"href":"https:\/\/mindforge.org\/fr\/wp-json\/wp\/v2\/pages"}],"about":[{"href":"https:\/\/mindforge.org\/fr\/wp-json\/wp\/v2\/types\/page"}],"author":[{"embeddable":true,"href":"https:\/\/mindforge.org\/fr\/wp-json\/wp\/v2\/users\/3"}],"replies":[{"embeddable":true,"href":"https:\/\/mindforge.org\/fr\/wp-json\/wp\/v2\/comments?post=63"}],"version-history":[{"count":9,"href":"https:\/\/mindforge.org\/fr\/wp-json\/wp\/v2\/pages\/63\/revisions"}],"predecessor-version":[{"id":754,"href":"https:\/\/mindforge.org\/fr\/wp-json\/wp\/v2\/pages\/63\/revisions\/754"}],"wp:attachment":[{"href":"https:\/\/mindforge.org\/fr\/wp-json\/wp\/v2\/media?parent=63"}],"curies":[{"name":"wp","href":"https:\/\/api.w.org\/{rel}","templated":true}]}}