{"id":148,"date":"2013-10-04T15:43:51","date_gmt":"2013-10-04T13:43:51","guid":{"rendered":"http:\/\/www.mindforge.org\/?page_id=148"},"modified":"2018-07-19T00:32:44","modified_gmt":"2018-07-19T00:32:44","slug":"rules","status":"publish","type":"page","link":"https:\/\/mindforge.org\/it\/rules\/","title":{"rendered":"Regole"},"content":{"rendered":"<p>Se vuoi stare in MindForge, devi rispettare tutte le regole della rete. Il ripetuto mancato rispetto di queste regole comporter\u00e0 un divieto d'accesso dalla rete.<\/p>\n<p>Se una regola non dovesse essere chiara, lo staff della rete valuter\u00e0 quale sia la decisione pi\u00f9 appropriata per risolvere il problema. Per cortesia, non credere che puoi evitare le regole, interpretandole a tuo modo.<\/p>\n<p><span style=\"color: #00008b;\"><strong>Regole della rete<\/strong><\/span><\/p>\n<ul>\n<li>1. Non <strong>molestare<\/strong> o fare <strong>flaming<\/strong> agli utenti.<\/li>\n<\/ul>\n<ul>\n<li>2. No al <strong>razzismo<\/strong>, <strong>sessismo<\/strong> o qualcosa di incitamento all\u2019<strong>odio<\/strong>, alla <strong>discriminazione<\/strong> o di <strong>abuso<\/strong>.<\/li>\n<\/ul>\n<ul>\n<li>3. <strong>Pedofilia<\/strong> e <strong>pornografia<\/strong> sono assolutamente vietate.<\/li>\n<\/ul>\n<ul>\n<li>4. Niente <strong>spam<\/strong> di canali, siti o altre reti IRC.<br \/>\nLo spam \u00e8 definito come l'invio di messaggi non pertinenti e fastidiosi indiscriminatamente, soprattutto per promuovere qualcosa. La rete MindForge utilizza filtri per bloccare questi messaggi che proteggono gli utenti da siti web dannosi, files e servizi. Se si pensa che il ban \u00e8 stato fatto per errore, ti preghiamo di <a title=\"Contattaci us\" href=\"http:\/\/www.mindforge.org\/it\/contact-us\/\">contattarci<\/a>.<\/li>\n<\/ul>\n<ul>\n<li>5. No <strong>flood<\/strong>.<br \/>\nIl flood \u00e8 definito come l'invio di grandi quantit\u00e0 e ripetute di informazioni (testo, CTCP, join\/part, cambia nick...) in breve tempo senza alcun motivo valido.<\/li>\n<\/ul>\n<ul>\n<li>6. Non tentare di <strong>rubare<\/strong> <strong>nick<\/strong> o <strong>canali<\/strong> registrati.<\/li>\n<\/ul>\n<ul>\n<li>7. No agli <strong>abusi<\/strong> di connessioni.<\/li>\n<\/ul>\n<ul>\n<li>8. Connettersi tramite <strong>connessioni non protette<\/strong> non \u00e8 permesso.<br \/>\nControlla la pagina dei <a title=\"Server\" href=\"http:\/\/www.mindforge.org\/it\/servers\/\">server<\/a> per maggior informazioni riguardo il proxy scanner di MindForge.<\/li>\n<\/ul>\n<ul>\n<li>9. Non tentare di <strong>evadere<\/strong> i <strong>ban<\/strong> di rete o canale.<br \/>\n\u00c8 necessario attenderla scadenza o la rimozione del ban.<\/li>\n<\/ul>\n<ul>\n<li>10.<strong> Warez<\/strong>, <strong>XDCC<\/strong>, <strong>FTP<\/strong>, <strong>hax0r<\/strong>, <strong>botnet<\/strong> e le <strong>attivit\u00e0 commerciali<\/strong> non sono ammessi in questa rete.<br \/>\nIl warez si riferisce principalmente alle opere protette da copyright distribuiti senza canoni o diritti d\u2019autore, e pu\u00f2 essere scambiata, in violazione generale del diritto d'autore. \u00c8 necessario rispettare la propriet\u00e0 intellettuale e il copyright.<\/li>\n<\/ul>\n<ul>\n<li>11. Non tentare di <strong>nuocere<\/strong> o <strong>truffare<\/strong> gli utenti in qualsiasi modo.<\/li>\n<\/ul>\n<ul>\n<li style=\"text-align: justify;\">12. Nessun <strong>attacco<\/strong> di qualsiasi tipo.<br \/>\nDDoS, nuke, ICMP, hacking, virus e trojan distribuzione, etc...<\/li>\n<\/ul>\n<p><\/p>","protected":false},"excerpt":{"rendered":"<p>Se vuoi stare in MindForge, devi rispettare tutte le regole della rete. Il ripetuto mancato rispetto di queste regole comporter\u00e0 un divieto d'accesso dalla rete. Se una regola non dovesse essere chiara, lo staff della rete valuter\u00e0 quale sia la &hellip;<\/p>\n<p class=\"read-more\"><a href=\"https:\/\/mindforge.org\/it\/rules\/\">Continua &raquo;<\/a><\/p>\n","protected":false},"author":3,"featured_media":0,"parent":0,"menu_order":0,"comment_status":"closed","ping_status":"open","template":"","meta":[],"_links":{"self":[{"href":"https:\/\/mindforge.org\/it\/wp-json\/wp\/v2\/pages\/148"}],"collection":[{"href":"https:\/\/mindforge.org\/it\/wp-json\/wp\/v2\/pages"}],"about":[{"href":"https:\/\/mindforge.org\/it\/wp-json\/wp\/v2\/types\/page"}],"author":[{"embeddable":true,"href":"https:\/\/mindforge.org\/it\/wp-json\/wp\/v2\/users\/3"}],"replies":[{"embeddable":true,"href":"https:\/\/mindforge.org\/it\/wp-json\/wp\/v2\/comments?post=148"}],"version-history":[{"count":13,"href":"https:\/\/mindforge.org\/it\/wp-json\/wp\/v2\/pages\/148\/revisions"}],"predecessor-version":[{"id":751,"href":"https:\/\/mindforge.org\/it\/wp-json\/wp\/v2\/pages\/148\/revisions\/751"}],"wp:attachment":[{"href":"https:\/\/mindforge.org\/it\/wp-json\/wp\/v2\/media?parent=148"}],"curies":[{"name":"wp","href":"https:\/\/api.w.org\/{rel}","templated":true}]}}