{"id":51,"date":"2013-09-26T22:32:24","date_gmt":"2013-09-26T20:32:24","guid":{"rendered":"http:\/\/www.mindforge.org\/?page_id=51"},"modified":"2018-07-19T00:19:17","modified_gmt":"2018-07-19T00:19:17","slug":"about-mf","status":"publish","type":"page","link":"https:\/\/mindforge.org\/it\/about-mf\/","title":{"rendered":"Su MindForge"},"content":{"rendered":"<p>La rete IRC <strong>MindForge<\/strong> \u00e8 stata creata il 15 marzo 2005. Essa esiste per fornire servizi open source e comunit\u00e0 libere di progetti software, e per offrire un ambiente in cui questi membri della comunit\u00e0 possono condividere, comunicare e scambiarsi idee. Essa fornisce anche un luogo per chattare ed incontrarsi.<\/p>\n<p>XDCC, FTP, hax0r, attivit\u00e0 commerciali illegali, warez, nonch\u00e9 vari tipi di comportamento antisociale sono tutti vietati su questa rete.<\/p>\n<p>Troverete MindForge una rete IRC amichevole. Ci auguriamo che il vostro soggiorno sia di vostro <span style=\"text-decoration: underline;\">gradimento<\/span>. Benvenuto e, soprattutto, buon divertimento! :D<\/p>","protected":false},"excerpt":{"rendered":"<p>La rete IRC MindForge \u00e8 stata creata il 15 marzo 2005. Essa esiste per fornire servizi open source e comunit\u00e0 libere di progetti software, e per offrire un ambiente in cui questi membri della comunit\u00e0 possono condividere, comunicare e scambiarsi &hellip;<\/p>\n<p class=\"read-more\"><a href=\"https:\/\/mindforge.org\/it\/about-mf\/\">Continua &raquo;<\/a><\/p>\n","protected":false},"author":3,"featured_media":0,"parent":0,"menu_order":0,"comment_status":"closed","ping_status":"open","template":"","meta":[],"_links":{"self":[{"href":"https:\/\/mindforge.org\/it\/wp-json\/wp\/v2\/pages\/51"}],"collection":[{"href":"https:\/\/mindforge.org\/it\/wp-json\/wp\/v2\/pages"}],"about":[{"href":"https:\/\/mindforge.org\/it\/wp-json\/wp\/v2\/types\/page"}],"author":[{"embeddable":true,"href":"https:\/\/mindforge.org\/it\/wp-json\/wp\/v2\/users\/3"}],"replies":[{"embeddable":true,"href":"https:\/\/mindforge.org\/it\/wp-json\/wp\/v2\/comments?post=51"}],"version-history":[{"count":5,"href":"https:\/\/mindforge.org\/it\/wp-json\/wp\/v2\/pages\/51\/revisions"}],"predecessor-version":[{"id":747,"href":"https:\/\/mindforge.org\/it\/wp-json\/wp\/v2\/pages\/51\/revisions\/747"}],"wp:attachment":[{"href":"https:\/\/mindforge.org\/it\/wp-json\/wp\/v2\/media?parent=51"}],"curies":[{"name":"wp","href":"https:\/\/api.w.org\/{rel}","templated":true}]}}