{"id":63,"date":"2013-09-27T00:44:45","date_gmt":"2013-09-26T22:44:45","guid":{"rendered":"http:\/\/www.mindforge.org\/?page_id=63"},"modified":"2018-07-19T00:38:18","modified_gmt":"2018-07-19T00:38:18","slug":"servers","status":"publish","type":"page","link":"https:\/\/mindforge.org\/it\/servers\/","title":{"rendered":"Server"},"content":{"rendered":"<p><span style=\"color: #00008b;\"><strong>Connessione<br \/>\n<\/strong><\/span><\/p>\n<p>Per connettersi a MindForge, consigliamo vivamente di utilizzare il server principale:<\/p>\n<ul>\n<li><a href=\"irc:\/\/irc.mindforge.org\">irc.MindForge.org<\/a><\/li>\n<\/ul>\n<p>Tutti i nostri server sono in ascolto sulle porte <strong>6667<\/strong> e <strong>6669 <\/strong>per i collegamenti regolari e <strong>6697<\/strong> per le connessioni <a href=\"#ssl\">SSL<\/a>. Al momento \u00e8 supportato solamente l'<strong>IPv4<\/strong>. Il numero di connessioni massime per IP \u00e8 di <strong>3<\/strong>. E 'possibile richiedere un aumento di indirizzi IP statici in <span style=\"text-decoration: underline;\">casi particolari<\/span> (BNCs, shells, ecc.) in un canale di aiuto.<\/p>\n<p><span style=\"color: #00008b;\"><strong>Contributo<br \/>\n<\/strong><\/span><\/p>\n<p>Se siete interessati a collegare un server a MindForge date un'occhiata all'<a title=\"Linking\" href=\"http:\/\/www.mindforge.org\/it\/linking\/\">applicazione collegamento<\/a>.<\/p>\n<p><span style=\"color: #00008b;\"><strong>Scansione proxy<br \/>\n<\/strong><\/span><\/p>\n<p>Tutte le connessioni alla rete vengono sottoposte ad una scansione per verificare la presenza di proxy ed altri tipi di connessioni non sicure. Se non acconsenti a questi tipi di scansione sei pregato di disconnetterti dalla rete in questo momento.<br \/>\nI proxy aperti vengono bannati automaticamente. Se si pensa che il ban sia stato effettuato per errore, vi preghiamo di farcelo sapere utilizzando il link fornito nella ragione del ban.<\/p>\n<p><a name=\"ssl\"><\/a><span style=\"color: #00008b;\"><strong>SSL<br \/>\n<\/strong><\/span><\/p>\n<p>SSL \u00e8 un protocollo crittografico che pu\u00f2 fornire comunicazioni sicure su Internet. \u00c8 possibile collegarsi alla nostra rete IRC utilizzando una connessione crittografata tramite la porta <strong>6697<\/strong>. La maggior parte dei client IRC supportare SSL (ad esempio mIRC, XChat, KVIrc, ecc.), ma a volte bisogna installarlo.<br \/>\nLe varie versioni di <strong>OpenSSL<\/strong> per gli utenti <span style=\"text-decoration: underline;\">Windows<\/span> sono disponibili cliccando <a href=\"http:\/\/slproweb.com\/products\/Win32OpenSSL.html\" target=\"_blank\" rel=\"noopener\">qui<\/a>. Gli utenti <span style=\"text-decoration: underline;\">Linux<\/span> hanno bisogno di controllare se \u00e8 installato e, in caso affermativo, verificare che sia aggiornato all'ultima versione. Le fonti possono essere trovati <a href=\"http:\/\/www.openssl.org\/source\/\" target=\"_blank\" rel=\"noopener\">qui<\/a>.<\/p>","protected":false},"excerpt":{"rendered":"<p>Connessione Per connettersi a MindForge, consigliamo vivamente di utilizzare il server principale: irc.MindForge.org Tutti i nostri server sono in ascolto sulle porte 6667 e 6669 per i collegamenti regolari e 6697 per le connessioni SSL. Al momento \u00e8 supportato solamente &hellip;<\/p>\n<p class=\"read-more\"><a href=\"https:\/\/mindforge.org\/it\/servers\/\">Continua &raquo;<\/a><\/p>\n","protected":false},"author":3,"featured_media":0,"parent":0,"menu_order":0,"comment_status":"closed","ping_status":"open","template":"","meta":[],"_links":{"self":[{"href":"https:\/\/mindforge.org\/it\/wp-json\/wp\/v2\/pages\/63"}],"collection":[{"href":"https:\/\/mindforge.org\/it\/wp-json\/wp\/v2\/pages"}],"about":[{"href":"https:\/\/mindforge.org\/it\/wp-json\/wp\/v2\/types\/page"}],"author":[{"embeddable":true,"href":"https:\/\/mindforge.org\/it\/wp-json\/wp\/v2\/users\/3"}],"replies":[{"embeddable":true,"href":"https:\/\/mindforge.org\/it\/wp-json\/wp\/v2\/comments?post=63"}],"version-history":[{"count":9,"href":"https:\/\/mindforge.org\/it\/wp-json\/wp\/v2\/pages\/63\/revisions"}],"predecessor-version":[{"id":754,"href":"https:\/\/mindforge.org\/it\/wp-json\/wp\/v2\/pages\/63\/revisions\/754"}],"wp:attachment":[{"href":"https:\/\/mindforge.org\/it\/wp-json\/wp\/v2\/media?parent=63"}],"curies":[{"name":"wp","href":"https:\/\/api.w.org\/{rel}","templated":true}]}}