{"id":125,"date":"2013-10-02T22:35:51","date_gmt":"2013-10-02T20:35:51","guid":{"rendered":"http:\/\/www.mindforge.org\/?page_id=125"},"modified":"2018-07-19T00:41:27","modified_gmt":"2018-07-19T00:41:27","slug":"support","status":"publish","type":"page","link":"https:\/\/mindforge.org\/pl\/support\/","title":{"rendered":"Wsparcie"},"content":{"rendered":"<p>MindForge zapewnia kilka kana\u0142\u00f3w wspier\u0105jacych u\u017cytkownik\u00f3w potrzebuj\u0105cych pomocy. Lista oficjalnych kana\u0142\u00f3w sieci jest wyszczeg\u00f3lniona poni\u017cej.<\/p>\n<p><strong><span style=\"color: #00008b;\">#MindForge<\/span><\/strong><\/p>\n<p>Jest to oficjalny kana\u0142 wsparcia MindForge i jest dost\u0119pny dla pomocy w kwestich zwi\u0105zanych z sieci\u0105 oraz linkowaniem serwer\u00f3w. Prosz\u0119 nie pisz nick\u00f3w i nie otwieraj okien prywatnej rozmowy z IRC Operatorami; poprostu wejd\u017a na kana\u0142, przedstaw swoje pytanie b\u0105dz spraw\u0119 i b\u0105dz cierpliwy.<\/p>\n<p><strong><span style=\"color: #00008b;\">#MindForge-Chat<\/span><\/strong><\/p>\n<p>Oficjalny kana\u0142 MindForge s\u0142u\u017c\u0105cy do czatowania. U\u017cytkownicy mog\u0105 wej\u015b\u0107 na ten kana\u0142 aby zapyta\u0107 o wszelkie sprawy dotycz\u0105ce IRC. Opr\u00f3cz tego nie zapominamy, \u017ce IRC jest dla rozrywki tak wi\u0119c ten kana\u0142 mo\u017ce by\u0107 mi\u0142ym miejscem do rozm\u00f3w, a tak\u017ce spotkania nowych ludzi.<\/p>\n<p><strong><span style=\"color: #00008b;\">#MindForge-VHosts<\/span><\/strong><\/p>\n<p>Jest to oficjalny kana\u0142 do przyznawania wirtualnych hostow. Sprawd\u017a <a title=\"VHosty\" href=\"http:\/\/www.mindforge.org\/pl\/vhosts\/\">polityk\u0119 przyznawania wirtualnych host\u00f3w<\/a> aby dowiedzie\u0107 si\u0119 wi\u0119cej.<\/p>","protected":false},"excerpt":{"rendered":"<p>MindForge zapewnia kilka kana\u0142\u00f3w wspier\u0105jacych u\u017cytkownik\u00f3w potrzebuj\u0105cych pomocy. Lista oficjalnych kana\u0142\u00f3w sieci jest wyszczeg\u00f3lniona poni\u017cej. #MindForge Jest to oficjalny kana\u0142 wsparcia MindForge i jest dost\u0119pny dla pomocy w kwestich zwi\u0105zanych z sieci\u0105 oraz linkowaniem serwer\u00f3w. Prosz\u0119 nie pisz nick\u00f3w i &hellip;<\/p>\n<p class=\"read-more\"><a href=\"https:\/\/mindforge.org\/pl\/support\/\">Czytaj wi\u0119cej &raquo;<\/a><\/p>\n","protected":false},"author":3,"featured_media":0,"parent":0,"menu_order":0,"comment_status":"closed","ping_status":"open","template":"","meta":[],"_links":{"self":[{"href":"https:\/\/mindforge.org\/pl\/wp-json\/wp\/v2\/pages\/125"}],"collection":[{"href":"https:\/\/mindforge.org\/pl\/wp-json\/wp\/v2\/pages"}],"about":[{"href":"https:\/\/mindforge.org\/pl\/wp-json\/wp\/v2\/types\/page"}],"author":[{"embeddable":true,"href":"https:\/\/mindforge.org\/pl\/wp-json\/wp\/v2\/users\/3"}],"replies":[{"embeddable":true,"href":"https:\/\/mindforge.org\/pl\/wp-json\/wp\/v2\/comments?post=125"}],"version-history":[{"count":8,"href":"https:\/\/mindforge.org\/pl\/wp-json\/wp\/v2\/pages\/125\/revisions"}],"predecessor-version":[{"id":756,"href":"https:\/\/mindforge.org\/pl\/wp-json\/wp\/v2\/pages\/125\/revisions\/756"}],"wp:attachment":[{"href":"https:\/\/mindforge.org\/pl\/wp-json\/wp\/v2\/media?parent=125"}],"curies":[{"name":"wp","href":"https:\/\/api.w.org\/{rel}","templated":true}]}}