{"id":148,"date":"2013-10-04T15:43:51","date_gmt":"2013-10-04T13:43:51","guid":{"rendered":"http:\/\/www.mindforge.org\/?page_id=148"},"modified":"2018-07-19T00:32:44","modified_gmt":"2018-07-19T00:32:44","slug":"rules","status":"publish","type":"page","link":"https:\/\/mindforge.org\/pl\/rules\/","title":{"rendered":"Regulamin"},"content":{"rendered":"<p>Aby zosta\u0107 na MindForge musisz przestrzega\u0107 ca\u0142ego regulaminu sieci. Powtarz\u0105j\u0105cy si\u0119 brak przestrzegania tego regulaminu b\u0119dzie skutkowa\u0142 zbanowaniem dost\u0119pu do sieci.<\/p>\n<p>Je\u017celi reg\u00f3\u0142a nie jest jasna w pewnej sytuacji to personel sieci rozwa\u017cy co jest najbardziej odpowiedni\u0105 decyzj\u0105 aby rozwi\u0105za\u0107 problem. Prosz\u0119 nie wierz, \u017ce mo\u017cesz obchodzi\u0107 regulamin interpretuj\u0105c go w sw\u00f3j w\u0142asny spos\u00f3b.<\/p>\n<p><span style=\"color: #00008b;\"><strong>Regulamin sieci<\/strong><\/span><\/p>\n<ul>\n<li>1. Zakaz <strong>dr\u0119czenia<\/strong> i <strong>przezywania<\/strong> innych u\u017cytkownik\u00f3w.<\/li>\n<\/ul>\n<ul>\n<li>2. Zakaz <strong>rasizmu<\/strong>, <strong>seksizmu<\/strong>, pod\u017cegania do <strong>nienawi\u015bci<\/strong>, <strong>dyskryminowania<\/strong> czy <strong>nadu\u017cy\u0107<\/strong>.<\/li>\n<\/ul>\n<ul>\n<li>3.<strong> Pedofilia<\/strong> oraz <strong>pornografia<\/strong> s\u0105 absolutnie zabronione.<\/li>\n<\/ul>\n<ul>\n<li>4. Zakaz <strong>spamowania<\/strong> czy reklamowania kana\u0142\u00f3w, stron internetowych i innych sieci IRC.<br \/>\nSpam jest zdefiniowany jako wysy\u0142anie nieistotnych i denerwuj\u0105cych komunikat\u00f3w dookola, w szczeg\u00f3lno\u015bci aby co\u015b promowa\u0107. Siec MindForge u\u017cywa filtr\u00f3w do blokowania takich wiadomo\u015bci chroni\u0105c u\u017cytkownik\u00f3w przed z\u0142o\u015bliwymi stronami, plikami i serwisami. Je\u017celi s\u0105dzisz, \u017ce ban zosta\u0142 dany przez nieporozumienie <a title=\"Kontakt\" href=\"http:\/\/www.mindforge.org\/pl\/contact-us\/\">prosz\u0119 si\u0119 z nami skontaktowa\u0107<\/a>.<\/li>\n<\/ul>\n<ul>\n<li>5. Zakaz <strong>floodowania<\/strong>.<br \/>\nFlodowanie jest zdefiniowane jako wysy\u0142anie du\u017cych ilo\u015bci powtarzaj\u0105cych si\u0119 informacji (tekstu, ctcp, wchodzenia\/wychodzenia, zmiany nick\u00f3w itp...) w kr\u00f3tkim czasie i bez konkretnego powodu.<\/li>\n<\/ul>\n<ul>\n<li>6. Nie pr\u00f3buj <strong>kra\u015b\u0107<\/strong> zarejestrowanych <strong>pseudonim\u00f3w<\/strong> czy <strong>kana\u0142\u00f3w<\/strong>.<\/li>\n<\/ul>\n<ul>\n<li>7. Nie <strong>nadu\u017cywaj<\/strong> ilo\u015bci i cz\u0119sto\u015bci po\u0142\u0105cze\u0144.<\/li>\n<\/ul>\n<ul>\n<li>8. \u0141\u0105czenie si\u0119 przez <strong>niezabezpieczone po\u0142\u0105czenia<\/strong> nie jest dozwolone.<br \/>\nSprawd\u017a stron\u0119 <a title=\"Serwery\" href=\"http:\/\/www.mindforge.org\/pl\/servers\/\">serwera<\/a> dla zdobycia wiekszej ilo\u015bci informacji na temat skanera proxy na MindForge.<\/li>\n<\/ul>\n<ul>\n<li>9. Nie pr\u00f3buj <strong>obchodzi\u0107<\/strong> sieciowych czy kana\u0142owych <strong>ban\u00f3w<\/strong>.<br \/>\nMusisz poczeka\u0107 a\u017c ban wyga\u015bnie czy zostanie usuni\u0119ty.<\/li>\n<\/ul>\n<ul>\n<li>10.<strong> Warez<\/strong>, <strong>XDCC<\/strong>, <strong>FTP<\/strong>, <strong>hax0r<\/strong>, <strong>botnety<\/strong> i <strong>dzia\u0142alno\u015b\u0107 komercyjna<\/strong> s\u0105 zakazane na tej sieci.<br \/>\nWarez dotyczy g\u0142\u00f3wnie prac chronionych prawem autorskim rozpowszechnianych bez op\u0142at lub nale\u017cnosci licencyjnych mog\u0105cych by\u0107 przedmiotem obrotu og\u00f3lnie rzecz bior\u0105c naruszaj\u0105cego prawa autorskie.<\/li>\n<\/ul>\n<ul>\n<li>11. Nie pr\u00f3buj <strong>oszukiwa\u0107<\/strong> czy <strong>szkodzi\u0107<\/strong> u\u017cytkownikom w \u017caden spos\u00f3b.<\/li>\n<\/ul>\n<ul>\n<li style=\"text-align: justify;\">12. Zabronione s\u0105 wszelkiego typu <strong>ataki<\/strong>.<br \/>\nDDoS, nuke, ICMP, hackowanie, rozpowszechnianie wirus\u00f3w czy trojan\u00f3w...<\/li>\n<\/ul>\n<p><\/p>","protected":false},"excerpt":{"rendered":"<p>Aby zosta\u0107 na MindForge musisz przestrzega\u0107 ca\u0142ego regulaminu sieci. Powtarz\u0105j\u0105cy si\u0119 brak przestrzegania tego regulaminu b\u0119dzie skutkowa\u0142 zbanowaniem dost\u0119pu do sieci. Je\u017celi reg\u00f3\u0142a nie jest jasna w pewnej sytuacji to personel sieci rozwa\u017cy co jest najbardziej odpowiedni\u0105 decyzj\u0105 aby rozwi\u0105za\u0107 &hellip;<\/p>\n<p class=\"read-more\"><a href=\"https:\/\/mindforge.org\/pl\/rules\/\">Czytaj wi\u0119cej &raquo;<\/a><\/p>\n","protected":false},"author":3,"featured_media":0,"parent":0,"menu_order":0,"comment_status":"closed","ping_status":"open","template":"","meta":[],"_links":{"self":[{"href":"https:\/\/mindforge.org\/pl\/wp-json\/wp\/v2\/pages\/148"}],"collection":[{"href":"https:\/\/mindforge.org\/pl\/wp-json\/wp\/v2\/pages"}],"about":[{"href":"https:\/\/mindforge.org\/pl\/wp-json\/wp\/v2\/types\/page"}],"author":[{"embeddable":true,"href":"https:\/\/mindforge.org\/pl\/wp-json\/wp\/v2\/users\/3"}],"replies":[{"embeddable":true,"href":"https:\/\/mindforge.org\/pl\/wp-json\/wp\/v2\/comments?post=148"}],"version-history":[{"count":13,"href":"https:\/\/mindforge.org\/pl\/wp-json\/wp\/v2\/pages\/148\/revisions"}],"predecessor-version":[{"id":751,"href":"https:\/\/mindforge.org\/pl\/wp-json\/wp\/v2\/pages\/148\/revisions\/751"}],"wp:attachment":[{"href":"https:\/\/mindforge.org\/pl\/wp-json\/wp\/v2\/media?parent=148"}],"curies":[{"name":"wp","href":"https:\/\/api.w.org\/{rel}","templated":true}]}}