{"id":159,"date":"2013-10-09T16:59:33","date_gmt":"2013-10-09T14:59:33","guid":{"rendered":"http:\/\/www.mindforge.org\/?page_id=159"},"modified":"2018-07-19T01:06:58","modified_gmt":"2018-07-19T01:06:58","slug":"vhosts","status":"publish","type":"page","link":"https:\/\/mindforge.org\/pl\/vhosts\/","title":{"rendered":"VHosty"},"content":{"rendered":"<p>Dla zachowania bezpiecze\u0144stwa i prywatno\u015bci serwery MindForge standardowo koduj\u0105 adresy IP oraz hosty wszystkich u\u017cytkownik\u00f3w pod\u0142\u0105czonych do sieci tak, \u017ce tylko IRC Operatorzy mog\u0105 je zobaczy\u0107 je\u015bli zachodzi taka potrzeba.<br \/>\nDodatkowo nasza sie\u0107 zapewnia mo\u017cliwo\u015b\u0107 przydzielenia vHostu (wirtualnego hostu) do nick\u00f3w. Jest to alternatywa dla standardowego kodowania, kt\u00f3ra pozwala u\u017cytkownikom na personalizacj\u0119 ich w\u0142asnych host\u00f3w. Wszystkie vHosty na naszej sieci s\u0105 zako\u0144czone domen\u0105 MindForge.org (np. NetAdmin.MindForge.org).<br \/>\nVHost jest przypisywany do okre\u015blonego nicka i <span style=\"text-decoration: underline;\">dozwolony jest tylko jeden vHost dla ka\u017cdej grupy nick\u00f3w<\/span>. Tutaj s\u0105 wyszczeg\u00f3lnione trzy sposoby, przez kt\u00f3re mo\u017cesz otrzyma\u0107 wirtualny host.<\/p>\n<p><strong><span style=\"color: #00008b;\">VHost dla personelu MindForge<\/span><\/strong><\/p>\n<p>Wszyscy cz\u0142onkowie zespo\u0142u sieci maj\u0105 przypisany vHost, kt\u00f3ry zale\u017cy od ich statusu.<\/p>\n<ul>\n<li>NetAdmin.MindForge.org: dla administratora sieci.<\/li>\n<li>ServicesAdmin.MindForge.org: dla administratora serwis\u00f3w.<\/li>\n<li>Kraj.IRCOp.MindForge.org: dla IRC operatora.<\/li>\n<li>MF-Helpers.MindForge.org: dla pomocnik\u00f3w MindForge.<\/li>\n<\/ul>\n<p><strong><span style=\"color: #00008b;\">VHosty dla zwyk\u0142ych kana\u0142\u00f3w<\/span><\/strong><\/p>\n<p>Je\u017celi jeste\u015b za\u0142o\u017cycielem kana\u0142u mo\u017cesz tak\u017ce otrzyma\u0107 vHosty w formacie <strong>NazwaKana\u0142u.MindForge.org<\/strong> (nazwa kana\u0142u <span style=\"text-decoration: underline;\">nie mo\u017ce zawiera\u0107 znak\u00f3w specjalnych<\/span>) dla ciebie i twoich przyjaci\u00f3\u0142.<\/p>\n<ul>\n<li>VHosty s\u0105 przypisywane po dwu tygodniowej fazie test\u00f3w, w kt\u00f3rej bot monitoruje kanal i kalkuluje jego \u015bredni\u0105 liczb\u0119 u\u017cytkownik\u00f3w. \u015arednia liczba u\u017cytkownik\u00f3w kana\u0142u mo\u017ce by\u0107 sprawdzana na kanale #MindForge-VHosts poprzez wpisanie komendy \"!average #NazwaKana\u0142u\".<\/li>\n<li>Kana\u0142 musi mie\u0107 minimaln\u0105 wymagan\u0105 liczb\u0119 u\u017cytkownik\u00f3w. Kana\u0142y z <span style=\"text-decoration: underline;\">25<\/span>-44 u\u017cytkownikami dostan\u0105 <strong>5<\/strong> vHost\u00f3w natomiast kana\u0142y z <span style=\"text-decoration: underline;\">45<\/span> b\u0105d\u017a wieksz\u0105 liczb\u0105 u\u017cytkownik\u00f3w dostaj\u0105 <strong>7<\/strong> vHost\u00f3w. Liczba u\u017cytkownik\u00f3w <span style=\"text-decoration: underline;\">musi by\u0107 utrzymana<\/span> aby zachowa\u0107 vHosty.<\/li>\n<li>Pro\u015bby kana\u0142\u00f3w u\u017cywaj\u0105cych klony IRC, BNC czy proxy dla zwi\u0119kszenia ilo\u015bci u\u017cytkownikow <span style=\"text-decoration: underline;\">nie b\u0119d\u0105 akceptowane<\/span>.<\/li>\n<li>U\u017cytkownicy i kana\u0142y przysparzaj\u0105ce k\u0142opot\u00f3w na sieci nie b\u0119d\u0105 mia\u0142y mo\u017cliwo\u015bci pretendowania do otrzymania vHostow.<\/li>\n<li>Personel MindForge rezerwuje sobie prawo do okresowego sprawdzania czy kana\u0142 maj\u0105cy vHosty nadal utrzymuje wymagania sieci (dotycz\u0105cych ilo\u015bci u\u017cytkownik\u00f3w) i usuni\u0119cia vHost\u00f3w w przypadku ich braku.<\/li>\n<\/ul>\n<p>Skontaktuj si\u0119 z cz\u0142onkiem personelu MindForge na kanale #MindForge-VHosts aby dowiedzie\u0107 si\u0119 wi\u0119cej i rozpocz\u0105\u0107 proces.<br \/>\nPamietaj, \u017ce <span style=\"text-decoration: underline;\">wszystkie zmiany i sprawdzenia musz\u0105 by\u0107 zrobione przez za\u0142o\u017cyciela kana\u0142u<\/span>. Pro\u015bby u\u017cytkownik\u00f3w maj\u0105cych has\u0142o do kana\u0142u lecz nie b\u0119d\u0105cymi za\u0142o\u017cycielami kana\u0142u b\u0119d\u0105 zignorowane.<\/p>\n<p><strong><span style=\"color: #00008b;\">VHosty dla kana\u0142\u00f3w z projektami<\/span><\/strong><\/p>\n<p>Cz\u0142onkowie projekt\u00f3w maj\u0105cych rosn\u0105c\u0105 tendencj\u0119 na sieci r\u00f3wnie\u017c mog\u0105 otrzyma\u0107 wirtualne hosty. Format vHosta b\u0119dzie taki sam jak dla zwyk\u0142ych kana\u0142\u00f3w na sieci.<br \/>\nAdministrator projektu b\u0119dzie m\u00f3g\u0142 poprosi\u0107 na kanale #MindForge-VHosts o wirtualny host dla ka\u017cdego cz\u0142onka swojej za\u0142ogi.<br \/>\n<strong>Wa\u017cne<\/strong>: projekt musi by\u0107 zaakceptowany przez administrator\u00f3w sieci tak jak jest to wyt\u0142umaczone w warunkach dla projekt\u00f3w open-source oraz innych spo\u0142eczno\u015bci. Sprawd\u017a stron\u0119 projekt\u00f3w aby dowiedzie\u0107 si\u0119 wi\u0119cej.<\/p>","protected":false},"excerpt":{"rendered":"<p>Dla zachowania bezpiecze\u0144stwa i prywatno\u015bci serwery MindForge standardowo koduj\u0105 adresy IP oraz hosty wszystkich u\u017cytkownik\u00f3w pod\u0142\u0105czonych do sieci tak, \u017ce tylko IRC Operatorzy mog\u0105 je zobaczy\u0107 je\u015bli zachodzi taka potrzeba. Dodatkowo nasza sie\u0107 zapewnia mo\u017cliwo\u015b\u0107 przydzielenia vHostu (wirtualnego hostu) do &hellip;<\/p>\n<p class=\"read-more\"><a href=\"https:\/\/mindforge.org\/pl\/vhosts\/\">Czytaj wi\u0119cej &raquo;<\/a><\/p>\n","protected":false},"author":3,"featured_media":0,"parent":0,"menu_order":0,"comment_status":"closed","ping_status":"open","template":"","meta":[],"_links":{"self":[{"href":"https:\/\/mindforge.org\/pl\/wp-json\/wp\/v2\/pages\/159"}],"collection":[{"href":"https:\/\/mindforge.org\/pl\/wp-json\/wp\/v2\/pages"}],"about":[{"href":"https:\/\/mindforge.org\/pl\/wp-json\/wp\/v2\/types\/page"}],"author":[{"embeddable":true,"href":"https:\/\/mindforge.org\/pl\/wp-json\/wp\/v2\/users\/3"}],"replies":[{"embeddable":true,"href":"https:\/\/mindforge.org\/pl\/wp-json\/wp\/v2\/comments?post=159"}],"version-history":[{"count":9,"href":"https:\/\/mindforge.org\/pl\/wp-json\/wp\/v2\/pages\/159\/revisions"}],"predecessor-version":[{"id":758,"href":"https:\/\/mindforge.org\/pl\/wp-json\/wp\/v2\/pages\/159\/revisions\/758"}],"wp:attachment":[{"href":"https:\/\/mindforge.org\/pl\/wp-json\/wp\/v2\/media?parent=159"}],"curies":[{"name":"wp","href":"https:\/\/api.w.org\/{rel}","templated":true}]}}