{"id":191,"date":"2013-10-19T02:52:14","date_gmt":"2013-10-19T00:52:14","guid":{"rendered":"http:\/\/www.mindforge.org\/?page_id=191"},"modified":"2018-07-19T00:21:57","modified_gmt":"2018-07-19T00:21:57","slug":"contact-us","status":"publish","type":"page","link":"https:\/\/mindforge.org\/pl\/contact-us\/","title":{"rendered":"Kontakt"},"content":{"rendered":"<p>S\u0105 trzy r\u00f3\u017cne sposoby, przez kt\u00f3re mo\u017cesz si\u0119 skontaktowa\u0107 z personelem MindForge. Wybierz najbardziej odpowiedni\u0105 metod\u0119, w zale\u017cnosci z jakiego powodu chcesz si\u0119 z nami skontaktowa\u0107.<\/p>\n<p><strong><span style=\"color: #00008b;\">Wsparcie IRC<br \/>\n<\/span><\/strong><\/p>\n<p>Prosz\u0119 przeczyta\u0107 stron\u0119 ze <a title=\"Wsparcie\" href=\"http:\/\/www.mindforge.org\/pl\/support\/\">wsparciem<\/a> aby dowiedzie\u0107 si\u0119 wiecej na temat dost\u0119pnych opcji pomocy.<\/p>\n<p><a name=\"banned\"><\/a><strong><span style=\"color: #00008b;\">Zbanowanie?<br \/>\n<\/span><\/strong><\/p>\n<p>Je\u017celi uwa\u017casz, \u017ce zosta\u0142e\u015b zbanowany z sieci przez pomy\u0142k\u0119 mo\u017cesz nas powiadomi\u0107 poprzez wys\u0142anie e-maila na adres <img decoding=\"async\" loading=\"lazy\" id=\"imgmail\" class=\"alignnone\" src=\"http:\/\/www.mindforge.org\/wp-content\/themes\/zbench\/images\/akill.gif\" alt=\"\" width=\"120\" height=\"17\" \/> t\u0142umacz\u0105c co si\u0119 sta\u0142o. Pamietaj by uwzgl\u0119dni\u0107 nast\u0119puj\u0105ce informacje w wiadomo\u015bci aby mo\u017cna by\u0142o przeanalizowa\u0107 tw\u00f3j przypadek:<\/p>\n<ul style=\"text-align: justify;\">\n<li><strong>Nick<\/strong>.<\/li>\n<li>Adres <strong>IP<\/strong>.<\/li>\n<li><strong>Dat\u0119 i czas<\/strong> kiedy otrzyma\u0142e\u015b bana (w\u0142\u0105czaj\u0105c twoj\u0105 stref\u0119 czasow\u0105 lub kraj).<\/li>\n<li><strong>Pow\u00f3d<\/strong> bana zawarty w wiadomo\u015bci gdy zosta\u0142e\u015b zbanowany.<\/li>\n<li><strong>Kto<\/strong> ustawi\u0142 bana (je\u015bli wiesz lub masz niew\u0105tpliwe podejrzenia).<\/li>\n<li><strong>Co robi\u0142es<\/strong> tu\u017c przed tym jak zosta\u0142e\u015b zbanowany.<\/li>\n<\/ul>\n<p><strong><span style=\"color: #00008b;\">Inne sprawy sieciowe<br \/>\n<\/span><\/strong><\/p>\n<p>Je\u017celi potrzebujesz skontaktowa\u0107 si\u0119 z administratorem sieci wy\u015blij prosz\u0119 email na <img decoding=\"async\" loading=\"lazy\" id=\"imgmail\" class=\"alignnone\" src=\"http:\/\/www.mindforge.org\/wp-content\/themes\/zbench\/images\/contact.gif\" alt=\"\" width=\"143\" height=\"17\" \/>.<\/p>","protected":false},"excerpt":{"rendered":"<p>S\u0105 trzy r\u00f3\u017cne sposoby, przez kt\u00f3re mo\u017cesz si\u0119 skontaktowa\u0107 z personelem MindForge. Wybierz najbardziej odpowiedni\u0105 metod\u0119, w zale\u017cnosci z jakiego powodu chcesz si\u0119 z nami skontaktowa\u0107. Wsparcie IRC Prosz\u0119 przeczyta\u0107 stron\u0119 ze wsparciem aby dowiedzie\u0107 si\u0119 wiecej na temat dost\u0119pnych &hellip;<\/p>\n<p class=\"read-more\"><a href=\"https:\/\/mindforge.org\/pl\/contact-us\/\">Czytaj wi\u0119cej &raquo;<\/a><\/p>\n","protected":false},"author":3,"featured_media":0,"parent":0,"menu_order":0,"comment_status":"closed","ping_status":"open","template":"","meta":[],"_links":{"self":[{"href":"https:\/\/mindforge.org\/pl\/wp-json\/wp\/v2\/pages\/191"}],"collection":[{"href":"https:\/\/mindforge.org\/pl\/wp-json\/wp\/v2\/pages"}],"about":[{"href":"https:\/\/mindforge.org\/pl\/wp-json\/wp\/v2\/types\/page"}],"author":[{"embeddable":true,"href":"https:\/\/mindforge.org\/pl\/wp-json\/wp\/v2\/users\/3"}],"replies":[{"embeddable":true,"href":"https:\/\/mindforge.org\/pl\/wp-json\/wp\/v2\/comments?post=191"}],"version-history":[{"count":25,"href":"https:\/\/mindforge.org\/pl\/wp-json\/wp\/v2\/pages\/191\/revisions"}],"predecessor-version":[{"id":749,"href":"https:\/\/mindforge.org\/pl\/wp-json\/wp\/v2\/pages\/191\/revisions\/749"}],"wp:attachment":[{"href":"https:\/\/mindforge.org\/pl\/wp-json\/wp\/v2\/media?parent=191"}],"curies":[{"name":"wp","href":"https:\/\/api.w.org\/{rel}","templated":true}]}}