{"id":2,"date":"2013-09-25T18:04:58","date_gmt":"2013-09-25T16:04:58","guid":{"rendered":"http:\/\/www.mindforge.org\/?page_id=2"},"modified":"2018-07-19T01:21:39","modified_gmt":"2018-07-19T01:21:39","slug":"staff","status":"publish","type":"page","link":"https:\/\/mindforge.org\/pl\/staff\/","title":{"rendered":"Staff"},"content":{"rendered":"<p><strong><span style=\"color: #00008b;\">Administratorzy sieci<\/span><br \/>\n<\/strong><\/p>\n<ul>\n<li>Fill (Portugalia)<\/li>\n<\/ul>\n<p><span style=\"color: #00008b;\"><strong>Administratorzy serwis\u00f3w<\/strong><\/span><\/p>\n<ul>\n<li>Moot (Hiszpania)<\/li>\n<li>Ni|]mA]|CiR| (W\u0142ochy)<\/li>\n<li>pralinka (Polska)<\/li>\n<\/ul>\n<p><span style=\"color: #00008b;\"><strong>IRC operatorzy<\/strong><\/span><\/p>\n<ul>\n<li>albator (Francja)<\/li>\n<li>babapapa (Niemcy)<\/li>\n<li>keops (Portugalia)<\/li>\n<li>lievaapje (Holandia)<\/li>\n<li>Pcworld (W\u0142ochy)<\/li>\n<li>Principe_Oscuro (W\u0142ochy)<\/li>\n<li>Rusty (Stany Zjednoczone Ameryki)<\/li>\n<li>sara_e (W\u0142ochy)<\/li>\n<li>Shutting`Down (Francja)<\/li>\n<li>Trooper (Brazylia)<\/li>\n<li>Xp4ever (Hiszpania)<\/li>\n<\/ul>\n<p><strong><span style=\"color: #00008b;\">Pomocnicy<\/span><\/strong><\/p>\n<ul>\n<li>AlexTa (Hiszpania)<\/li>\n<li>Bax (W\u0142ochy)<\/li>\n<li>Beefhart (Holandia)<\/li>\n<li>enzzo (Francja)<\/li>\n<li>Macros (Wielka Brytania)<\/li>\n<li>Marko50 (Niemcy)<\/li>\n<li>PerfumeOfJasmine (Argentyna)<\/li>\n<li>Roystorm (W\u0142ochy)<\/li>\n<li>SarcASticA (Hiszpania)<\/li>\n<\/ul>\n<p><span style=\"color: #00008b;\"><strong>Byli cz\u0142onkowie<\/strong><\/span><\/p>\n<ul>\n<li>Andastra (Administrator sieci, Niemcy)<\/li>\n<li>BEN (Administrator sieci, Niemcy)<\/li>\n<li>Bri1977 (Administrator sieci, Wielka Brytania)<\/li>\n<li>Cavendish (Administrator sieci, Niemcy)<\/li>\n<li>redz (Administrator sieci i za\u0142o\u017cyciel, Niemcy)<\/li>\n<li>feroz (Administrator sieci i za\u0142o\u017cyciel, Francja)<\/li>\n<li>kayfam (Administrator sieci i za\u0142o\u017cyciel, Stany Zjednoczone Ameryki)<\/li>\n<li>Michal (Administrator sieci, Polska)<\/li>\n<li>Monk (Administrator sieci, Niemcy)<\/li>\n<li>TigerKatziTatzi (Administrator sieci i za\u0142o\u017cyciel, Niemcy)<\/li>\n<li>toolx (Administrator sieci i za\u0142o\u017cyciel, Niemcy)<\/li>\n<li>Yumgui (Administrator sieci i za\u0142o\u017cyciel, Stany Zjednoczone Ameryki\/Francja)<\/li>\n<li>dede441 (Administrator serwis\u00f3w, Francja)<\/li>\n<li>Duplex (Administrator serwis\u00f3w i za\u0142o\u017cyciel, Niemcy)<\/li>\n<li>Jo]{er (Administrator serwis\u00f3w, Francja)<\/li>\n<li>littledevil (Administrator serwis\u00f3w, Niemcy)<\/li>\n<li>LuGas (Administrator serwis\u00f3w, Portugalia)<\/li>\n<li>Myxin (Administrator serwis\u00f3w, W\u0142ochy\/Niemcy)<\/li>\n<li>seeleen (Administrator serwis\u00f3w, Niemcy)<\/li>\n<li>TamOShanter (Administrator serwis\u00f3w i za\u0142o\u017cyciel, Australia)<\/li>\n<li>ToM (Administrator serwis\u00f3w, Francja)<\/li>\n<li>Verena (Administrator serwis\u00f3w, Niemcy)<\/li>\n<li>KiTsUnE (Administrator serwera, Hiszpania)<\/li>\n<li>Kobretti (Administrator serwera, Polska)<\/li>\n<li>MuuuH (Administrator serwera, Niemcy)<\/li>\n<li>nobody (Administrator serwera, W\u0142ochy)<\/li>\n<li>SpecAgntSmith (Administrator serwera, Niemcy)<\/li>\n<li>stumper (Administrator serwera, Hiszpania)<\/li>\n<li>Xena (Administrator serwera, Niemcy)<\/li>\n<li>AcHaNtA (IRC operator, Francja)<\/li>\n<li>aspo (IRC operator, Turcja)<\/li>\n<li>BlackHorse (IRC operator, Estonia)<\/li>\n<li>BlueRose (IRC operator, Szwajcaria)<\/li>\n<li>BOFH (IRC operator, W\u0142ochy)<\/li>\n<li>ChrisToOCool (IRC operator, Francja)<\/li>\n<li>Firefox_Rulez (IRC operator, W\u0142ochy)<\/li>\n<li>Horstl (IRC operator, Niemcy)<\/li>\n<li>KerneL (IRC operator, W\u0142ochy)<\/li>\n<li>kofee (IRC operator, Francja)<\/li>\n<li>krashan (IRC operator, Polska)<\/li>\n<li>LULE (IRC operator, W\u0142ochy)<\/li>\n<li>Madmax75adsl (IRC operator, W\u0142ochy)<\/li>\n<li>MauritZ (IRC operator, W\u0142ochy)<\/li>\n<li>Mythos (IRC operator, Grecja)<\/li>\n<li>Punker (IRC operator, Hiszpania)<\/li>\n<li>Quanta (IRC operator, Francja)<\/li>\n<li>Seifer (IRC operator, W\u0142ochy)<\/li>\n<li>ShreCk (IRC operator, Francja)<\/li>\n<li>twelve (IRC operator, W\u0142ochy)<\/li>\n<li>vroni (IRC operator, Niemcy)<\/li>\n<li>bLaCk_KniGhT (IRC operator, Turcja)<\/li>\n<li>blackmoumout (Pomocnik, Francja)<\/li>\n<li>BmF (Pomocnik, Portugalia)<\/li>\n<li>CriminalNephilim (Pomocnik, W\u0142ochy)<\/li>\n<li>CSL (Pomocnik, Stany Zjednoczone Ameryki)<\/li>\n<li>frix (Pomocnik, Holandia)<\/li>\n<li>Kry (Pomocnik, Hiszpania)<\/li>\n<li>mariouma (Pomocnik, Tunezja)<\/li>\n<li>ScorPioN` (Pomocnik, Francja)<\/li>\n<li>SL1030 (Pomocnik, Niemcy)<\/li>\n<li>Spoke (Pomocnik, W\u0142ochy)<\/li>\n<li>Stendhal (Pomocnik, Turcja)<\/li>\n<li>The-Night (Pomocnik, W\u0142ochy)<\/li>\n<li>zorro (Pomocnik, W\u0142ochy)<\/li>\n<\/ul>\n<p><\/p>","protected":false},"excerpt":{"rendered":"<p>Administratorzy sieci Fill (Portugalia) Administratorzy serwis\u00f3w Moot (Hiszpania) Ni|]mA]|CiR| (W\u0142ochy) pralinka (Polska) IRC operatorzy albator (Francja) babapapa (Niemcy) keops (Portugalia) lievaapje (Holandia) Pcworld (W\u0142ochy) Principe_Oscuro (W\u0142ochy) Rusty (Stany Zjednoczone Ameryki) sara_e (W\u0142ochy) Shutting`Down (Francja) Trooper (Brazylia) Xp4ever (Hiszpania) Pomocnicy AlexTa &hellip;<\/p>\n<p class=\"read-more\"><a href=\"https:\/\/mindforge.org\/pl\/staff\/\">Czytaj wi\u0119cej &raquo;<\/a><\/p>\n","protected":false},"author":3,"featured_media":0,"parent":0,"menu_order":0,"comment_status":"closed","ping_status":"closed","template":"","meta":[],"_links":{"self":[{"href":"https:\/\/mindforge.org\/pl\/wp-json\/wp\/v2\/pages\/2"}],"collection":[{"href":"https:\/\/mindforge.org\/pl\/wp-json\/wp\/v2\/pages"}],"about":[{"href":"https:\/\/mindforge.org\/pl\/wp-json\/wp\/v2\/types\/page"}],"author":[{"embeddable":true,"href":"https:\/\/mindforge.org\/pl\/wp-json\/wp\/v2\/users\/3"}],"replies":[{"embeddable":true,"href":"https:\/\/mindforge.org\/pl\/wp-json\/wp\/v2\/comments?post=2"}],"version-history":[{"count":38,"href":"https:\/\/mindforge.org\/pl\/wp-json\/wp\/v2\/pages\/2\/revisions"}],"predecessor-version":[{"id":760,"href":"https:\/\/mindforge.org\/pl\/wp-json\/wp\/v2\/pages\/2\/revisions\/760"}],"wp:attachment":[{"href":"https:\/\/mindforge.org\/pl\/wp-json\/wp\/v2\/media?parent=2"}],"curies":[{"name":"wp","href":"https:\/\/api.w.org\/{rel}","templated":true}]}}