{"id":292,"date":"2013-11-24T19:00:17","date_gmt":"2013-11-24T18:00:17","guid":{"rendered":"http:\/\/www.mindforge.org\/?page_id=292"},"modified":"2018-07-19T01:17:36","modified_gmt":"2018-07-19T01:17:36","slug":"faqs","status":"publish","type":"page","link":"https:\/\/mindforge.org\/pl\/faqs\/","title":{"rendered":"FAQs"},"content":{"rendered":"<p><\/p>\n<ul>\n<li>1. <a href=\"#1\">Jak mog\u0119 zarejestrowa\u0107 m\u00f3j nick?<\/a><\/li>\n<li>2. <a href=\"#2\">Zarejestrowalem moj nick ale jak mam sie do niego zalogowac za kazdym razem gdy lacze sie z IRC?<\/a><\/li>\n<li>3. <a href=\"#3\">Jak mog\u0119 odzyska\u0107 utracone has\u0142o do mojego nicka?<\/a><\/li>\n<li>4. <a href=\"#4\">Roz\u0142\u0105czy\u0142o mnie z sieci\u0105 lecz m\u00f3j nick nadal jest w u\u017cyciu. Co mog\u0119 zrobi\u0107?<\/a><\/li>\n<li>5. <a href=\"#5\">Jak mog\u0119 zarejestrowa\u0107 kana\u0142?<\/a><\/li>\n<li>6. <a href=\"#6\">Jak mog\u0119 ustawi\u0107 topic dla mojego kana\u0142u?<\/a><\/li>\n<li>7. <a href=\"#7\">Jak mog\u0119 przydzieli\u0107 bota dla mojego kana\u0142u?<\/a><\/li>\n<li>8. <a href=\"#8\">Jak mog\u0119 ustawi\u0107 aby inni ludzie dostawali status automatycznie gdy wchodz\u0105 na m\u00f3j kana\u0142?<\/a><\/li>\n<li>9. <a href=\"#9\">Jak mog\u0119 otrzyma\u0107 vHosta dla mojego pseudonimu?<\/a><\/li>\n<li>10. <a href=\"#10\">Zosta\u0142em zbanowany na sieci. Jak mog\u0119 si\u0119 skontaktowa\u0107 z administratorem sieci?<\/a><\/li>\n<\/ul>\n<p><a name=\"1\"><\/a><span style=\"color: #00008b;\"><strong>1. Jak mog\u0119 zarejestrowa\u0107 m\u00f3j nick?<br \/>\n<\/strong><\/span><\/p>\n<blockquote><p>Aby zarejestrowa\u0107 tw\u00f3j nick wpisz <code><strong>\/msg NickServ REGISTER<\/strong> <em>Haslo<\/em> <em>E-mail<\/em><\/code>. Zamie\u0144<em> Has\u0142o<\/em> na has\u0142o jakiego chcesz u\u017cywa\u0107 dla twojego nicka oraz <em>E-mail<\/em> na prawdziwy adres e-mail.<\/p>\n<p>Po u\u017cyciu tej komendy otrzymasz e-mail zawieraj\u0105cy specjalny kod potrzebny do uko\u0144czenia procesu rejestracji. Aby potwierdzi\u0107 swoje konto wpisz <code><strong>\/msg NickServ CONFIRM<\/strong> <em>Kod<\/em><\/code>. Zamie\u0144 <em>Kod<\/em> na ten, kt\u00f3ry otrzyma\u0142e\u015b.<\/p>\n<p><strong>Wa\u017cne<\/strong>: Pami\u0119taj, \u017ce je\u017celi nie potwierdzisz swojej rejestracji tw\u00f3j nick wyrejestruje si\u0119 automatycznie po up\u0142ywie 24 godzin.<\/p><\/blockquote>\n<p><a name=\"2\"><\/a><span style=\"color: #00008b;\"><strong>2. Zarejestrowa\u0142em m\u00f3j nick ale jak mam si\u0119 do niego zalogowa\u0107 za ka\u017cdym razem gdy \u0142\u0105cz\u0119 si\u0119 z IRC?<br \/>\n<\/strong><\/span><\/p>\n<blockquote><p>Aby zidentyfikowa\u0107 sw\u00f3j nick wpisz <code><strong>\/msg NickServ IDENTIFY<\/strong> <em>Has\u0142o<\/em><\/code>.<\/p><\/blockquote>\n<p><a name=\"3\"><\/a><span style=\"color: #00008b;\"><strong>3. Jak mog\u0119 odzyska\u0107 utracone has\u0142o do mojego nicka?<br \/>\n<\/strong><\/span><\/p>\n<blockquote><p>Je\u017celi zapomnia\u0142e\u015b swoje has\u0142o wpisz <code><strong>\/msg NickServ RESETPASS<\/strong> <em>Pseudonim<\/em> <em>E-mail<\/em><\/code>. W miejsce <em>E-mail<\/em> wpisz adres e-mail powi\u0105zany z twoim <em>Pseudonimem<\/em>.<\/p>\n<p>Po u\u017cyciu tej komendy otrzymasz e-mail zawieraj\u0105cy kod potrzebny do zresetowania twojego has\u0142a. Aby zatwierdzi\u0107 proces wpisz <code><strong>\/msg NickServ CONFIRM<\/strong> <em>Pseudonim<\/em> <em>Kod<\/em><\/code>. Zamie\u0144 <em>Kod<\/em> na kod, kt\u00f3ry otrzyma\u0142e\u015b.<\/p>\n<p>Nast\u0119pnie zmie\u0144 swoje has\u0142o wpisuj\u0105c <code><strong>\/msg NickServ SET PASSWORD<\/strong> <em>Has\u0142o<\/em><\/code>. Zamie\u0144 <em>Has\u0142o<\/em> na nowe has\u0142o jakiego b\u0119dziesz teraz u\u017cywa\u0107 dla swojego pseudonimu.<\/p><\/blockquote>\n<p><a name=\"4\"><\/a><span style=\"color: #00008b;\"><strong>4. Roz\u0142\u0105czy\u0142o mnie z sieci\u0105 lecz m\u00f3j nick nadal jest w u\u017cyciu. Co mog\u0119 zrobi\u0107?<br \/>\n<\/strong><\/span><\/p>\n<blockquote><p>Mo\u017cesz odzyska\u0107 sw\u00f3j pseudonim wpisuj\u0105c <code><strong>\/msg NickServ GHOST<\/strong> <em>Nick<\/em> <em>Has\u0142o<\/em><\/code>.<\/p><\/blockquote>\n<p><a name=\"5\"><\/a><span style=\"color: #00008b;\"><strong>5. Jak mog\u0119 zarejestrowa\u0107 kana\u0142?<br \/>\n<\/strong><\/span><\/p>\n<blockquote><p>Aby zarejestrowa\u0107 kana\u0142 najpierw musisz na niego wej\u015b\u0107 i otrzyma\u0107 status operatora (+o lub @). Nast\u0119pnia wpisz <code><strong>\/msg ChanServ REGISTER_NEW<\/strong> <em>#Kana\u0142<\/em> <em>Opis<\/em><\/code>. Wpisz nazw\u0119 <em>#Kana\u0142u<\/em> oraz kr\u00f3tki <em>Opis<\/em>, kt\u00f3ry b\u0119dzie widoczny w informacji o kanale.<\/p>\n<p><strong>Uwaga<\/strong>: Pami\u0119taj, \u017ce od Anope 2 kana\u0142y nie maj\u0105 ju\u017c wi\u0119cej has\u0142a, a identyfikacja do kana\u0142u jest teraz powi\u0105zana z kontem pseudonimu. Aby da\u0107 przywileje za\u0142o\u017cyciela kana\u0142u danemu pseudonimowi u\u017cyj poziomu FOUNDER, kt\u00f3ry standardowo wynosi 10000. Wi\u0119cej informacji o poziomach uzyskasz sprawdzaj\u0105c <strong><code>\/msg ChanServ HELP LEVELS<\/code><\/strong>.<\/p><\/blockquote>\n<p><a name=\"6\"><\/a><span style=\"color: #00008b;\"><strong>6. Jak mog\u0119 ustawi\u0107 topic dla mojego kana\u0142u?<br \/>\n<\/strong><\/span><\/p>\n<blockquote><p>Aby ustawi\u0107 topic dla twojego kana\u0142u wpisz <code><strong>\/TOPIC<\/strong> <em>#Kana\u0142 <\/em><em>Topic<\/em><\/code>. Dodatkowo mo\u017cesz chroni\u0107 topic kana\u0142u od niechcianych zmian poprzez opcj\u0119 LOCK. Wpisz <code><strong>\/msg ChanServ TOPIC<\/strong> <em>#Kana\u0142<\/em> <strong>LOCK<\/strong><\/code> aby w\u0142\u0105czy\u0107 ochron\u0119 oraz <code><strong>\/msg ChanServ TOPIC<\/strong> <em>#Kana\u0142<\/em> <strong>UNLOCK<\/strong><\/code> aby j\u0105 wy\u0142\u0105czy\u0107.<\/p>\n<p><strong>Uwaga<\/strong>: Za\u0142o\u017cyciel kana\u0142u mo\u017ce zmieni\u0107 topic nawet kiedy ochrona jest w\u0142\u0105czona poprzez <code><strong>\/msg ChanServ TOPIC<\/strong> <em>#Kana\u0142<\/em> <strong>SET<\/strong> <em>Topic<\/em><\/code>.<\/p><\/blockquote>\n<p><a name=\"7\"><\/a><span style=\"color: #00008b;\"><strong>7. Jak mog\u0119 przydzieli\u0107 bota dla mojego kana\u0142u?<br \/>\n<\/strong><\/span><\/p>\n<blockquote><p>Aby przydzieli\u0107 bota serwisowego dla twojego kana\u0142u wpisz <code><strong>\/msg BotServ ASSIGN<\/strong> <em>#Kana\u0142<\/em> <em>Imi\u0119Bota<\/em><\/code>. Aby zobaczy\u0107 list\u0119 dost\u0119pnych bot\u00f3w wpisz <strong><code>\/msg BotServ BOTLIST<\/code><\/strong>.<\/p><\/blockquote>\n<p><a name=\"8\"><\/a><span style=\"color: #00008b;\"><strong>8. Jak mog\u0119 ustawi\u0107 aby inni ludzie dostawali status automatycznie gdy wchodz\u0105 na m\u00f3j kana\u0142?<br \/>\n<\/strong><\/span><\/p>\n<blockquote><p>Aby da\u0107 innym u\u017cytkownikom status automatycznie po wej\u015bciu na tw\u00f3j kana\u0142 mo\u017cesz wybiera\u0107 pomi\u0119dzy dwoma najcz\u0119\u015bciej u\u017cywanymi sposobami:<\/p>\n<p><strong>a)<\/strong> Dodaj\u0105c do kana\u0142owej listy dost\u0119pu zarejestrowane pseudonimy wpisuj\u0105c <code><strong>\/msg ChanServ ACCESS<\/strong> <em>#Kana\u0142<\/em> <strong>ADD<\/strong> <em>Pseudonim<\/em> <em>Poziom<\/em><\/code>.<br \/>\n<strong>b)<\/strong> Dodaj\u0105c mask\u0119 hosta u\u017cytkownika (nick!ident@NazwaHosta) do kana\u0142owej listy dost\u0119pu wpisuj\u0105c <code><strong>\/msg ChanServ ACCESS<\/strong> <em>#Channel<\/em> <strong>ADD<\/strong> <em>MaskaHosta<\/em> <em>Poziom<\/em><\/code>. Je\u017celi dodasz host u\u017cytkownicy wchodz\u0105cy na kana\u0142 i pasuj\u0105cy do dodanej reg\u00f3\u0142y automatycznie otrzymaj\u0105 przypisany Poziom.<\/p>\n<p>Ka\u017cdy poziom to inne przywileje. Tutaj jest lista z najbardziej u\u017cytecznymi poziomami w standardowym ustawieniu kana\u0142u:<\/p>\n<ul>\n<li><strong>3<\/strong>: U\u017cytkownik automatycznie otrzyma status voice (+v lub +) po wej\u015bciu na kana\u0142.<\/li>\n<li><strong>4<\/strong>: U\u017cytkownik automatycznie otrzyma status half-op (+h lub %) po wej\u015bciu na kana\u0142.<\/li>\n<li><strong>5<\/strong>: U\u017cytkownik automatycznie otrzyma status op (+o lub @) po wej\u015bciu na kana\u0142.<\/li>\n<li><strong>10<\/strong>: U\u017cytkownik automatycznie otrzyma status op i protect (+oa lub &amp;) po wej\u015bciu na kana\u0142.<\/li>\n<li><strong>10000<\/strong>: U\u017cytkownik automatycznie otrzyma status owner (+q lub ~) wraz z przywilejami za\u0142o\u017cyciela kana\u0142u po wej\u015bciu na kana\u0142.<\/li>\n<\/ul>\n<p>Mo\u017cesz sprawdzi\u0107 jaki poziom jest potrzebny dla ka\u017cdej komendy czy przywileju wpisuj\u0105c <code><strong>\/msg ChanServ LEVELS<\/strong> <em>#Kana<\/em>\u0142 <strong>LIST<\/strong><\/code>. Poziomy mo\u017cna tak\u017ce edytowa\u0107 wpisz <strong><code>\/msg ChanServ HELP LEVELS<\/code><\/strong> aby si\u0119 dowiedzie\u0107 o tym wi\u0119cej.<\/p>\n<p>Aby sprawdzi\u0107 aktualn\u0105 list\u0119 dost\u0119pu wpisz <code><strong>\/msg ChanServ ACCESS<\/strong> <em>#Kana\u0142<\/em> <strong>LIST<\/strong><\/code>.<\/p>\n<p><strong>Uwaga<\/strong>: Dodawanie reg\u00f3\u0142 masek host\u00f3w jest zalecane tylko dla zaawansowanych u\u017cytkownik\u00f3w.<\/p><\/blockquote>\n<p><a name=\"9\"><\/a><span style=\"color: #00008b;\"><strong>9. Jak mog\u0119 otrzyma\u0107 vHosta dla mojego pseudonimu?<br \/>\n<\/strong><\/span><\/p>\n<blockquote><p>S\u0105 trzy sposoby, przez kt\u00f3re mo\u017cesz otrzyma\u0107 wirtualny host dla twojego nicka. Odwied\u017a stron\u0119 dotycz\u0105c\u0105 <a title=\"VHosty\" href=\"http:\/\/www.mindforge.org\/pl\/vhosts\/\">vHosts<\/a> aby zobaczy\u0107 dok\u0142adne informacje.<\/p><\/blockquote>\n<p><a name=\"10\"><\/a><span style=\"color: #00008b;\"><strong>10. Zosta\u0142em zbanowany na sieci. Jak mog\u0119 si\u0119 skontaktowa\u0107 z administratorem sieci?<br \/>\n<\/strong><\/span><\/p>\n<blockquote><p>Prosz\u0119 odwied\u017a <a title=\"Kontakt\" href=\"http:\/\/www.mindforge.org\/pl\/contact-us\/\">t\u0119<\/a> stron\u0119 aby dowiedzie\u0107 si\u0119 jak si\u0119 z nami skontaktowa\u0107.<\/p><\/blockquote>\n<p><\/p>","protected":false},"excerpt":{"rendered":"<p>1. Jak mog\u0119 zarejestrowa\u0107 m\u00f3j nick? 2. Zarejestrowalem moj nick ale jak mam sie do niego zalogowac za kazdym razem gdy lacze sie z IRC? 3. Jak mog\u0119 odzyska\u0107 utracone has\u0142o do mojego nicka? 4. Roz\u0142\u0105czy\u0142o mnie z sieci\u0105 lecz &hellip;<\/p>\n<p class=\"read-more\"><a href=\"https:\/\/mindforge.org\/pl\/faqs\/\">Czytaj wi\u0119cej &raquo;<\/a><\/p>\n","protected":false},"author":3,"featured_media":0,"parent":0,"menu_order":0,"comment_status":"closed","ping_status":"open","template":"","meta":[],"_links":{"self":[{"href":"https:\/\/mindforge.org\/pl\/wp-json\/wp\/v2\/pages\/292"}],"collection":[{"href":"https:\/\/mindforge.org\/pl\/wp-json\/wp\/v2\/pages"}],"about":[{"href":"https:\/\/mindforge.org\/pl\/wp-json\/wp\/v2\/types\/page"}],"author":[{"embeddable":true,"href":"https:\/\/mindforge.org\/pl\/wp-json\/wp\/v2\/users\/3"}],"replies":[{"embeddable":true,"href":"https:\/\/mindforge.org\/pl\/wp-json\/wp\/v2\/comments?post=292"}],"version-history":[{"count":49,"href":"https:\/\/mindforge.org\/pl\/wp-json\/wp\/v2\/pages\/292\/revisions"}],"predecessor-version":[{"id":759,"href":"https:\/\/mindforge.org\/pl\/wp-json\/wp\/v2\/pages\/292\/revisions\/759"}],"wp:attachment":[{"href":"https:\/\/mindforge.org\/pl\/wp-json\/wp\/v2\/media?parent=292"}],"curies":[{"name":"wp","href":"https:\/\/api.w.org\/{rel}","templated":true}]}}