{"id":45,"date":"2013-09-26T20:45:55","date_gmt":"2013-09-26T18:45:55","guid":{"rendered":"http:\/\/www.mindforge.org\/?page_id=45"},"modified":"2018-07-19T00:26:32","modified_gmt":"2018-07-19T00:26:32","slug":"linking","status":"publish","type":"page","link":"https:\/\/mindforge.org\/pl\/linking\/","title":{"rendered":"Linkowanie"},"content":{"rendered":"<p>Wi\u0119c chcia\u0142by\u015b by\u0107 zlinkowany do MindForge? Mamy otwarty system aby pozwoli\u0107 ludziom wsp\u00f3\u0142tworzy\u0107 nasz\u0105 sie\u0107 przez zlinkowanie nowego serwera. Jednak zanim wy\u015blesz twoje zg\u0142oszenie <span style=\"text-decoration: underline;\">musisz pozna\u0107 wszystkie nast\u0119puj\u0105ce wymagania<\/span>.<\/p>\n<p><strong><span style=\"color: #00008b;\">Wymagania serwera<\/span><\/strong><\/p>\n<ul>\n<li>700GB miesi\u0119cznego transferu i przepustowo\u015b\u0107 10Mbit\/sec.<\/li>\n<li>Serwer dedykowany lub VPS u\u017cyw\u0105jacy UNIXowego systemu operacyjnego.<\/li>\n<li>Stabilny hosting.<\/li>\n<li>Dost\u0119pno\u015b\u0107 port\u00f3w 6667, 6669 oraz 6697 dla po\u0142\u0105cze\u0144 SSL.<\/li>\n<li>Zezwolenie na prowadzenie procesu IRCd na twoim serwerze.<\/li>\n<\/ul>\n<p><strong><span style=\"color: #00008b;\">Rzeczy jakich od Ciebie oczekujemy<br \/>\n<\/span><\/strong><\/p>\n<ul>\n<li>Dobra lub zrozumia\u0142a znajomo\u015b\u0107 angielskiego do komunikacji.<\/li>\n<li>Do\u015bwiadczenie z IRC. Prowadzenie serwer\u00f3w, bycie IRC operatorem...<\/li>\n<li>Znajomo\u015b\u0107 Linuksa. przynajmniej podstawy komend do shella dla zainstalowania i prowadzenia serwera.<\/li>\n<li>Powiniene\u015b by\u0107 znany na sieci, z wyj\u0105tkeim je\u017celi przychodzisz w ramach projektu open source i jego zespo\u0142u. Nie b\u0119dziemy akceptowa\u0107 aplikacji od ludzi, kt\u00f3rych jeszcze nie znamy wi\u0119c daj nam troch\u0119 czasu aby Ci\u0119 pozna\u0107 i zobaczy\u0107 czy pasujesz do naszego zespo\u0142u zanim zdecydujemy.<\/li>\n<li>Jeste\u015bmy wysoko zmotywowanym i aktywnym zespo\u0142em tak wi\u0119c bierne siedzenie na twoin statusie nie jest tym, czego chcemy.<\/li>\n<li>Operatorzy nie podejmuj\u0105 decyzji na wlasn\u0105 r\u0119k\u0119 w zwi\u0105zku z wa\u017cnymi sprawami. Je\u017celi masz propozycje czy pomys\u0142 daj nam zna\u0107 i zadecydujemy jako zesp\u00f3\u0142.<\/li>\n<li>Musisz przestrzega\u0107 regulaminu sieci i regulaminu dla IRC Operator\u00f3w. Nie tolerujemy \u017cadnego rodzaju nadu\u017cy\u0107.<\/li>\n<\/ul>\n<p><strong><span style=\"color: #00008b;\">Aplikacja<br \/>\n<\/span><\/strong><\/p>\n<ul>\n<li>Aplikacje zlinkowania s\u0105 rozpatrywane i odpowied\u017a na nie jest podawana w rozs\u0105dnym okresie czasu. S\u0105 one przeg\u0142osowane, zaakceptowane lub odrzucone przez zesp\u00f3\u0142 MindForge.<\/li>\n<li>Je\u017celi aplikacja jest zaakceptowana serwer jest zlinkowany i zaczyna si\u0119 okres pr\u00f3bny trw\u0105jacy 30 dni.<\/li>\n<li>Podczas testu aplikant jest ograniczony do statusu IRC operatora (nie mo\u017ce u\u017cywa\u0107 OperServ).<\/li>\n<li>Gdy okres pr\u00f3bny zostaje zako\u0144czony zesp\u00f3\u0142 g\u0142osuje i ponownie decyduje.<\/li>\n<\/ul>\n<p style=\"text-align: center;\">Je\u017celi nadal jeste\u015b zainteresowany zlinkowaniem <a href=\"http:\/\/www.mindforge.org\/pl\/contact-us\/\">wy\u015blij<\/a> swoj\u0105 aplikacj\u0119.<\/p>\n<p><\/p>","protected":false},"excerpt":{"rendered":"<p>Wi\u0119c chcia\u0142by\u015b by\u0107 zlinkowany do MindForge? Mamy otwarty system aby pozwoli\u0107 ludziom wsp\u00f3\u0142tworzy\u0107 nasz\u0105 sie\u0107 przez zlinkowanie nowego serwera. Jednak zanim wy\u015blesz twoje zg\u0142oszenie musisz pozna\u0107 wszystkie nast\u0119puj\u0105ce wymagania. Wymagania serwera 700GB miesi\u0119cznego transferu i przepustowo\u015b\u0107 10Mbit\/sec. Serwer dedykowany lub &hellip;<\/p>\n<p class=\"read-more\"><a href=\"https:\/\/mindforge.org\/pl\/linking\/\">Czytaj wi\u0119cej &raquo;<\/a><\/p>\n","protected":false},"author":3,"featured_media":0,"parent":0,"menu_order":0,"comment_status":"closed","ping_status":"open","template":"","meta":[],"_links":{"self":[{"href":"https:\/\/mindforge.org\/pl\/wp-json\/wp\/v2\/pages\/45"}],"collection":[{"href":"https:\/\/mindforge.org\/pl\/wp-json\/wp\/v2\/pages"}],"about":[{"href":"https:\/\/mindforge.org\/pl\/wp-json\/wp\/v2\/types\/page"}],"author":[{"embeddable":true,"href":"https:\/\/mindforge.org\/pl\/wp-json\/wp\/v2\/users\/3"}],"replies":[{"embeddable":true,"href":"https:\/\/mindforge.org\/pl\/wp-json\/wp\/v2\/comments?post=45"}],"version-history":[{"count":10,"href":"https:\/\/mindforge.org\/pl\/wp-json\/wp\/v2\/pages\/45\/revisions"}],"predecessor-version":[{"id":750,"href":"https:\/\/mindforge.org\/pl\/wp-json\/wp\/v2\/pages\/45\/revisions\/750"}],"wp:attachment":[{"href":"https:\/\/mindforge.org\/pl\/wp-json\/wp\/v2\/media?parent=45"}],"curies":[{"name":"wp","href":"https:\/\/api.w.org\/{rel}","templated":true}]}}