{"id":51,"date":"2013-09-26T22:32:24","date_gmt":"2013-09-26T20:32:24","guid":{"rendered":"http:\/\/www.mindforge.org\/?page_id=51"},"modified":"2018-07-19T00:19:17","modified_gmt":"2018-07-19T00:19:17","slug":"about-mf","status":"publish","type":"page","link":"https:\/\/mindforge.org\/pl\/about-mf\/","title":{"rendered":"O MindForge"},"content":{"rendered":"<p>Sie\u0107 IRC <strong>MindForge<\/strong> zosta\u0142a utworzona 15 marca 2005 roku. Istnieje jako u\u0142atwienie dla spo\u0142eczno\u015bci projekt\u00f3w Open Source oraz Free Software i zapewnia miejsce gdzie cz\u0142onkowie tych spo\u0142eczno\u015bci mog\u0105 si\u0119 dzieli\u0107, komunikowa\u0107 i wymienia\u0107 pomys\u0142ami. Zapewniamy tak\u017ce miejsce do spotka\u0144 nowych rozm\u00f3wc\u00f3w.<\/p>\n<p>Wszystkie nielegalne dzia\u0142alno\u015bci, warezy, XDCC, FTP, hax0r i dzia\u0142alno\u015b\u0107 komercyjna tak samo jak r\u00f3\u017cne typy antyspo\u0142ecznych zachowa\u0144 s\u0105 zabronione na tej sieci.<\/p>\n<p>Poznasz MindForge jako przyjazn\u0105 sie\u0107 IRC. Mamy nadziej\u0119, \u017ce b\u0119dziesz <span style=\"text-decoration: underline;\">zadowolony<\/span> z pobytu! Witamy i najwa\u017cniejsze: baw si\u0119 dobrze! :D<\/p>","protected":false},"excerpt":{"rendered":"<p>Sie\u0107 IRC MindForge zosta\u0142a utworzona 15 marca 2005 roku. Istnieje jako u\u0142atwienie dla spo\u0142eczno\u015bci projekt\u00f3w Open Source oraz Free Software i zapewnia miejsce gdzie cz\u0142onkowie tych spo\u0142eczno\u015bci mog\u0105 si\u0119 dzieli\u0107, komunikowa\u0107 i wymienia\u0107 pomys\u0142ami. Zapewniamy tak\u017ce miejsce do spotka\u0144 nowych &hellip;<\/p>\n<p class=\"read-more\"><a href=\"https:\/\/mindforge.org\/pl\/about-mf\/\">Czytaj wi\u0119cej &raquo;<\/a><\/p>\n","protected":false},"author":3,"featured_media":0,"parent":0,"menu_order":0,"comment_status":"closed","ping_status":"open","template":"","meta":[],"_links":{"self":[{"href":"https:\/\/mindforge.org\/pl\/wp-json\/wp\/v2\/pages\/51"}],"collection":[{"href":"https:\/\/mindforge.org\/pl\/wp-json\/wp\/v2\/pages"}],"about":[{"href":"https:\/\/mindforge.org\/pl\/wp-json\/wp\/v2\/types\/page"}],"author":[{"embeddable":true,"href":"https:\/\/mindforge.org\/pl\/wp-json\/wp\/v2\/users\/3"}],"replies":[{"embeddable":true,"href":"https:\/\/mindforge.org\/pl\/wp-json\/wp\/v2\/comments?post=51"}],"version-history":[{"count":5,"href":"https:\/\/mindforge.org\/pl\/wp-json\/wp\/v2\/pages\/51\/revisions"}],"predecessor-version":[{"id":747,"href":"https:\/\/mindforge.org\/pl\/wp-json\/wp\/v2\/pages\/51\/revisions\/747"}],"wp:attachment":[{"href":"https:\/\/mindforge.org\/pl\/wp-json\/wp\/v2\/media?parent=51"}],"curies":[{"name":"wp","href":"https:\/\/api.w.org\/{rel}","templated":true}]}}