{"id":63,"date":"2013-09-27T00:44:45","date_gmt":"2013-09-26T22:44:45","guid":{"rendered":"http:\/\/www.mindforge.org\/?page_id=63"},"modified":"2018-07-19T00:38:18","modified_gmt":"2018-07-19T00:38:18","slug":"servers","status":"publish","type":"page","link":"https:\/\/mindforge.org\/pl\/servers\/","title":{"rendered":"Serwery"},"content":{"rendered":"<p><span style=\"color: #00008b;\"><strong>Po\u0142\u0105czenie<br \/>\n<\/strong><\/span><\/p>\n<p>Aby po\u0142\u0105czy\u0107 si\u0119 do MindForge, najbardziej rekomendujemy u\u017cywanie g\u0142\u00f3wnego adresu sieci:<\/p>\n<ul>\n<li><a href=\"irc:\/\/irc.mindforge.org\">irc.MindForge.org<\/a><\/li>\n<\/ul>\n<p>Wszystkie nasze serwery przyjmuj\u0105 po\u0142\u0105czenia poprzez port <strong>6667<\/strong> i <strong>6669 <\/strong>dla zwyk\u0142ych po\u0142\u0105cze\u0144 oraz <strong>6697<\/strong> dla po\u0142\u0105cze\u0144 <a href=\"#ssl\">SSL<\/a>. Obecnie obs\u0142ugiwane s\u0105 tylko po\u0142\u0105czenia <strong>IPv4<\/strong>.<br \/>\nMaksymalna ilo\u015b\u0107 po\u0142\u0105cze\u0144 z jednego adresu IP to <strong>3<\/strong>. Jest mo\u017cliwe poproszenie o zwi\u0119kszenie limitu dla po\u0142\u0105cze\u0144 statycznych w <span style=\"text-decoration: underline;\">specjalnych wypadkach<\/span> (BNC, shelle itp.) na kanale pomocy.<\/p>\n<p><span style=\"color: #00008b;\"><strong>Wsp\u00f3\u0142praca<br \/>\n<\/strong><\/span><\/p>\n<p>Je\u017celi jeste\u015b zainteresowany zlinkowaniem serwera do MindForge zapoznaj si\u0119 z <a title=\"Linking\" href=\"http:\/\/www.mindforge.org\/pl\/linking\/\">aplikacj\u0105 zlinkowania<\/a>.<\/p>\n<p><span style=\"color: #00008b;\"><strong>Skaner proxy<br \/>\n<\/strong><\/span><\/p>\n<p>Wszystkie po\u0142\u0105czenia do sieci s\u0105 skanowane w celu sprawdzenia proxy i innych typ\u00f3w niebezpiecznych po\u0142\u0105cze\u0144. Je\u017celi nie zgadzasz si\u0119 na tego typu skanowania prosz\u0119 roz\u0142\u0105cz si\u0119 teraz z sieci\u0105.<br \/>\nOtwarte proxy s\u0105 automatycznie banowane. Je\u017celi uwa\u017casz, \u017ce ban zosta\u0142 dany przez pomy\u0142k\u0119 prosz\u0119 poinformuj nas u\u017cyw\u0105jac linku zamieszczonego w powodzie zbanowania.<\/p>\n<p><a name=\"ssl\"><\/a><span style=\"color: #00008b;\"><strong>SSL<br \/>\n<\/strong><\/span><\/p>\n<p>SSL jest protoko\u0142em szyfruj\u0105cym, kt\u00f3ry mo\u017ce zapewni\u0107 bezpieczn\u0105 komunikacj\u0119 w internecie. Mo\u017cesz po\u0142\u0105czy\u0107 si\u0119 do naszej sieci IRC u\u017cywaj\u0105c szyfrowanego po\u0142\u0105czenia poprzez port <strong>6697<\/strong>. Wi\u0119kszo\u015b\u0107 klient\u00f3w IRC wspiera SSL (n.p. mIRC, XChat, KVIrc) jednak czasem musi on by\u0107 zainstalowany.<br \/>\nWersje <strong>OpenSSL<\/strong> dla u\u017cytkownik\u00f3w <span style=\"text-decoration: underline;\">Windowsa<\/span> s\u0105 dost\u0119pne <a href=\"http:\/\/slproweb.com\/products\/Win32OpenSSL.html\" target=\"_blank\" rel=\"noopener\">tutaj<\/a>. U\u017cytkownicy <span style=\"text-decoration: underline;\">Linuxa<\/span> musz\u0105 sprawdzi\u0107 czy jest on zainstalowany i je\u015bli tak sprawdzi\u0107 czy jest to najnowsza wersja. \u0179r\u00f3d\u0142a mo\u017cna znale\u017a\u0107 <a href=\"http:\/\/www.openssl.org\/source\/\" target=\"_blank\" rel=\"noopener\">tutaj<\/a>.<\/p>","protected":false},"excerpt":{"rendered":"<p>Po\u0142\u0105czenie Aby po\u0142\u0105czy\u0107 si\u0119 do MindForge, najbardziej rekomendujemy u\u017cywanie g\u0142\u00f3wnego adresu sieci: irc.MindForge.org Wszystkie nasze serwery przyjmuj\u0105 po\u0142\u0105czenia poprzez port 6667 i 6669 dla zwyk\u0142ych po\u0142\u0105cze\u0144 oraz 6697 dla po\u0142\u0105cze\u0144 SSL. Obecnie obs\u0142ugiwane s\u0105 tylko po\u0142\u0105czenia IPv4. Maksymalna ilo\u015b\u0107 po\u0142\u0105cze\u0144 &hellip;<\/p>\n<p class=\"read-more\"><a href=\"https:\/\/mindforge.org\/pl\/servers\/\">Czytaj wi\u0119cej &raquo;<\/a><\/p>\n","protected":false},"author":3,"featured_media":0,"parent":0,"menu_order":0,"comment_status":"closed","ping_status":"open","template":"","meta":[],"_links":{"self":[{"href":"https:\/\/mindforge.org\/pl\/wp-json\/wp\/v2\/pages\/63"}],"collection":[{"href":"https:\/\/mindforge.org\/pl\/wp-json\/wp\/v2\/pages"}],"about":[{"href":"https:\/\/mindforge.org\/pl\/wp-json\/wp\/v2\/types\/page"}],"author":[{"embeddable":true,"href":"https:\/\/mindforge.org\/pl\/wp-json\/wp\/v2\/users\/3"}],"replies":[{"embeddable":true,"href":"https:\/\/mindforge.org\/pl\/wp-json\/wp\/v2\/comments?post=63"}],"version-history":[{"count":9,"href":"https:\/\/mindforge.org\/pl\/wp-json\/wp\/v2\/pages\/63\/revisions"}],"predecessor-version":[{"id":754,"href":"https:\/\/mindforge.org\/pl\/wp-json\/wp\/v2\/pages\/63\/revisions\/754"}],"wp:attachment":[{"href":"https:\/\/mindforge.org\/pl\/wp-json\/wp\/v2\/media?parent=63"}],"curies":[{"name":"wp","href":"https:\/\/api.w.org\/{rel}","templated":true}]}}