{"id":74,"date":"2013-09-27T15:52:45","date_gmt":"2013-09-27T13:52:45","guid":{"rendered":"http:\/\/www.mindforge.org\/?page_id=74"},"modified":"2018-07-19T00:40:10","modified_gmt":"2018-07-19T00:40:10","slug":"services","status":"publish","type":"page","link":"https:\/\/mindforge.org\/pl\/services\/","title":{"rendered":"Serwisy"},"content":{"rendered":"<p><span style=\"color: #00008b;\"><strong>Anope<br \/>\n<\/strong><\/span><\/p>\n<p>Sie\u0107 MindForge korzysta aktualnie z serwis\u00f3w Anope.<\/p>\n<ul>\n<li><strong>NickServ<\/strong>: dla rejestracji i obs\u0142ugi pseudonim\u00f3w.<\/li>\n<li><strong>ChanServ<\/strong>: dla rejestracji i zarz\u0105dzania kana\u0142ami.<\/li>\n<li><strong>MemoServ<\/strong>: pozwala u\u017cytkownikom na wysy\u0142anie wiadomo\u015bci do innych u\u017cytkownik\u00f3w oraz kana\u0142\u00f3w.<\/li>\n<li><strong>HostServ<\/strong>: dla zarz\u0105dzania wirtualnymi hostami.<\/li>\n<li><strong>BotServ<\/strong>: do obs\u0142ugi bot\u00f3w.<\/li>\n<li><strong>OperServ<\/strong>: dla zarz\u0105dzania sieci\u0105 (dost\u0119pne tylko dla ekipy sieci).<\/li>\n<\/ul>\n<p>Aby uzyska\u0107 wi\u0119cej informacji, wpisz \"\/msg HELP <em>NazwaSerwisu<\/em>\" lub sprawd\u017a <a href=\"https:\/\/wiki.anope.org\/index.php\/2.0\/Modules\" target=\"_blank\" rel=\"noopener\">podr\u0119cznik internetowy<\/a> dost\u0119pny na stronie Anope.<\/p>","protected":false},"excerpt":{"rendered":"<p>Anope Sie\u0107 MindForge korzysta aktualnie z serwis\u00f3w Anope. NickServ: dla rejestracji i obs\u0142ugi pseudonim\u00f3w. ChanServ: dla rejestracji i zarz\u0105dzania kana\u0142ami. MemoServ: pozwala u\u017cytkownikom na wysy\u0142anie wiadomo\u015bci do innych u\u017cytkownik\u00f3w oraz kana\u0142\u00f3w. HostServ: dla zarz\u0105dzania wirtualnymi hostami. BotServ: do obs\u0142ugi bot\u00f3w. &hellip;<\/p>\n<p class=\"read-more\"><a href=\"https:\/\/mindforge.org\/pl\/services\/\">Czytaj wi\u0119cej &raquo;<\/a><\/p>\n","protected":false},"author":3,"featured_media":0,"parent":0,"menu_order":0,"comment_status":"closed","ping_status":"open","template":"","meta":[],"_links":{"self":[{"href":"https:\/\/mindforge.org\/pl\/wp-json\/wp\/v2\/pages\/74"}],"collection":[{"href":"https:\/\/mindforge.org\/pl\/wp-json\/wp\/v2\/pages"}],"about":[{"href":"https:\/\/mindforge.org\/pl\/wp-json\/wp\/v2\/types\/page"}],"author":[{"embeddable":true,"href":"https:\/\/mindforge.org\/pl\/wp-json\/wp\/v2\/users\/3"}],"replies":[{"embeddable":true,"href":"https:\/\/mindforge.org\/pl\/wp-json\/wp\/v2\/comments?post=74"}],"version-history":[{"count":7,"href":"https:\/\/mindforge.org\/pl\/wp-json\/wp\/v2\/pages\/74\/revisions"}],"predecessor-version":[{"id":755,"href":"https:\/\/mindforge.org\/pl\/wp-json\/wp\/v2\/pages\/74\/revisions\/755"}],"wp:attachment":[{"href":"https:\/\/mindforge.org\/pl\/wp-json\/wp\/v2\/media?parent=74"}],"curies":[{"name":"wp","href":"https:\/\/api.w.org\/{rel}","templated":true}]}}