{"id":125,"date":"2013-10-02T22:35:51","date_gmt":"2013-10-02T20:35:51","guid":{"rendered":"http:\/\/www.mindforge.org\/?page_id=125"},"modified":"2018-07-19T00:41:27","modified_gmt":"2018-07-19T00:41:27","slug":"support","status":"publish","type":"page","link":"https:\/\/mindforge.org\/pt\/support\/","title":{"rendered":"Suporte"},"content":{"rendered":"<p>A MindForge inclui m\u00faltiplos canais para suporte a utilizadores que necessitam de ajuda. A lista de canais oficiais encontra-se detalhada de seguida.<\/p>\n<p><strong><span style=\"color: #00008b;\">#MindForge<\/span><\/strong><\/p>\n<p>Este \u00e9 o canal oficial de suporte da MindForge, e disponibiliza ajuda para quaisquer problemas relacionados com a gest\u00e3o da rede e perguntas sobre novas liga\u00e7\u00f5es de servidores. Por favor, n\u00e3o chame pelos nicks ou abra mensagem privada com os operadores; entre no canal, exponha a sua quest\u00e3o ou problema, e seja paciente.<\/p>\n<p><strong><span style=\"color: #00008b;\">#MindForge-Chat<\/span><\/strong><\/p>\n<p>O canal oficial de chat da MindForge. Os utilizadores podem entrar neste canal para fazer perguntas relacionadas com o IRC. Para al\u00e9m disso, lembre-se que o IRC \u00e9 suposto ser divertido, por isso sinta-se a vontade para falar e conhecer novas pessoas.<\/p>\n<p><strong><span style=\"color: #00008b;\">#MindForge-VHosts<\/span><\/strong><\/p>\n<p>Este \u00e9 o canal oficial para pedidos de hosts virtuais. Consulte as <a title=\"VHosts\" href=\"http:\/\/www.mindforge.org\/pt\/vhosts\/\">regras de hosts virtuais<\/a> para mais informa\u00e7\u00f5es.<\/p>","protected":false},"excerpt":{"rendered":"<p>A MindForge inclui m\u00faltiplos canais para suporte a utilizadores que necessitam de ajuda. A lista de canais oficiais encontra-se detalhada de seguida. #MindForge Este \u00e9 o canal oficial de suporte da MindForge, e disponibiliza ajuda para quaisquer problemas relacionados com &hellip;<\/p>\n<p class=\"read-more\"><a href=\"https:\/\/mindforge.org\/pt\/support\/\">Ler mais &raquo;<\/a><\/p>\n","protected":false},"author":3,"featured_media":0,"parent":0,"menu_order":0,"comment_status":"closed","ping_status":"open","template":"","meta":[],"_links":{"self":[{"href":"https:\/\/mindforge.org\/pt\/wp-json\/wp\/v2\/pages\/125"}],"collection":[{"href":"https:\/\/mindforge.org\/pt\/wp-json\/wp\/v2\/pages"}],"about":[{"href":"https:\/\/mindforge.org\/pt\/wp-json\/wp\/v2\/types\/page"}],"author":[{"embeddable":true,"href":"https:\/\/mindforge.org\/pt\/wp-json\/wp\/v2\/users\/3"}],"replies":[{"embeddable":true,"href":"https:\/\/mindforge.org\/pt\/wp-json\/wp\/v2\/comments?post=125"}],"version-history":[{"count":8,"href":"https:\/\/mindforge.org\/pt\/wp-json\/wp\/v2\/pages\/125\/revisions"}],"predecessor-version":[{"id":756,"href":"https:\/\/mindforge.org\/pt\/wp-json\/wp\/v2\/pages\/125\/revisions\/756"}],"wp:attachment":[{"href":"https:\/\/mindforge.org\/pt\/wp-json\/wp\/v2\/media?parent=125"}],"curies":[{"name":"wp","href":"https:\/\/api.w.org\/{rel}","templated":true}]}}