{"id":148,"date":"2013-10-04T15:43:51","date_gmt":"2013-10-04T13:43:51","guid":{"rendered":"http:\/\/www.mindforge.org\/?page_id=148"},"modified":"2018-07-19T00:32:44","modified_gmt":"2018-07-19T00:32:44","slug":"rules","status":"publish","type":"page","link":"https:\/\/mindforge.org\/pt\/rules\/","title":{"rendered":"Regras"},"content":{"rendered":"<p>Para permanecer na MindForge, tem de seguir todas as regras da rede. O seu desrespeito cont\u00ednuo e prolongado resultar\u00e1 numa nega\u00e7\u00e3o de acesso \u00e0 rede atrav\u00e9s de um ban.<\/p>\n<p>Se uma regra n\u00e3o \u00e9 expl\u00edcita numa dada situa\u00e7\u00e3o, o staff da rede ir\u00e1 ponderar e decidir qual o procedimento mais apropriado para resolver o problema. Por favor tenha bom senso, n\u00e3o caia no erro de tentar desrespeitar as regras originais interpretando-as de outra forma.<\/p>\n<p><span style=\"color: #00008b;\"><strong>Regras da rede<\/strong><\/span><\/p>\n<ul>\n<li>1. N\u00e3o <strong>molestar<\/strong> ou <strong>provocar<\/strong> outros usu\u00e1rios.<\/li>\n<\/ul>\n<ul>\n<li>2. N\u00e3o \u00e9 permitido <strong>racismo<\/strong>, <strong>sexismo<\/strong>, ou algo que incite o <strong>\u00f3dio<\/strong>, <strong>discrimina\u00e7\u00e3o<\/strong> ou <strong>abuso<\/strong>.<\/li>\n<\/ul>\n<ul>\n<li>3.<strong> Pedofilia<\/strong> e <strong>pornografia<\/strong> s\u00e3o totalmente proibidos.<\/li>\n<\/ul>\n<ul>\n<li>4. N\u00e3o \u00e9 permitido fazer <strong>spam<\/strong> de canais, websites ou outras redes de IRC.<br \/>\nSpam \u00e9 interpretado como sendo o ato enviar mensagens irrelevantes e inoportunas indiscriminadamente, especialmente para publicitar algo. A MindForge utiliza filtros para bloquear estas mensagens, protegendo os seus utilizadores de sites maliciosos, servidores de ficheiros e outros servi\u00e7os. Se acredita que um ban foi err\u00f3neo, por favor <a title=\"Contact us\" href=\"http:\/\/www.mindforge.org\/pt\/contact-us\/\">contacte-nos<\/a>.<\/li>\n<\/ul>\n<ul>\n<li>5. N\u00e3o fa\u00e7a <strong>flooding<\/strong>.<br \/>\nFlooding consiste no envio repetido de grandes quantidades de informa\u00e7\u00e3o (texto, ctcp, join\/part, mudan\u00e7a de nick\u2026) num curto per\u00edodo de tempo sem uma raz\u00e3o v\u00e1lida.<\/li>\n<\/ul>\n<ul>\n<li>6. N\u00e3o tente <strong>roubar<\/strong> <strong>nicks<\/strong> ou <strong>canais<\/strong> registados.<\/li>\n<\/ul>\n<ul>\n<li>7. N\u00e3o <strong>abuse<\/strong> no n\u00famero de liga\u00e7\u00f5es.<\/li>\n<\/ul>\n<ul>\n<li>8. Ligar-se atrav\u00e9s de <strong>liga\u00e7\u00f5es inseguras<\/strong> n\u00e3o \u00e9 permitido.<br \/>\nConsulte a p\u00e1gina de <a title=\"Servers\" href=\"http:\/\/www.mindforge.org\/pt\/servers\/\">servidores<\/a> para mais informa\u00e7\u00f5es sobre o verificador de proxy da MindForge.<\/li>\n<\/ul>\n<ul>\n<li>9. N\u00e3o tente <strong>escapar<\/strong> a <strong>bans<\/strong> da rede ou de canais.<br \/>\nTer\u00e1 de esperar at\u00e9 o ban ser removido.<\/li>\n<\/ul>\n<ul>\n<li>10.<strong> Warez<\/strong>, <strong>XDCC<\/strong>, <strong>FTP<\/strong>, <strong>hax0r<\/strong>, <strong>botnets<\/strong> e <strong>atividades comerciais<\/strong> n\u00e3o s\u00e3o permitidas nesta rede.<br \/>\nWarez refere-se principalmente \u00e0 distribui\u00e7\u00e3o ilegal de material protegido por direitos de autor, e pode ser interpretado como viola\u00e7\u00e3o das leis de direitos de autor. Como utilizador, \u00e9 sua obriga\u00e7\u00e3o respeitar a propriedade intelectual e as leis de direitos de autor.<\/li>\n<\/ul>\n<ul>\n<li>11. N\u00e3o tente, de forma alguma, <strong>enganar<\/strong> ou <strong>atacar<\/strong> outros utilizadores.<\/li>\n<\/ul>\n<ul>\n<li style=\"text-align: justify;\">12. N\u00e3o s\u00e3o permitidos <strong>ataques<\/strong> de nenhuma esp\u00e9cie.<br \/>\nDDoS, nuke, ICMP, hacking, v\u00edrus e distribui\u00e7\u00e3o de cavalos de troia...<\/li>\n<\/ul>\n<p><\/p>","protected":false},"excerpt":{"rendered":"<p>Para permanecer na MindForge, tem de seguir todas as regras da rede. O seu desrespeito cont\u00ednuo e prolongado resultar\u00e1 numa nega\u00e7\u00e3o de acesso \u00e0 rede atrav\u00e9s de um ban. Se uma regra n\u00e3o \u00e9 expl\u00edcita numa dada situa\u00e7\u00e3o, o staff &hellip;<\/p>\n<p class=\"read-more\"><a href=\"https:\/\/mindforge.org\/pt\/rules\/\">Ler mais &raquo;<\/a><\/p>\n","protected":false},"author":3,"featured_media":0,"parent":0,"menu_order":0,"comment_status":"closed","ping_status":"open","template":"","meta":[],"_links":{"self":[{"href":"https:\/\/mindforge.org\/pt\/wp-json\/wp\/v2\/pages\/148"}],"collection":[{"href":"https:\/\/mindforge.org\/pt\/wp-json\/wp\/v2\/pages"}],"about":[{"href":"https:\/\/mindforge.org\/pt\/wp-json\/wp\/v2\/types\/page"}],"author":[{"embeddable":true,"href":"https:\/\/mindforge.org\/pt\/wp-json\/wp\/v2\/users\/3"}],"replies":[{"embeddable":true,"href":"https:\/\/mindforge.org\/pt\/wp-json\/wp\/v2\/comments?post=148"}],"version-history":[{"count":13,"href":"https:\/\/mindforge.org\/pt\/wp-json\/wp\/v2\/pages\/148\/revisions"}],"predecessor-version":[{"id":751,"href":"https:\/\/mindforge.org\/pt\/wp-json\/wp\/v2\/pages\/148\/revisions\/751"}],"wp:attachment":[{"href":"https:\/\/mindforge.org\/pt\/wp-json\/wp\/v2\/media?parent=148"}],"curies":[{"name":"wp","href":"https:\/\/api.w.org\/{rel}","templated":true}]}}