{"id":159,"date":"2013-10-09T16:59:33","date_gmt":"2013-10-09T14:59:33","guid":{"rendered":"http:\/\/www.mindforge.org\/?page_id=159"},"modified":"2018-07-19T01:06:58","modified_gmt":"2018-07-19T01:06:58","slug":"vhosts","status":"publish","type":"page","link":"https:\/\/mindforge.org\/pt\/vhosts\/","title":{"rendered":"VHosts"},"content":{"rendered":"<p>Por raz\u00f5es de seguran\u00e7a e privacidade, os servidores da MindForge cifram o endere\u00e7o IP ou hostname de todos os utilizadores que se ligam \u00e0 rede, para que apenas os operadores de IRC possam ver, se necess\u00e1rio.<br \/>\nAl\u00e9m disso, a nossa rede fornece a possibilidade de associar vHosts (hosts virtuais) a nicks. Isto \u00e9 uma alternativa \u00e0 cifra por omiss\u00e3o que permite aos utilizadores personalizarem a sua pr\u00f3pria hostmask. Todas as vHosts para esta rede terminam com o dom\u00ednio MindForge.org (e.g. NetAdmin.MindForge.org).<br \/>\nAs vHosts s\u00e3o atribu\u00eddas a um nick espec\u00edfico, e <span style=\"text-decoration: underline;\">apenas uma vHost para um grupo de nicks \u00e9 permitida<\/span>. De seguida, explicitam-se as tr\u00eas alternativas para se obter uma vHost.<\/p>\n<p><strong><span style=\"color: #00008b;\">VHosts para o staff da MindForge<\/span><\/strong><\/p>\n<p>Todos os membros da equipa t\u00eam uma vHost atribu\u00edda, que \u00e9 diferente consoante o seu estatuto.<\/p>\n<ul>\n<li>NetAdmin.MindForge.org: para administradores da rede.<\/li>\n<li>ServicesAdmin.MindForge.org: para administradores dos servi\u00e7os.<\/li>\n<li>Country.IRCOp.MindForge.org: para operadores de IRC<\/li>\n<li>MF-Helpers.MindForge.org: para os ajudantes da MindForge.<\/li>\n<\/ul>\n<p><strong><span style=\"color: #00008b;\">VHosts para canais normais<\/span><\/strong><\/p>\n<p>Se voc\u00ea \u00e9 o dono de um canal, tamb\u00e9m pode ter vHosts com o formato <strong>Canal.MindForge.org<\/strong> para si e para os seus amigos (o nome do canal <span style=\"text-decoration: underline;\">n\u00e3o pode conter carateres especiais<\/span>).<\/p>\n<ul>\n<li>As vHosts s\u00e3o atribu\u00eddas ap\u00f3s um per\u00edodo de dois semanas em que um bot monitoriza o canal e calcula a m\u00e9dia de utilizadores. A m\u00e9dia corrente pode ser verificada no canal #MindForge-VHosts com o comando \"!average #Canal\".<\/li>\n<li>O canal tem de ter um m\u00ednimo de utilizadores. Canais com uma m\u00e9dia de <span style=\"text-decoration: underline;\">25<\/span>-44 utilizadores t\u00eam direito a <strong>5<\/strong> vHosts, e canais com <span style=\"text-decoration: underline;\">45<\/span> ou mais utilizadores t\u00eam direito a <strong>7<\/strong> vHosts. O n\u00famero de usu\u00e1rios <span style=\"text-decoration: underline;\">dever\u00e1 ser mantido<\/span> para que se mantenha as vHosts.<\/li>\n<li>Pedidos de vHosts para canais que utilizem clones, BNCs ou proxies para aumentar o n\u00famero de utilizadores <span style=\"text-decoration: underline;\">n\u00e3o ser\u00e3o aceites<\/span>.<\/li>\n<li>Canais e utilizadores problem\u00e1ticos n\u00e3o poder\u00e3o ter vHosts.<\/li>\n<li>O staff da MindForge reserva-se ao direito de verificar periodicamente que os canais que t\u00eam vHosts continuam a seguir os requisitos da rede; se tal n\u00e3o acontecer, as vHosts ser\u00e3o eliminadas.<\/li>\n<\/ul>\n<p>Contacte um membro da equipa da MindForge em #MindForge-VHosts para mais informa\u00e7\u00f5es e para iniciar o processo.<br \/>\nRecorda-se que <span style=\"text-decoration: underline;\">todas as altera\u00e7\u00f5es t\u00eam de ser pedidas pelo dono do canal<\/span>. Pedidos de utilizadores que tenham a password do canal mas n\u00e3o sejam fundadores oficiais ser\u00e3o ignorados.<\/p>\n<p><strong><span style=\"color: #00008b;\">VHosts para canais associados a projetos<\/span><\/strong><\/p>\n<p>Os membros dos projetos que contribuem para o crescimento da rede tamb\u00e9m podem ter vHosts. O formato da vHost \u00e9 o mesmo dos outros canais.<br \/>\nO administrador do projeto poder\u00e1 fazer o pedido de uma vHost para cada membro da sua equipa no canal #MindForge-VHosts.<br \/>\n<strong>Importante<\/strong>: o projeto tem de ser aceite pelos administradores da rede tal como \u00e9 explicado nas condi\u00e7\u00f5es para os projetos open source e outras comunidades. Veja a p\u00e1gina dos projetos para mais informa\u00e7\u00f5es.<\/p>","protected":false},"excerpt":{"rendered":"<p>Por raz\u00f5es de seguran\u00e7a e privacidade, os servidores da MindForge cifram o endere\u00e7o IP ou hostname de todos os utilizadores que se ligam \u00e0 rede, para que apenas os operadores de IRC possam ver, se necess\u00e1rio. Al\u00e9m disso, a nossa &hellip;<\/p>\n<p class=\"read-more\"><a href=\"https:\/\/mindforge.org\/pt\/vhosts\/\">Ler mais &raquo;<\/a><\/p>\n","protected":false},"author":3,"featured_media":0,"parent":0,"menu_order":0,"comment_status":"closed","ping_status":"open","template":"","meta":[],"_links":{"self":[{"href":"https:\/\/mindforge.org\/pt\/wp-json\/wp\/v2\/pages\/159"}],"collection":[{"href":"https:\/\/mindforge.org\/pt\/wp-json\/wp\/v2\/pages"}],"about":[{"href":"https:\/\/mindforge.org\/pt\/wp-json\/wp\/v2\/types\/page"}],"author":[{"embeddable":true,"href":"https:\/\/mindforge.org\/pt\/wp-json\/wp\/v2\/users\/3"}],"replies":[{"embeddable":true,"href":"https:\/\/mindforge.org\/pt\/wp-json\/wp\/v2\/comments?post=159"}],"version-history":[{"count":9,"href":"https:\/\/mindforge.org\/pt\/wp-json\/wp\/v2\/pages\/159\/revisions"}],"predecessor-version":[{"id":758,"href":"https:\/\/mindforge.org\/pt\/wp-json\/wp\/v2\/pages\/159\/revisions\/758"}],"wp:attachment":[{"href":"https:\/\/mindforge.org\/pt\/wp-json\/wp\/v2\/media?parent=159"}],"curies":[{"name":"wp","href":"https:\/\/api.w.org\/{rel}","templated":true}]}}