{"id":191,"date":"2013-10-19T02:52:14","date_gmt":"2013-10-19T00:52:14","guid":{"rendered":"http:\/\/www.mindforge.org\/?page_id=191"},"modified":"2018-07-19T00:21:57","modified_gmt":"2018-07-19T00:21:57","slug":"contact-us","status":"publish","type":"page","link":"https:\/\/mindforge.org\/pt\/contact-us\/","title":{"rendered":"Contacte-nos"},"content":{"rendered":"<p>H\u00e1 muitas alternativas para contactar a equipa MindForge. Escolha o m\u00e9todo mais apropriado, dependendo da raz\u00e3o pela qual nos quer contactar.<\/p>\n<p><strong><span style=\"color: #00008b;\">Ajuda no IRC<br \/>\n<\/span><\/strong><\/p>\n<p>Por favor leia a p\u00e1gina de <a title=\"Support\" href=\"http:\/\/www.mindforge.org\/en\/support\/\">suporte<\/a> para saber mais sobre as op\u00e7\u00f5es de ajuda dispon\u00edveis.<\/p>\n<p><a name=\"banned\"><\/a><strong><span style=\"color: #00008b;\">Banido?<\/span><\/strong><\/p>\n<p>ISe acha que foi banido da rede erradamente, pode-nos alertar enviando um email para <img decoding=\"async\" loading=\"lazy\" id=\"imgmail\" class=\"alignnone\" src=\"http:\/\/www.mindforge.org\/wp-content\/themes\/zbench\/images\/akill.gif\" alt=\"\" width=\"120\" height=\"17\" \/> explicando o que aconteceu. Lembre-se de incluir a seguinte informa\u00e7\u00e3o na mensagem, para que possamos analisar o seu caso:<\/p>\n<ul style=\"text-align: justify;\">\n<li><strong>Nick<\/strong>.<\/li>\n<li>Endere\u00e7o <strong>IP<\/strong>.<\/li>\n<li><strong>Data e hora<\/strong> em que o ban foi posto (incluindo o seu fuso hor\u00e1rio ou pa\u00eds).<\/li>\n<li><strong>Raz\u00e3o<\/strong> para a probi\u00e7\u00e3o inclu\u00edda na mensagem de ban.<\/li>\n<li><strong>Quem<\/strong> adicionou o ban (se souber ou suspeitar).<\/li>\n<li><strong>O que estava a fazer<\/strong> no momento antes de ser banido.<\/li>\n<\/ul>\n<p><strong><span style=\"color: #00008b;\">Outros problemas<br \/>\n<\/span><\/strong><\/p>\n<p>Se precisar de contactar um administrador da rede, por favor envie um e-mail para <img decoding=\"async\" loading=\"lazy\" id=\"imgmail\" class=\"alignnone\" src=\"http:\/\/www.mindforge.org\/wp-content\/themes\/zbench\/images\/contact.gif\" alt=\"\" width=\"143\" height=\"17\" \/>.<\/p>","protected":false},"excerpt":{"rendered":"<p>H\u00e1 muitas alternativas para contactar a equipa MindForge. Escolha o m\u00e9todo mais apropriado, dependendo da raz\u00e3o pela qual nos quer contactar. Ajuda no IRC Por favor leia a p\u00e1gina de suporte para saber mais sobre as op\u00e7\u00f5es de ajuda dispon\u00edveis. &hellip;<\/p>\n<p class=\"read-more\"><a href=\"https:\/\/mindforge.org\/pt\/contact-us\/\">Ler mais &raquo;<\/a><\/p>\n","protected":false},"author":3,"featured_media":0,"parent":0,"menu_order":0,"comment_status":"closed","ping_status":"open","template":"","meta":[],"_links":{"self":[{"href":"https:\/\/mindforge.org\/pt\/wp-json\/wp\/v2\/pages\/191"}],"collection":[{"href":"https:\/\/mindforge.org\/pt\/wp-json\/wp\/v2\/pages"}],"about":[{"href":"https:\/\/mindforge.org\/pt\/wp-json\/wp\/v2\/types\/page"}],"author":[{"embeddable":true,"href":"https:\/\/mindforge.org\/pt\/wp-json\/wp\/v2\/users\/3"}],"replies":[{"embeddable":true,"href":"https:\/\/mindforge.org\/pt\/wp-json\/wp\/v2\/comments?post=191"}],"version-history":[{"count":25,"href":"https:\/\/mindforge.org\/pt\/wp-json\/wp\/v2\/pages\/191\/revisions"}],"predecessor-version":[{"id":749,"href":"https:\/\/mindforge.org\/pt\/wp-json\/wp\/v2\/pages\/191\/revisions\/749"}],"wp:attachment":[{"href":"https:\/\/mindforge.org\/pt\/wp-json\/wp\/v2\/media?parent=191"}],"curies":[{"name":"wp","href":"https:\/\/api.w.org\/{rel}","templated":true}]}}