{"id":2,"date":"2013-09-25T18:04:58","date_gmt":"2013-09-25T16:04:58","guid":{"rendered":"http:\/\/www.mindforge.org\/?page_id=2"},"modified":"2018-07-19T01:21:39","modified_gmt":"2018-07-19T01:21:39","slug":"staff","status":"publish","type":"page","link":"https:\/\/mindforge.org\/pt\/staff\/","title":{"rendered":"Staff"},"content":{"rendered":"<p><strong><span style=\"color: #00008b;\">Administradores da rede<\/span><br \/>\n<\/strong><\/p>\n<ul>\n<li>Fill (Portugal)<\/li>\n<\/ul>\n<p><span style=\"color: #00008b;\"><strong>Administradores dos servi\u00e7os<\/strong><\/span><\/p>\n<ul>\n<li>Moot (Espanha)<\/li>\n<li>Ni|]mA]|CiR| (It\u00e1lia)<\/li>\n<li>pralinka (Pol\u00f3nia)<\/li>\n<\/ul>\n<p><span style=\"color: #00008b;\"><strong>Operadores de IRC<\/strong><\/span><\/p>\n<ul>\n<li>albator (Fran\u00e7a)<\/li>\n<li>babapapa (Alemanha)<\/li>\n<li>keops (Portugal)<\/li>\n<li>lievaapje (Holanda)<\/li>\n<li>Pcworld (It\u00e1lia)<\/li>\n<li>Principe_Oscuro (It\u00e1lia)<\/li>\n<li>Rusty (Estados Unidos)<\/li>\n<li>sara_e (It\u00e1lia)<\/li>\n<li>Shutting`Down (Fran\u00e7a)<\/li>\n<li>Trooper (Brasil)<\/li>\n<li>Xp4ever (Espanha)<\/li>\n<\/ul>\n<p><strong><span style=\"color: #00008b;\">Ajudantes<\/span><\/strong><\/p>\n<ul>\n<li>AlexTa (Espanha)<\/li>\n<li>Bax (It\u00e1lia)<\/li>\n<li>Beefhart (Holanda)<\/li>\n<li>enzzo (Fran\u00e7a)<\/li>\n<li>Macros (Reino Unido)<\/li>\n<li>Marko50 (Alemanha)<\/li>\n<li>PerfumeOfJasmine (Argentina)<\/li>\n<li>Roystorm (It\u00e1lia)<\/li>\n<li>SarcASticA (Espanha)<\/li>\n<\/ul>\n<p><span style=\"color: #00008b;\"><strong>Membros antigos<\/strong><\/span><\/p>\n<ul>\n<li>Andastra (Administrador de rede, Alemanha)<\/li>\n<li>BEN (Administrador de rede, Alemanha)<\/li>\n<li>Bri1977 (Administrador de rede, Reino Unido)<\/li>\n<li>Cavendish (Administrador de rede, Alemanha)<\/li>\n<li>redz (Administrador de rede e fundador, Alemanha)<\/li>\n<li>feroz (Administrador de rede e fundador, Fran\u00e7a)<\/li>\n<li>kayfam (Administrador de rede e fundador, Estados Unidos)<\/li>\n<li>Michal (Administrador de rede, Pol\u00f3nia)<\/li>\n<li>Monk (Administrador de rede, Alemanha)<\/li>\n<li>TigerKatziTatzi (Administrador de rede e fundador, Alemanha)<\/li>\n<li>toolx (Administrador de rede e fundador, Alemanha)<\/li>\n<li>Yumgui (Administrador de rede e fundador, Estados Unidos\/Fran\u00e7a)<\/li>\n<li>dede441 (Administrador de servi\u00e7os, Fran\u00e7a)<\/li>\n<li>Duplex (Administrador de servi\u00e7os e fundador, Alemanha)<\/li>\n<li>Jo]{er (Administrador de servi\u00e7os, Fran\u00e7a)<\/li>\n<li>littledevil (Administrador de servi\u00e7os, Alemanha)<\/li>\n<li>LuGas (Administrador de servi\u00e7os, Portugal)<\/li>\n<li>Myxin (Administrador de servi\u00e7os, It\u00e1lia\/Alemanha)<\/li>\n<li>seeleen (Administrador de servi\u00e7os, Alemanha)<\/li>\n<li>TamOShanter (Administrador de servi\u00e7os e fundador, Austr\u00e1lia)<\/li>\n<li>ToM (Administrador de servi\u00e7os, Fran\u00e7a)<\/li>\n<li>Verena (Administrador de servi\u00e7os, Alemanha)<\/li>\n<li>KiTsUnE (Administrador de servidor, Espanha)<\/li>\n<li>Kobretti (Administrador de servidor, Pol\u00f3nia)<\/li>\n<li>MuuuH (Administrador de servidor, Alemanha)<\/li>\n<li>nobody (Administrador de servidor, It\u00e1lia)<\/li>\n<li>SpecAgntSmith (Administrador de servidor, Alemanha)<\/li>\n<li>stumper (Administrador de servidor, Espanha)<\/li>\n<li>Xena (Administrador de servidor, Alemanha)<\/li>\n<li>AcHaNtA (Operador de IRC, Fran\u00e7a)<\/li>\n<li>aspo (Operador de IRC, Turquia)<\/li>\n<li>BlackHorse (Operador de IRC, Est\u00f3nia)<\/li>\n<li>BlueRose (Operador de IRC, Sui\u00e7a)<\/li>\n<li>BOFH (Operador de IRC, It\u00e1lia)<\/li>\n<li>ChrisToOCool (Operador de IRC, Fran\u00e7a)<\/li>\n<li>Firefox_Rulez (Operador de IRC, It\u00e1lia)<\/li>\n<li>Horstl (Operador de IRC, Alemanha)<\/li>\n<li>KerneL (Operador de IRC, It\u00e1lia)<\/li>\n<li>kofee (Operador de IRC, Fran\u00e7a)<\/li>\n<li>krashan (Operador de IRC, Pol\u00f3nia)<\/li>\n<li>LULE (Operador de IRC, It\u00e1lia)<\/li>\n<li>Madmax75adsl (Operador de IRC, It\u00e1lia)<\/li>\n<li>MauritZ (Operador de IRC, It\u00e1lia)<\/li>\n<li>Mythos (Operador de IRC, Gr\u00e9cia)<\/li>\n<li>Punker (Operador de IRC, Espanha)<\/li>\n<li>Quanta (Operador de IRC, Fran\u00e7a)<\/li>\n<li>Seifer (Operador de IRC, It\u00e1lia)<\/li>\n<li>ShreCk (Operador de IRC, Fran\u00e7a)<\/li>\n<li>twelve (Operador de IRC, It\u00e1lia)<\/li>\n<li>vroni (Operador de IRC, Alemanha)<\/li>\n<li>bLaCk_KniGhT (Ajudante, Turquia)<\/li>\n<li>blackmoumout (Ajudante, Fran\u00e7a)<\/li>\n<li>BmF (Ajudante, Portugal)<\/li>\n<li>CriminalNephilim (Ajudante, It\u00e1lia)<\/li>\n<li>CSL (Ajudante, Estados Unidos)<\/li>\n<li>frix (Ajudante, Holanda)<\/li>\n<li>Kry (Ajudante, Espanha)<\/li>\n<li>mariouma (Ajudante, Tun\u00edsia)<\/li>\n<li>ScorPioN` (Ajudante, Fran\u00e7a)<\/li>\n<li>SL1030 (Ajudante, Alemanha)<\/li>\n<li>Spoke (Ajudante, It\u00e1lia)<\/li>\n<li>Stendhal (Ajudante, Turquia)<\/li>\n<li>The-Night (Ajudante, It\u00e1lia)<\/li>\n<li>zorro (Ajudante, It\u00e1lia)<\/li>\n<\/ul>\n<p><\/p>","protected":false},"excerpt":{"rendered":"<p>Administradores da rede Fill (Portugal) Administradores dos servi\u00e7os Moot (Espanha) Ni|]mA]|CiR| (It\u00e1lia) pralinka (Pol\u00f3nia) Operadores de IRC albator (Fran\u00e7a) babapapa (Alemanha) keops (Portugal) lievaapje (Holanda) Pcworld (It\u00e1lia) Principe_Oscuro (It\u00e1lia) Rusty (Estados Unidos) sara_e (It\u00e1lia) Shutting`Down (Fran\u00e7a) Trooper (Brasil) Xp4ever (Espanha) &hellip;<\/p>\n<p class=\"read-more\"><a href=\"https:\/\/mindforge.org\/pt\/staff\/\">Ler mais &raquo;<\/a><\/p>\n","protected":false},"author":3,"featured_media":0,"parent":0,"menu_order":0,"comment_status":"closed","ping_status":"closed","template":"","meta":[],"_links":{"self":[{"href":"https:\/\/mindforge.org\/pt\/wp-json\/wp\/v2\/pages\/2"}],"collection":[{"href":"https:\/\/mindforge.org\/pt\/wp-json\/wp\/v2\/pages"}],"about":[{"href":"https:\/\/mindforge.org\/pt\/wp-json\/wp\/v2\/types\/page"}],"author":[{"embeddable":true,"href":"https:\/\/mindforge.org\/pt\/wp-json\/wp\/v2\/users\/3"}],"replies":[{"embeddable":true,"href":"https:\/\/mindforge.org\/pt\/wp-json\/wp\/v2\/comments?post=2"}],"version-history":[{"count":38,"href":"https:\/\/mindforge.org\/pt\/wp-json\/wp\/v2\/pages\/2\/revisions"}],"predecessor-version":[{"id":760,"href":"https:\/\/mindforge.org\/pt\/wp-json\/wp\/v2\/pages\/2\/revisions\/760"}],"wp:attachment":[{"href":"https:\/\/mindforge.org\/pt\/wp-json\/wp\/v2\/media?parent=2"}],"curies":[{"name":"wp","href":"https:\/\/api.w.org\/{rel}","templated":true}]}}