{"id":45,"date":"2013-09-26T20:45:55","date_gmt":"2013-09-26T18:45:55","guid":{"rendered":"http:\/\/www.mindforge.org\/?page_id=45"},"modified":"2018-07-19T00:26:32","modified_gmt":"2018-07-19T00:26:32","slug":"linking","status":"publish","type":"page","link":"https:\/\/mindforge.org\/pt\/linking\/","title":{"rendered":"Linking"},"content":{"rendered":"<p>Gostaria de ligar um novo servidor \u00e0 MindForge? N\u00f3s cri\u00e1mos um sistema que permite a quem quiser contribuir para a nossa rede que o fa\u00e7a disponibilizando um novo servidor. Mas antes de enviar os dados, <span style=\"text-decoration: underline;\">tem de satisfazer todos os seguintes requisitos<\/span>.<\/p>\n<p><strong><span style=\"color: #00008b;\">Requisitos do servidor<\/span><\/strong><\/p>\n<ul>\n<li>700GB de tr\u00e1fego mensal e largura de banda de 10Mbit\/second.<\/li>\n<li>Servidor dedicado ou VPS com um sistema operativo da fam\u00edlia UNIX.<\/li>\n<li>Alojamento est\u00e1vel.<\/li>\n<li>Disponibilidade das portas 6667, 6669, e 6697 para liga\u00e7\u00f5es SSL.<\/li>\n<li>Permiss\u00f5es para correr o IRCd no seu servidor.<\/li>\n<\/ul>\n<p><strong><span style=\"color: #00008b;\">O que esperamos de si<br \/>\n<\/span><\/strong><\/p>\n<ul>\n<li>Bom n\u00edvel de ingl\u00eas para comunicar.<\/li>\n<li>Experi\u00eancia com IRC. Gerir servidores, ser operador de IRC...<\/li>\n<li>Conhecimento de Linux. No m\u00ednimo, deve ter no\u00e7\u00e3o de alguns comandos b\u00e1sicos de shell para instalar e gerir o servidor.<\/li>\n<li>Deve ser conhecido na rede, a n\u00e3o ser que venha como fazendo parte de um projeto open source e respetiva equipa. N\u00e3o iremos aceitar candidaturas de pessoas que n\u00e3o conhecemos, por isso d\u00ea-nos algum tempo para nos ficarmos a conhecer e decidirmos se seria uma boa adi\u00e7\u00e3o \u00e0 equipa.<\/li>\n<li>Somos uma equipa altamente motivada e activa, logo, ficar inativo longos per\u00edodos de tempo n\u00e3o \u00e9 o que n\u00f3s queremos.<\/li>\n<li>Os operadores n\u00e3o decidem coisas importantes sozinhos. Se tem uma proposta ou uma ideia, diga-nos, e decidiremos como uma equipa.<\/li>\n<li>Ter\u00e1 de seguir as regras da rede e dos operadores de IRC. N\u00e3o toleramos qualquer tipo de abuso.<\/li>\n<\/ul>\n<p><strong><span style=\"color: #00008b;\">A candidatura<br \/>\n<\/span><\/strong><\/p>\n<ul>\n<li>Pedidos de liga\u00e7\u00f5es ser\u00e3o examinados e respondidos num per\u00edodo razo\u00e1vel de tempo. Para aprovar ou recusar, a equipa faz uma vota\u00e7\u00e3o.<\/li>\n<li>Se o pedido for aprovado, o servidor \u00e9 ligado e \u00e9 iniciado um per\u00edodo probat\u00f3rio de 30 dias.<\/li>\n<li>Durante o teste, o candidato tem o seu status de operador de IRC limitado (n\u00e3o pode usar o OperServ).<\/li>\n<li>Quando o per\u00edodo de testes termina, a equipa volta a votar para decidir.<\/li>\n<\/ul>\n<p style=\"text-align: center;\">Se ainda est\u00e1 interessado <a href=\"http:\/\/www.mindforge.org\/pt\/contact-us\/\">mande<\/a> a sua proposta.<\/p>\n<p><\/p>","protected":false},"excerpt":{"rendered":"<p>Gostaria de ligar um novo servidor \u00e0 MindForge? N\u00f3s cri\u00e1mos um sistema que permite a quem quiser contribuir para a nossa rede que o fa\u00e7a disponibilizando um novo servidor. Mas antes de enviar os dados, tem de satisfazer todos os &hellip;<\/p>\n<p class=\"read-more\"><a href=\"https:\/\/mindforge.org\/pt\/linking\/\">Ler mais &raquo;<\/a><\/p>\n","protected":false},"author":3,"featured_media":0,"parent":0,"menu_order":0,"comment_status":"closed","ping_status":"open","template":"","meta":[],"_links":{"self":[{"href":"https:\/\/mindforge.org\/pt\/wp-json\/wp\/v2\/pages\/45"}],"collection":[{"href":"https:\/\/mindforge.org\/pt\/wp-json\/wp\/v2\/pages"}],"about":[{"href":"https:\/\/mindforge.org\/pt\/wp-json\/wp\/v2\/types\/page"}],"author":[{"embeddable":true,"href":"https:\/\/mindforge.org\/pt\/wp-json\/wp\/v2\/users\/3"}],"replies":[{"embeddable":true,"href":"https:\/\/mindforge.org\/pt\/wp-json\/wp\/v2\/comments?post=45"}],"version-history":[{"count":10,"href":"https:\/\/mindforge.org\/pt\/wp-json\/wp\/v2\/pages\/45\/revisions"}],"predecessor-version":[{"id":750,"href":"https:\/\/mindforge.org\/pt\/wp-json\/wp\/v2\/pages\/45\/revisions\/750"}],"wp:attachment":[{"href":"https:\/\/mindforge.org\/pt\/wp-json\/wp\/v2\/media?parent=45"}],"curies":[{"name":"wp","href":"https:\/\/api.w.org\/{rel}","templated":true}]}}